{"id":143,"date":"2022-02-28T14:11:47","date_gmt":"2022-02-28T13:11:47","guid":{"rendered":"https:\/\/androchem-laboratories.com\/?page_id=143"},"modified":"2022-09-09T09:51:59","modified_gmt":"2022-09-09T08:51:59","slug":"knowledge-base","status":"publish","type":"page","link":"https:\/\/androchem-laboratories.com\/pl\/knowledge-base\/","title":{"rendered":"Baza wiedzy"},"content":{"rendered":"<div data-elementor-type=\"wp-page\" data-elementor-id=\"143\" class=\"elementor elementor-143\" data-elementor-settings=\"[]\">\n\t\t\t\t\t\t<div class=\"elementor-inner\">\n\t\t\t\t\t\t\t<div class=\"elementor-section-wrap\">\n\t\t\t\t\t\t\t<section class=\"elementor-section elementor-top-section elementor-element elementor-element-196d001 elementor-section-boxed elementor-section-height-default elementor-section-height-default\" data-id=\"196d001\" data-element_type=\"section\">\n\t\t\t\t\t\t<div class=\"elementor-container elementor-column-gap-default\">\n\t\t\t\t\t\t\t<div class=\"elementor-row\">\n\t\t\t\t\t<div class=\"elementor-column elementor-col-100 elementor-top-column elementor-element elementor-element-d0e38aa\" data-id=\"d0e38aa\" data-element_type=\"column\">\n\t\t\t<div class=\"elementor-column-wrap elementor-element-populated\">\n\t\t\t\t\t\t\t<div class=\"elementor-widget-wrap\">\n\t\t\t\t\t\t<div class=\"elementor-element elementor-element-c68c226 elementor-grid-2 elementor-grid-tablet-2 elementor-grid-mobile-1 elementor-posts--thumbnail-top elementor-posts--show-avatar elementor-card-shadow-yes elementor-posts__hover-gradient elementor-widget elementor-widget-posts\" data-id=\"c68c226\" data-element_type=\"widget\" data-settings=\"{&quot;cards_columns&quot;:&quot;2&quot;,&quot;pagination_type&quot;:&quot;numbers&quot;,&quot;cards_columns_tablet&quot;:&quot;2&quot;,&quot;cards_columns_mobile&quot;:&quot;1&quot;,&quot;cards_row_gap&quot;:{&quot;unit&quot;:&quot;px&quot;,&quot;size&quot;:35,&quot;sizes&quot;:[]},&quot;cards_row_gap_tablet&quot;:{&quot;unit&quot;:&quot;px&quot;,&quot;size&quot;:&quot;&quot;,&quot;sizes&quot;:[]},&quot;cards_row_gap_mobile&quot;:{&quot;unit&quot;:&quot;px&quot;,&quot;size&quot;:&quot;&quot;,&quot;sizes&quot;:[]}}\" data-widget_type=\"posts.cards\">\n\t\t\t\t<div class=\"elementor-widget-container\">\n\t\t\t\t\t<div class=\"elementor-posts-container elementor-posts elementor-posts--skin-cards elementor-grid\">\n\t\t\t\t<article class=\"elementor-post elementor-grid-item post-1220 post type-post status-publish format-standard has-post-thumbnail hentry category-uncategorized\">\n\t\t\t<div class=\"elementor-post__card\">\n\t\t\t\t<a class=\"elementor-post__thumbnail__link\" href=\"https:\/\/androchem-laboratories.com\/pl\/2022\/09\/09\/the-forgotten-legend-of-eca-stack\/\" ><div class=\"elementor-post__thumbnail\"><img loading=\"lazy\" decoding=\"async\" width=\"300\" height=\"169\" src=\"https:\/\/androchem-laboratories.com\/wp-content\/uploads\/2022\/09\/81iNgLus2L._SL1500_-300x169.jpg\" class=\"attachment-medium size-medium\" alt=\"\" srcset=\"https:\/\/androchem-laboratories.com\/wp-content\/uploads\/2022\/09\/81iNgLus2L._SL1500_-300x169.jpg 300w, https:\/\/androchem-laboratories.com\/wp-content\/uploads\/2022\/09\/81iNgLus2L._SL1500_-1024x576.jpg 1024w, https:\/\/androchem-laboratories.com\/wp-content\/uploads\/2022\/09\/81iNgLus2L._SL1500_-768x432.jpg 768w, https:\/\/androchem-laboratories.com\/wp-content\/uploads\/2022\/09\/81iNgLus2L._SL1500_-18x10.jpg 18w, https:\/\/androchem-laboratories.com\/wp-content\/uploads\/2022\/09\/81iNgLus2L._SL1500_-600x338.jpg 600w, https:\/\/androchem-laboratories.com\/wp-content\/uploads\/2022\/09\/81iNgLus2L._SL1500_.jpg 1500w\" sizes=\"auto, (max-width: 300px) 100vw, 300px\" \/><\/div><\/a>\n\t\t\t\t<div class=\"elementor-post__badge\">Uncategorized<\/div>\n\t\t\t\t<div class=\"elementor-post__avatar\">\n\t\t\t<img alt='jarosuaff22' src='https:\/\/secure.gravatar.com\/avatar\/3b90b1f90f01cfa55433de67148ee1c308b6f2979e1beadcbadd3911841b055b?s=128&#038;d=mm&#038;r=g' srcset='https:\/\/secure.gravatar.com\/avatar\/3b90b1f90f01cfa55433de67148ee1c308b6f2979e1beadcbadd3911841b055b?s=256&#038;d=mm&#038;r=g 2x' class='avatar avatar-128 photo' height='128' width='128' \/>\t\t<\/div>\n\t\t\t\t<div class=\"elementor-post__text\">\n\t\t\t\t<h3 class=\"elementor-post__title\">\n\t\t\t<a href=\"https:\/\/androchem-laboratories.com\/pl\/2022\/09\/09\/the-forgotten-legend-of-eca-stack\/\" >\n\t\t\t\tZapomniana legenda ECA Stack\t\t\t<\/a>\n\t\t<\/h3>\n\t\t\t\t<div class=\"elementor-post__excerpt\">\n\t\t\t<p>ECA Stack - co si\u0119 sta\u0142o z legendarn\u0105 efedr\u0105?         ECA Stack to nazwa parasolowa dla produkt\u00f3w sk\u0142adaj\u0105cych si\u0119 z trzech \u015bci\u015ble okre\u015blonych sk\u0142adnik\u00f3w, tj. Efedryny (E - ephedrine) Kofeiny (C - caffeine) Aspiryny (A - aspirine) wyst\u0119puj\u0105cych w r\u00f3\u017cnych proporcjach, ale zawsze w tym samym po\u0142\u0105czeniu! Powy\u017csza systematyzacja jest dokonana w celu wyja\u015bnienia wszelkich w\u0105tpliwo\u015bci, o czym m\u00f3wi artyku\u0142 i co opisuje, a czego nie opisuje. Konkretnie chodzi nam o niezliczon\u0105 ilo\u015b\u0107 \u017carowek udaj\u0105cych efedr\u0119, insynuuj\u0105cych, \u017ce zawieraj\u0105 efedr\u0119, a w rzeczywisto\u015bci jej nie zawieraj\u0105. M\u00f3wimy<\/p>\n\t\t<\/div>\n\t\t\t\t\t<a class=\"elementor-post__read-more\" href=\"https:\/\/androchem-laboratories.com\/pl\/2022\/09\/09\/the-forgotten-legend-of-eca-stack\/\" >\n\t\t\t\tRead More \"\t\t\t<\/a>\n\t\t\t\t<\/div>\n\t\t\t\t<div class=\"elementor-post__meta-data\">\n\t\t\t\t\t<span class=\"elementor-post-date\">\n\t\t\t9 wrze\u015bnia, 2022 r.\t\t<\/span>\n\t\t\t\t<span class=\"elementor-post-avatar\">\n\t\t\tBrak komentarzy\t\t<\/span>\n\t\t\t\t<\/div>\n\t\t\t\t\t<\/div>\n\t\t<\/article>\n\t\t\t\t<article class=\"elementor-post elementor-grid-item post-1214 post type-post status-publish format-standard has-post-thumbnail hentry category-uncategorized\">\n\t\t\t<div class=\"elementor-post__card\">\n\t\t\t\t<a class=\"elementor-post__thumbnail__link\" href=\"https:\/\/androchem-laboratories.com\/pl\/2022\/09\/09\/clomid-clomifene-all-you-need-to-know\/\" ><div class=\"elementor-post__thumbnail\"><img loading=\"lazy\" decoding=\"async\" width=\"300\" height=\"203\" src=\"https:\/\/androchem-laboratories.com\/wp-content\/uploads\/2022\/09\/clomid-1-300x203.jpg\" class=\"attachment-medium size-medium\" alt=\"\" srcset=\"https:\/\/androchem-laboratories.com\/wp-content\/uploads\/2022\/09\/clomid-1-300x203.jpg 300w, https:\/\/androchem-laboratories.com\/wp-content\/uploads\/2022\/09\/clomid-1-18x12.jpg 18w, https:\/\/androchem-laboratories.com\/wp-content\/uploads\/2022\/09\/clomid-1.jpg 600w\" sizes=\"auto, (max-width: 300px) 100vw, 300px\" \/><\/div><\/a>\n\t\t\t\t<div class=\"elementor-post__badge\">Uncategorized<\/div>\n\t\t\t\t<div class=\"elementor-post__avatar\">\n\t\t\t<img alt='jarosuaff22' src='https:\/\/secure.gravatar.com\/avatar\/3b90b1f90f01cfa55433de67148ee1c308b6f2979e1beadcbadd3911841b055b?s=128&#038;d=mm&#038;r=g' srcset='https:\/\/secure.gravatar.com\/avatar\/3b90b1f90f01cfa55433de67148ee1c308b6f2979e1beadcbadd3911841b055b?s=256&#038;d=mm&#038;r=g 2x' class='avatar avatar-128 photo' height='128' width='128' \/>\t\t<\/div>\n\t\t\t\t<div class=\"elementor-post__text\">\n\t\t\t\t<h3 class=\"elementor-post__title\">\n\t\t\t<a href=\"https:\/\/androchem-laboratories.com\/pl\/2022\/09\/09\/clomid-clomifene-all-you-need-to-know\/\" >\n\t\t\t\tClomid (klomifen) - wszystko, co musisz wiedzie\u0107\t\t\t<\/a>\n\t\t<\/h3>\n\t\t\t\t<div class=\"elementor-post__excerpt\">\n\t\t\t<p>Clomid - co to jest, jak dzia\u0142a, jak dawkowa\u0107. Podstawowe informacje o \u015brodku w najkr\u00f3tszej, najbardziej tre\u015bciwej formie opis og\u00f3lny Clomid to potoczna nazwa cytrynianu klomifenu, leku stosowanego w leczeniu niep\u0142odno\u015bci u kobiet. Jego dzia\u0142anie polega na zmniejszeniu negatywnego wp\u0142ywu estrogen\u00f3w na o\u015b podwzg\u00f3rze-przysadka-jajnik, zwi\u0119kszaj\u0105c wydzielanie LH i FSH, co ma wp\u0142yw na pobudzenie wyst\u0105pienia owulacji. dzia\u0142anie og\u00f3lne Jednak nie jest to jedyne zastosowanie tego preparatu - stosuje si\u0119 go r\u00f3wnie\u017c w dopingu. Dzia\u0142anie cytrynianu klomifenu opiera si\u0119 na blokowaniu m.in.<\/p>\n\t\t<\/div>\n\t\t\t\t\t<a class=\"elementor-post__read-more\" href=\"https:\/\/androchem-laboratories.com\/pl\/2022\/09\/09\/clomid-clomifene-all-you-need-to-know\/\" >\n\t\t\t\tRead More \"\t\t\t<\/a>\n\t\t\t\t<\/div>\n\t\t\t\t<div class=\"elementor-post__meta-data\">\n\t\t\t\t\t<span class=\"elementor-post-date\">\n\t\t\t9 wrze\u015bnia, 2022 r.\t\t<\/span>\n\t\t\t\t<span class=\"elementor-post-avatar\">\n\t\t\tBrak komentarzy\t\t<\/span>\n\t\t\t\t<\/div>\n\t\t\t\t\t<\/div>\n\t\t<\/article>\n\t\t\t\t<article class=\"elementor-post elementor-grid-item post-1190 post type-post status-publish format-standard has-post-thumbnail hentry category-uncategorized\">\n\t\t\t<div class=\"elementor-post__card\">\n\t\t\t\t<a class=\"elementor-post__thumbnail__link\" href=\"https:\/\/androchem-laboratories.com\/pl\/2022\/09\/07\/most-comprehensive-list-of-steroids-all-explained\/\" ><div class=\"elementor-post__thumbnail\"><img loading=\"lazy\" decoding=\"async\" width=\"300\" height=\"169\" src=\"https:\/\/androchem-laboratories.com\/wp-content\/uploads\/2022\/09\/listofS-300x169.jpg\" class=\"attachment-medium size-medium\" alt=\"\" srcset=\"https:\/\/androchem-laboratories.com\/wp-content\/uploads\/2022\/09\/listofS-300x169.jpg 300w, https:\/\/androchem-laboratories.com\/wp-content\/uploads\/2022\/09\/listofS-1024x576.jpg 1024w, https:\/\/androchem-laboratories.com\/wp-content\/uploads\/2022\/09\/listofS-768x432.jpg 768w, https:\/\/androchem-laboratories.com\/wp-content\/uploads\/2022\/09\/listofS-18x10.jpg 18w, https:\/\/androchem-laboratories.com\/wp-content\/uploads\/2022\/09\/listofS-600x338.jpg 600w, https:\/\/androchem-laboratories.com\/wp-content\/uploads\/2022\/09\/listofS.jpg 1280w\" sizes=\"auto, (max-width: 300px) 100vw, 300px\" \/><\/div><\/a>\n\t\t\t\t<div class=\"elementor-post__badge\">Uncategorized<\/div>\n\t\t\t\t<div class=\"elementor-post__avatar\">\n\t\t\t<img alt='jarosuaff22' src='https:\/\/secure.gravatar.com\/avatar\/3b90b1f90f01cfa55433de67148ee1c308b6f2979e1beadcbadd3911841b055b?s=128&#038;d=mm&#038;r=g' srcset='https:\/\/secure.gravatar.com\/avatar\/3b90b1f90f01cfa55433de67148ee1c308b6f2979e1beadcbadd3911841b055b?s=256&#038;d=mm&#038;r=g 2x' class='avatar avatar-128 photo' height='128' width='128' \/>\t\t<\/div>\n\t\t\t\t<div class=\"elementor-post__text\">\n\t\t\t\t<h3 class=\"elementor-post__title\">\n\t\t\t<a href=\"https:\/\/androchem-laboratories.com\/pl\/2022\/09\/07\/most-comprehensive-list-of-steroids-all-explained\/\" >\n\t\t\t\tNajbardziej wszechstronna lista steryd\u00f3w, wszystko wyja\u015bnione\t\t\t<\/a>\n\t\t<\/h3>\n\t\t\t\t<div class=\"elementor-post__excerpt\">\n\t\t\t<p>Wykaz steryd\u00f3w stosowanych w sporcie 1.1 Testosteron Testosteron propionate (100 mg) 1.1.2. Enantat testosteronu (250 mg) 1.1.3. Cypionat testosteronu (250 mg) 1.1.4. Testosteron sustanon (250 mg) 1.1.5. Testosteron mix (300, 400 mg) 1.2 Nandrolon 1.2.1. Fenylopropionian nandrolonu (100 mg) 1.2.2. Dekanian nandrolonu 1.2.3. Nandrolon Mix (300 mg) 1.3 Masteron 1.3.1. Masteron propionian (100 mg) 1.3.2. Masteron enanthate (200 mg) 1.3.3. Masteron Mix (200 mg) 1.4 Boldenone 1.4.1. Tribold, Bold mix, equipoise 1.5 Trenbolon 1.6 Metanabol 1.6.1 I have no fucking idea 1.7 Winstrol 1.7.1 Winstrol depot - zapomniana legenda lat 90-tych 1.8 Anapolon 1.8.1 Anapolon - jakie dawkowanie.<\/p>\n\t\t<\/div>\n\t\t\t\t\t<a class=\"elementor-post__read-more\" href=\"https:\/\/androchem-laboratories.com\/pl\/2022\/09\/07\/most-comprehensive-list-of-steroids-all-explained\/\" >\n\t\t\t\tRead More \"\t\t\t<\/a>\n\t\t\t\t<\/div>\n\t\t\t\t<div class=\"elementor-post__meta-data\">\n\t\t\t\t\t<span class=\"elementor-post-date\">\n\t\t\t7 wrze\u015bnia, 2022 r.\t\t<\/span>\n\t\t\t\t<span class=\"elementor-post-avatar\">\n\t\t\tBrak komentarzy\t\t<\/span>\n\t\t\t\t<\/div>\n\t\t\t\t\t<\/div>\n\t\t<\/article>\n\t\t\t\t<article class=\"elementor-post elementor-grid-item post-1188 post type-post status-publish format-standard has-post-thumbnail hentry category-uncategorized\">\n\t\t\t<div class=\"elementor-post__card\">\n\t\t\t\t<a class=\"elementor-post__thumbnail__link\" href=\"https:\/\/androchem-laboratories.com\/pl\/2022\/09\/07\/steroid-addiction-real-disorder-or-media-fiction\/\" ><div class=\"elementor-post__thumbnail\"><img loading=\"lazy\" decoding=\"async\" width=\"300\" height=\"200\" src=\"https:\/\/androchem-laboratories.com\/wp-content\/uploads\/2022\/09\/Some-of-The-Best-Legal-Steroids-for-Sale-300x200.jpg\" class=\"attachment-medium size-medium\" alt=\"\" srcset=\"https:\/\/androchem-laboratories.com\/wp-content\/uploads\/2022\/09\/Some-of-The-Best-Legal-Steroids-for-Sale-300x200.jpg 300w, https:\/\/androchem-laboratories.com\/wp-content\/uploads\/2022\/09\/Some-of-The-Best-Legal-Steroids-for-Sale-1024x683.jpg 1024w, https:\/\/androchem-laboratories.com\/wp-content\/uploads\/2022\/09\/Some-of-The-Best-Legal-Steroids-for-Sale-768x512.jpg 768w, https:\/\/androchem-laboratories.com\/wp-content\/uploads\/2022\/09\/Some-of-The-Best-Legal-Steroids-for-Sale-18x12.jpg 18w, https:\/\/androchem-laboratories.com\/wp-content\/uploads\/2022\/09\/Some-of-The-Best-Legal-Steroids-for-Sale-600x400.jpg 600w, https:\/\/androchem-laboratories.com\/wp-content\/uploads\/2022\/09\/Some-of-The-Best-Legal-Steroids-for-Sale.jpg 1200w\" sizes=\"auto, (max-width: 300px) 100vw, 300px\" \/><\/div><\/a>\n\t\t\t\t<div class=\"elementor-post__badge\">Uncategorized<\/div>\n\t\t\t\t<div class=\"elementor-post__avatar\">\n\t\t\t<img alt='jarosuaff22' src='https:\/\/secure.gravatar.com\/avatar\/3b90b1f90f01cfa55433de67148ee1c308b6f2979e1beadcbadd3911841b055b?s=128&#038;d=mm&#038;r=g' srcset='https:\/\/secure.gravatar.com\/avatar\/3b90b1f90f01cfa55433de67148ee1c308b6f2979e1beadcbadd3911841b055b?s=256&#038;d=mm&#038;r=g 2x' class='avatar avatar-128 photo' height='128' width='128' \/>\t\t<\/div>\n\t\t\t\t<div class=\"elementor-post__text\">\n\t\t\t\t<h3 class=\"elementor-post__title\">\n\t\t\t<a href=\"https:\/\/androchem-laboratories.com\/pl\/2022\/09\/07\/steroid-addiction-real-disorder-or-media-fiction\/\" >\n\t\t\t\tUzale\u017cnienie od steryd\u00f3w - prawdziwe zaburzenie czy medialna fikcja?\t\t\t<\/a>\n\t\t<\/h3>\n\t\t\t\t<div class=\"elementor-post__excerpt\">\n\t\t\t<p>Uzale\u017cnienie od steryd\u00f3w - prawdziwe zaburzenie czy medialna fikcja? 1. S\u0142owo wst\u0119pu Czy sterydy anaboliczno-androgenne uzale\u017cniaj\u0105? Kiedy po raz pierwszy us\u0142ysza\u0142em to pytanie mia\u0142em du\u017cy problem, aby nie potraktowa\u0107 go jako sarkazmu. Przez ca\u0142y czas, kiedy by\u0142em zwi\u0105zany ze sportami sylwetkowymi, nigdy nie spotka\u0142em osoby, kt\u00f3ra poruszy\u0142aby ze mn\u0105 kwesti\u0119 uzale\u017cnienia od steryd\u00f3w. I wierzcie mi, przez lata ludzie opowiadali mi w zaufaniu naprawd\u0119 szalone historie. Ale nikt nigdy nie przyzna\u0142 si\u0119, \u017ce przez te leki straci\u0142 kontrol\u0119 nad swoim \u017cyciem. Mimo to, niekt\u00f3rzy zaczynaj\u0105 pyta\u0107 o to<\/p>\n\t\t<\/div>\n\t\t\t\t\t<a class=\"elementor-post__read-more\" href=\"https:\/\/androchem-laboratories.com\/pl\/2022\/09\/07\/steroid-addiction-real-disorder-or-media-fiction\/\" >\n\t\t\t\tRead More \"\t\t\t<\/a>\n\t\t\t\t<\/div>\n\t\t\t\t<div class=\"elementor-post__meta-data\">\n\t\t\t\t\t<span class=\"elementor-post-date\">\n\t\t\t7 wrze\u015bnia, 2022 r.\t\t<\/span>\n\t\t\t\t<span class=\"elementor-post-avatar\">\n\t\t\tBrak komentarzy\t\t<\/span>\n\t\t\t\t<\/div>\n\t\t\t\t\t<\/div>\n\t\t<\/article>\n\t\t\t\t<article class=\"elementor-post elementor-grid-item post-1186 post type-post status-publish format-standard has-post-thumbnail hentry category-uncategorized\">\n\t\t\t<div class=\"elementor-post__card\">\n\t\t\t\t<a class=\"elementor-post__thumbnail__link\" href=\"https:\/\/androchem-laboratories.com\/pl\/2022\/09\/07\/side-effects-of-steroids-a-short-list-with-possible-solutions\/\" ><div class=\"elementor-post__thumbnail\"><img loading=\"lazy\" decoding=\"async\" width=\"300\" height=\"220\" src=\"https:\/\/androchem-laboratories.com\/wp-content\/uploads\/2022\/09\/standing1-300x220.jpg\" class=\"attachment-medium size-medium\" alt=\"\" srcset=\"https:\/\/androchem-laboratories.com\/wp-content\/uploads\/2022\/09\/standing1-300x220.jpg 300w, https:\/\/androchem-laboratories.com\/wp-content\/uploads\/2022\/09\/standing1-768x564.jpg 768w, https:\/\/androchem-laboratories.com\/wp-content\/uploads\/2022\/09\/standing1-16x12.jpg 16w, https:\/\/androchem-laboratories.com\/wp-content\/uploads\/2022\/09\/standing1-600x441.jpg 600w, https:\/\/androchem-laboratories.com\/wp-content\/uploads\/2022\/09\/standing1.jpg 984w\" sizes=\"auto, (max-width: 300px) 100vw, 300px\" \/><\/div><\/a>\n\t\t\t\t<div class=\"elementor-post__badge\">Uncategorized<\/div>\n\t\t\t\t<div class=\"elementor-post__avatar\">\n\t\t\t<img alt='jarosuaff22' src='https:\/\/secure.gravatar.com\/avatar\/3b90b1f90f01cfa55433de67148ee1c308b6f2979e1beadcbadd3911841b055b?s=128&#038;d=mm&#038;r=g' srcset='https:\/\/secure.gravatar.com\/avatar\/3b90b1f90f01cfa55433de67148ee1c308b6f2979e1beadcbadd3911841b055b?s=256&#038;d=mm&#038;r=g 2x' class='avatar avatar-128 photo' height='128' width='128' \/>\t\t<\/div>\n\t\t\t\t<div class=\"elementor-post__text\">\n\t\t\t\t<h3 class=\"elementor-post__title\">\n\t\t\t<a href=\"https:\/\/androchem-laboratories.com\/pl\/2022\/09\/07\/side-effects-of-steroids-a-short-list-with-possible-solutions\/\" >\n\t\t\t\tSkutki uboczne steryd\u00f3w, kr\u00f3tka lista z mo\u017cliwymi rozwi\u0105zaniami\t\t\t<\/a>\n\t\t<\/h3>\n\t\t\t\t<div class=\"elementor-post__excerpt\">\n\t\t\t<p>Skutki uboczne steryd\u00f3w, kr\u00f3tka lista z mo\u017cliwymi rozwi\u0105zaniami Stosowanie ka\u017cdego mo\u017cliwego sterydu (nie tylko androgeniczno-anabolicznego) wi\u0105\u017ce si\u0119 z ryzykiem wyst\u0105pienia skutk\u00f3w ubocznych. Ryzyko i jego nasilenie s\u0105 \u015bci\u015ble zwi\u0105zane z dawkami, kt\u00f3re stosujemy, jednak nie ma sposobu na ca\u0142kowite wyeliminowanie zar\u00f3wno \u0142agodnych, jak i potencjalnie niebezpiecznych zagro\u017ce\u0144 zwi\u0105zanych ze stosowaniem steryd\u00f3w anabolicznych. Niekt\u00f3re z powszechnych skutk\u00f3w ubocznych, kt\u00f3rych mo\u017cesz do\u015bwiadczy\u0107 to: Zatrzymanie p\u0142yn\u00f3w Ze wzgl\u0119du na szybki wzrost masy mi\u0119\u015bniowej, a tak\u017ce wzrost poziomu estrogen\u00f3w, dochodzi do nadmiernego zatrzymania wody w organizmie. Do pewnego stopnia,<\/p>\n\t\t<\/div>\n\t\t\t\t\t<a class=\"elementor-post__read-more\" href=\"https:\/\/androchem-laboratories.com\/pl\/2022\/09\/07\/side-effects-of-steroids-a-short-list-with-possible-solutions\/\" >\n\t\t\t\tRead More \"\t\t\t<\/a>\n\t\t\t\t<\/div>\n\t\t\t\t<div class=\"elementor-post__meta-data\">\n\t\t\t\t\t<span class=\"elementor-post-date\">\n\t\t\t7 wrze\u015bnia, 2022 r.\t\t<\/span>\n\t\t\t\t<span class=\"elementor-post-avatar\">\n\t\t\tBrak komentarzy\t\t<\/span>\n\t\t\t\t<\/div>\n\t\t\t\t\t<\/div>\n\t\t<\/article>\n\t\t\t\t<article class=\"elementor-post elementor-grid-item post-1184 post type-post status-publish format-standard has-post-thumbnail hentry category-uncategorized\">\n\t\t\t<div class=\"elementor-post__card\">\n\t\t\t\t<a class=\"elementor-post__thumbnail__link\" href=\"https:\/\/androchem-laboratories.com\/pl\/2022\/09\/07\/getting-in-shape-in-time-for-summer\/\" ><div class=\"elementor-post__thumbnail\"><img loading=\"lazy\" decoding=\"async\" width=\"300\" height=\"200\" src=\"https:\/\/androchem-laboratories.com\/wp-content\/uploads\/2022\/09\/Cach_giup_nam_gioi_tre_trung_1-300x200.webp\" class=\"attachment-medium size-medium\" alt=\"\" srcset=\"https:\/\/androchem-laboratories.com\/wp-content\/uploads\/2022\/09\/Cach_giup_nam_gioi_tre_trung_1-300x200.webp 300w, https:\/\/androchem-laboratories.com\/wp-content\/uploads\/2022\/09\/Cach_giup_nam_gioi_tre_trung_1-1024x683.webp 1024w, https:\/\/androchem-laboratories.com\/wp-content\/uploads\/2022\/09\/Cach_giup_nam_gioi_tre_trung_1-768x512.webp 768w, https:\/\/androchem-laboratories.com\/wp-content\/uploads\/2022\/09\/Cach_giup_nam_gioi_tre_trung_1-1536x1024.webp 1536w, https:\/\/androchem-laboratories.com\/wp-content\/uploads\/2022\/09\/Cach_giup_nam_gioi_tre_trung_1-18x12.webp 18w, https:\/\/androchem-laboratories.com\/wp-content\/uploads\/2022\/09\/Cach_giup_nam_gioi_tre_trung_1-600x400.webp 600w, https:\/\/androchem-laboratories.com\/wp-content\/uploads\/2022\/09\/Cach_giup_nam_gioi_tre_trung_1.webp 1920w\" sizes=\"auto, (max-width: 300px) 100vw, 300px\" \/><\/div><\/a>\n\t\t\t\t<div class=\"elementor-post__badge\">Uncategorized<\/div>\n\t\t\t\t<div class=\"elementor-post__avatar\">\n\t\t\t<img alt='jarosuaff22' src='https:\/\/secure.gravatar.com\/avatar\/3b90b1f90f01cfa55433de67148ee1c308b6f2979e1beadcbadd3911841b055b?s=128&#038;d=mm&#038;r=g' srcset='https:\/\/secure.gravatar.com\/avatar\/3b90b1f90f01cfa55433de67148ee1c308b6f2979e1beadcbadd3911841b055b?s=256&#038;d=mm&#038;r=g 2x' class='avatar avatar-128 photo' height='128' width='128' \/>\t\t<\/div>\n\t\t\t\t<div class=\"elementor-post__text\">\n\t\t\t\t<h3 class=\"elementor-post__title\">\n\t\t\t<a href=\"https:\/\/androchem-laboratories.com\/pl\/2022\/09\/07\/getting-in-shape-in-time-for-summer\/\" >\n\t\t\t\tZd\u0105\u017cy\u0107 z form\u0105 na lato\t\t\t<\/a>\n\t\t<\/h3>\n\t\t\t\t<div class=\"elementor-post__excerpt\">\n\t\t\t<p>Uzyskanie kszta\u0142tu na czas lata - Propionat i Oxandrolone jako najbezpieczniejsze i ekspresowe rozwi\u0105zanie.   Wszyscy mamy do\u015b\u0107 obecnych ogranicze\u0144, kt\u00f3re zosta\u0142y wprowadzone w ramach walki z wirusem. Nasza forma ucierpia\u0142a, bo jak \u0107wiczy\u0107, kiedy nie ma gdzie. Mo\u017ce taki okres regeneracji jest przydatny, ale zazwyczaj by\u0142o tak, \u017ce w okresie przedwakacyjnym chodzi\u0142o o szlifowanie naszej formy na lato. Ostatnie przyrosty, troch\u0119 ci\u0119cia i na pla\u017c\u0119. Dobra wiadomo\u015b\u0107 jest taka, \u017ce si\u0142ownie ruszaj\u0105 ju\u017c nied\u0142ugo.<\/p>\n\t\t<\/div>\n\t\t\t\t\t<a class=\"elementor-post__read-more\" href=\"https:\/\/androchem-laboratories.com\/pl\/2022\/09\/07\/getting-in-shape-in-time-for-summer\/\" >\n\t\t\t\tRead More \"\t\t\t<\/a>\n\t\t\t\t<\/div>\n\t\t\t\t<div class=\"elementor-post__meta-data\">\n\t\t\t\t\t<span class=\"elementor-post-date\">\n\t\t\t7 wrze\u015bnia, 2022 r.\t\t<\/span>\n\t\t\t\t<span class=\"elementor-post-avatar\">\n\t\t\tBrak komentarzy\t\t<\/span>\n\t\t\t\t<\/div>\n\t\t\t\t\t<\/div>\n\t\t<\/article>\n\t\t\t\t<\/div>\n\n\n\t\t\n\t\t\t\t<div class=\"e-load-more-anchor\" data-page=\"1\" data-max-page=\"3\" data-next-page=\"https:\/\/androchem-laboratories.com\/pl\/wp-json\/wp\/v2\/pages\/143\/page\/2\/\"><\/div>\n\t\t\t\t<nav class=\"elementor-pagination\" role=\"navigation\" aria-label=\"Paginacja\">\n\t\t\t<span aria-current=\"page\" class=\"page-numbers current\"><span class=\"elementor-screen-only\">Strona<\/span>1<\/span>\n<a class=\"page-numbers\" href=\"https:\/\/androchem-laboratories.com\/pl\/wp-json\/wp\/v2\/pages\/143\/page\/2\/\"><span class=\"elementor-screen-only\">Strona<\/span>2<\/a>\n<a class=\"page-numbers\" href=\"https:\/\/androchem-laboratories.com\/pl\/wp-json\/wp\/v2\/pages\/143\/page\/3\/\"><span class=\"elementor-screen-only\">Strona<\/span>3<\/a>\t\t<\/nav>\n\t\t\t\t<\/div>\n\t\t\t\t<\/div>\n\t\t\t\t\t\t<\/div>\n\t\t\t\t\t<\/div>\n\t\t<\/div>\n\t\t\t\t\t\t\t\t<\/div>\n\t\t\t\t\t<\/div>\n\t\t<\/section>\n\t\t\t\t\t\t<\/div>\n\t\t\t\t\t\t<\/div>\n\t\t\t\t\t<\/div>","protected":false},"excerpt":{"rendered":"","protected":false},"author":1,"featured_media":0,"parent":0,"menu_order":0,"comment_status":"closed","ping_status":"closed","template":"","meta":{"footnotes":""},"class_list":["post-143","page","type-page","status-publish","hentry"],"blocksy_meta":{"styles_descriptor":{"styles":{"desktop":"","tablet":"","mobile":""},"google_fonts":[],"version":4}},"_links":{"self":[{"href":"https:\/\/androchem-laboratories.com\/pl\/wp-json\/wp\/v2\/pages\/143","targetHints":{"allow":["GET"]}}],"collection":[{"href":"https:\/\/androchem-laboratories.com\/pl\/wp-json\/wp\/v2\/pages"}],"about":[{"href":"https:\/\/androchem-laboratories.com\/pl\/wp-json\/wp\/v2\/types\/page"}],"author":[{"embeddable":true,"href":"https:\/\/androchem-laboratories.com\/pl\/wp-json\/wp\/v2\/users\/1"}],"replies":[{"embeddable":true,"href":"https:\/\/androchem-laboratories.com\/pl\/wp-json\/wp\/v2\/comments?post=143"}],"version-history":[{"count":36,"href":"https:\/\/androchem-laboratories.com\/pl\/wp-json\/wp\/v2\/pages\/143\/revisions"}],"predecessor-version":[{"id":1202,"href":"https:\/\/androchem-laboratories.com\/pl\/wp-json\/wp\/v2\/pages\/143\/revisions\/1202"}],"wp:attachment":[{"href":"https:\/\/androchem-laboratories.com\/pl\/wp-json\/wp\/v2\/media?parent=143"}],"curies":[{"name":"wp","href":"https:\/\/api.w.org\/{rel}","templated":true}]}}