{"id":141,"date":"2022-02-28T14:11:31","date_gmt":"2022-02-28T13:11:31","guid":{"rendered":"https:\/\/androchem-laboratories.com\/?page_id=141"},"modified":"2022-03-23T10:17:35","modified_gmt":"2022-03-23T09:17:35","slug":"about","status":"publish","type":"page","link":"https:\/\/androchem-laboratories.com\/pl\/about\/","title":{"rendered":"O nas"},"content":{"rendered":"<div data-elementor-type=\"wp-page\" data-elementor-id=\"141\" class=\"elementor elementor-141\" data-elementor-settings=\"[]\">\n\t\t\t\t\t\t<div class=\"elementor-inner\">\n\t\t\t\t\t\t\t<div class=\"elementor-section-wrap\">\n\t\t\t\t\t\t\t<section class=\"elementor-section elementor-top-section elementor-element elementor-element-a32d8d9 elementor-section-boxed elementor-section-height-default elementor-section-height-default\" data-id=\"a32d8d9\" data-element_type=\"section\">\n\t\t\t\t\t\t<div class=\"elementor-container elementor-column-gap-default\">\n\t\t\t\t\t\t\t<div class=\"elementor-row\">\n\t\t\t\t\t<div class=\"elementor-column elementor-col-100 elementor-top-column elementor-element elementor-element-e4da3af\" data-id=\"e4da3af\" data-element_type=\"column\">\n\t\t\t<div class=\"elementor-column-wrap elementor-element-populated\">\n\t\t\t\t\t\t\t<div class=\"elementor-widget-wrap\">\n\t\t\t\t\t\t<div class=\"elementor-element elementor-element-2ac8288 elementor-aspect-ratio-169 elementor-widget elementor-widget-video\" data-id=\"2ac8288\" data-element_type=\"widget\" data-settings=\"{&quot;video_type&quot;:&quot;vimeo&quot;,&quot;aspect_ratio&quot;:&quot;169&quot;}\" data-widget_type=\"video.default\">\n\t\t\t\t<div class=\"elementor-widget-container\">\n\t\t\t\t\t<div class=\"elementor-wrapper elementor-fit-aspect-ratio elementor-open-inline\">\n\t\t\t<iframe class=\"elementor-video-iframe\" allowfullscreen title=\" Odtwarzacz video vimeo\" src=\"https:\/\/player.vimeo.com\/video\/689830773?color&amp;autopause=0&amp;loop=0&amp;muted=0&amp;title=1&amp;portrait=1&amp;byline=1#t=\"><\/iframe>\t\t<\/div>\n\t\t\t\t<\/div>\n\t\t\t\t<\/div>\n\t\t\t\t\t\t<\/div>\n\t\t\t\t\t<\/div>\n\t\t<\/div>\n\t\t\t\t\t\t\t\t<\/div>\n\t\t\t\t\t<\/div>\n\t\t<\/section>\n\t\t\t\t<section class=\"elementor-section elementor-top-section elementor-element elementor-element-10558cf elementor-section-boxed elementor-section-height-default elementor-section-height-default\" data-id=\"10558cf\" data-element_type=\"section\" data-settings=\"{&quot;background_background&quot;:&quot;classic&quot;}\">\n\t\t\t\t\t\t<div class=\"elementor-container elementor-column-gap-default\">\n\t\t\t\t\t\t\t<div class=\"elementor-row\">\n\t\t\t\t\t<div class=\"elementor-column elementor-col-50 elementor-top-column elementor-element elementor-element-4bdbe8e\" data-id=\"4bdbe8e\" data-element_type=\"column\" data-settings=\"{&quot;background_background&quot;:&quot;classic&quot;}\">\n\t\t\t<div class=\"elementor-column-wrap elementor-element-populated\">\n\t\t\t\t\t\t\t<div class=\"elementor-widget-wrap\">\n\t\t\t\t\t\t<div class=\"elementor-element elementor-element-601c8db elementor-widget elementor-widget-heading\" data-id=\"601c8db\" data-element_type=\"widget\" data-widget_type=\"heading.default\">\n\t\t\t\t<div class=\"elementor-widget-container\">\n\t\t\t<h2 class=\"elementor-heading-title elementor-size-default\">Nasza MISJA<\/h2>\t\t<\/div>\n\t\t\t\t<\/div>\n\t\t\t\t<div class=\"elementor-element elementor-element-b19ac14 elementor-widget elementor-widget-text-editor\" data-id=\"b19ac14\" data-element_type=\"widget\" data-widget_type=\"text-editor.default\">\n\t\t\t\t<div class=\"elementor-widget-container\">\n\t\t\t\t\t\t\t\t<div class=\"elementor-text-editor elementor-clearfix\">\n\t\t\t\t<p>Witamy w Androchem Laboratories, Misj\u0105 naszej firmy jest pomaganie ludziom na ca\u0142ym \u015bwiecie w umacnianiu zdrowia, zwi\u0119kszaniu wydajno\u015bci sportowej i osi\u0105ganiu ustalonych cel\u00f3w. Dlatego nasza firma w swojej dzia\u0142alno\u015bci wykorzystuje wy\u0142\u0105cznie innowacyjne rozwi\u0105zania, z wiod\u0105cymi o\u015brodkami badawczymi na \u015bwiecie, tworz\u0105c produkty o najwy\u017cszej jako\u015bci. Je\u015bli zastanawiasz si\u0119, dlaczego powiniene\u015b kupi\u0107 produkty Androchem, oto co\u015b, co pomo\u017ce Ci upewni\u0107 si\u0119, \u017ce podejmujesz najlepsz\u0105 mo\u017cliw\u0105 decyzj\u0119. Po pierwsze, chcesz mie\u0107 pewno\u015b\u0107, \u017ce otrzymujesz produkty, kt\u00f3re b\u0119d\u0105 dla Ciebie skuteczne i bezpieczne. Z Androchem Laboratories mo\u017cesz by\u0107 pewien, \u017ce otrzymasz to i wiele wi\u0119cej.<\/p>\t\t\t\t\t<\/div>\n\t\t\t\t\t\t<\/div>\n\t\t\t\t<\/div>\n\t\t\t\t\t\t<\/div>\n\t\t\t\t\t<\/div>\n\t\t<\/div>\n\t\t\t\t<div class=\"elementor-column elementor-col-50 elementor-top-column elementor-element elementor-element-bb80540\" data-id=\"bb80540\" data-element_type=\"column\">\n\t\t\t<div class=\"elementor-column-wrap elementor-element-populated\">\n\t\t\t\t\t\t\t<div class=\"elementor-widget-wrap\">\n\t\t\t\t\t\t<div class=\"elementor-element elementor-element-972e683 elementor-widget elementor-widget-image\" data-id=\"972e683\" data-element_type=\"widget\" data-widget_type=\"image.default\">\n\t\t\t\t<div class=\"elementor-widget-container\">\n\t\t\t\t\t\t\t\t<div class=\"elementor-image\">\n\t\t\t\t\t\t\t\t\t\t\t\t<img decoding=\"async\" src=\"https:\/\/androchem-laboratories.com\/wp-content\/uploads\/2022\/03\/lab.jpg\" title=\"laboratorium\" alt=\"lab\" \/>\t\t\t\t\t\t\t\t\t\t\t\t\t\t<\/div>\n\t\t\t\t\t\t<\/div>\n\t\t\t\t<\/div>\n\t\t\t\t\t\t<\/div>\n\t\t\t\t\t<\/div>\n\t\t<\/div>\n\t\t\t\t\t\t\t\t<\/div>\n\t\t\t\t\t<\/div>\n\t\t<\/section>\n\t\t\t\t<section class=\"elementor-section elementor-top-section elementor-element elementor-element-1edfdf2 elementor-reverse-mobile elementor-section-boxed elementor-section-height-default elementor-section-height-default\" data-id=\"1edfdf2\" data-element_type=\"section\" data-settings=\"{&quot;background_background&quot;:&quot;classic&quot;}\">\n\t\t\t\t\t\t<div class=\"elementor-container elementor-column-gap-default\">\n\t\t\t\t\t\t\t<div class=\"elementor-row\">\n\t\t\t\t\t<div class=\"elementor-column elementor-col-50 elementor-top-column elementor-element elementor-element-0ce841c\" data-id=\"0ce841c\" data-element_type=\"column\">\n\t\t\t<div class=\"elementor-column-wrap elementor-element-populated\">\n\t\t\t\t\t\t\t<div class=\"elementor-widget-wrap\">\n\t\t\t\t\t\t<div class=\"elementor-element elementor-element-2b92a25 elementor-widget elementor-widget-image\" data-id=\"2b92a25\" data-element_type=\"widget\" data-widget_type=\"image.default\">\n\t\t\t\t<div class=\"elementor-widget-container\">\n\t\t\t\t\t\t\t\t<div class=\"elementor-image\">\n\t\t\t\t\t\t\t\t\t\t\t\t<img loading=\"lazy\" decoding=\"async\" width=\"912\" height=\"608\" src=\"https:\/\/androchem-laboratories.com\/wp-content\/uploads\/2022\/03\/lab2.jpg\" class=\"attachment-large size-large\" alt=\"\" srcset=\"https:\/\/androchem-laboratories.com\/wp-content\/uploads\/2022\/03\/lab2.jpg 912w, https:\/\/androchem-laboratories.com\/wp-content\/uploads\/2022\/03\/lab2-600x400.jpg 600w, https:\/\/androchem-laboratories.com\/wp-content\/uploads\/2022\/03\/lab2-300x200.jpg 300w, https:\/\/androchem-laboratories.com\/wp-content\/uploads\/2022\/03\/lab2-768x512.jpg 768w\" sizes=\"auto, (max-width: 912px) 100vw, 912px\" \/>\t\t\t\t\t\t\t\t\t\t\t\t\t\t<\/div>\n\t\t\t\t\t\t<\/div>\n\t\t\t\t<\/div>\n\t\t\t\t\t\t<\/div>\n\t\t\t\t\t<\/div>\n\t\t<\/div>\n\t\t\t\t<div class=\"elementor-column elementor-col-50 elementor-top-column elementor-element elementor-element-333eb95\" data-id=\"333eb95\" data-element_type=\"column\" data-settings=\"{&quot;background_background&quot;:&quot;classic&quot;}\">\n\t\t\t<div class=\"elementor-column-wrap elementor-element-populated\">\n\t\t\t\t\t\t\t<div class=\"elementor-widget-wrap\">\n\t\t\t\t\t\t<div class=\"elementor-element elementor-element-a0972cd elementor-widget elementor-widget-heading\" data-id=\"a0972cd\" data-element_type=\"widget\" data-widget_type=\"heading.default\">\n\t\t\t\t<div class=\"elementor-widget-container\">\n\t\t\t<h2 class=\"elementor-heading-title elementor-size-default\">Bezpiecze\u0144stwo i skuteczno\u015b\u0107<\/h2>\t\t<\/div>\n\t\t\t\t<\/div>\n\t\t\t\t<div class=\"elementor-element elementor-element-051f1ff elementor-widget elementor-widget-text-editor\" data-id=\"051f1ff\" data-element_type=\"widget\" data-widget_type=\"text-editor.default\">\n\t\t\t\t<div class=\"elementor-widget-container\">\n\t\t\t\t\t\t\t\t<div class=\"elementor-text-editor elementor-clearfix\">\n\t\t\t\t<p>Kupuj\u0105c produkty nieznanych marek, nie mo\u017cna mie\u0107 pewno\u015bci, czy to, co przyjmujesz, jest bezpieczne, a tym bardziej skuteczne. Wybieraj\u0105c produkty Androchem Laboratories, masz pewno\u015b\u0107, \u017ce zakupione przez Ciebie produkty s\u0105 przebadane i bezpieczne. Wszystkie produkty jeszcze przed wprowadzeniem ich na rynek s\u0105 podawane serii test\u00f3w sprawdzaj\u0105cych ich zgodno\u015b\u0107 z obowi\u0105zuj\u0105cymi prawnie normami, oraz poddawane s\u0105 audytowi jako\u015bciowemu, kt\u00f3ry wykonywany jest przez firmy zewn\u0119trzne (trzecie). Dzi\u0119ki temu mo\u017cna mie\u0107 pewno\u015b\u0107, \u017ce leki i suplementy nie wyrz\u0105dz\u0105 \u017cadnej szkody osobom, kt\u00f3re je za\u017cywaj\u0105.<\/p>\t\t\t\t\t<\/div>\n\t\t\t\t\t\t<\/div>\n\t\t\t\t<\/div>\n\t\t\t\t\t\t<\/div>\n\t\t\t\t\t<\/div>\n\t\t<\/div>\n\t\t\t\t\t\t\t\t<\/div>\n\t\t\t\t\t<\/div>\n\t\t<\/section>\n\t\t\t\t<section class=\"elementor-section elementor-top-section elementor-element elementor-element-1971014 elementor-section-boxed elementor-section-height-default elementor-section-height-default\" data-id=\"1971014\" data-element_type=\"section\" data-settings=\"{&quot;background_background&quot;:&quot;classic&quot;}\">\n\t\t\t\t\t\t<div class=\"elementor-container elementor-column-gap-default\">\n\t\t\t\t\t\t\t<div class=\"elementor-row\">\n\t\t\t\t\t<div class=\"elementor-column elementor-col-50 elementor-top-column elementor-element elementor-element-779f458\" data-id=\"779f458\" data-element_type=\"column\" data-settings=\"{&quot;background_background&quot;:&quot;classic&quot;}\">\n\t\t\t<div class=\"elementor-column-wrap elementor-element-populated\">\n\t\t\t\t\t\t\t<div class=\"elementor-widget-wrap\">\n\t\t\t\t\t\t<div class=\"elementor-element elementor-element-b93a5df elementor-widget elementor-widget-heading\" data-id=\"b93a5df\" data-element_type=\"widget\" data-widget_type=\"heading.default\">\n\t\t\t\t<div class=\"elementor-widget-container\">\n\t\t\t<h2 class=\"elementor-heading-title elementor-size-default\">Kontrola jako\u015bci<\/h2>\t\t<\/div>\n\t\t\t\t<\/div>\n\t\t\t\t<div class=\"elementor-element elementor-element-fffbbec elementor-widget elementor-widget-text-editor\" data-id=\"fffbbec\" data-element_type=\"widget\" data-widget_type=\"text-editor.default\">\n\t\t\t\t<div class=\"elementor-widget-container\">\n\t\t\t\t\t\t\t\t<div class=\"elementor-text-editor elementor-clearfix\">\n\t\t\t\t<p>Nasze zak\u0142ady produkcyjne spe\u0142niaj\u0105 wszystkie wymogi prawne dotycz\u0105ce bezpiecznego \u015brodowiska, produkcji, zarz\u0105dzania jako\u015bci\u0105 i sterylno\u015bci, co zapewnia brak pogorszenia jako\u015bci. Wszystkie u\u017cywane sk\u0142adniki s\u0105 pozyskiwane w spos\u00f3b odpowiedzialny od naszych zaufanych partner\u00f3w w Wielkiej Brytanii i regularnie testowane pod k\u0105tem zawarto\u015bci i czysto\u015bci. Ka\u017cdy z naszych produkt\u00f3w jest opatrzony unikaln\u0105 etykiet\u0105 holograficzn\u0105, kt\u00f3rej nie da si\u0119 podrobi\u0107 i kt\u00f3ra jest \u0142atwo rozpoznawalna. Wszystkie nasze tabletki posiadaj\u0105 plomby zabezpieczaj\u0105ce przed sfa\u0142szowaniem i s\u0105 sprzedawane wy\u0142\u0105cznie przez zaufanych partner\u00f3w, kt\u00f3rzy kupuj\u0105 od nas bezpo\u015brednio w UE.<\/p><p style=\"margin-bottom: 0pt; line-height: 100%;\">\u00a0<\/p>\t\t\t\t\t<\/div>\n\t\t\t\t\t\t<\/div>\n\t\t\t\t<\/div>\n\t\t\t\t\t\t<\/div>\n\t\t\t\t\t<\/div>\n\t\t<\/div>\n\t\t\t\t<div class=\"elementor-column elementor-col-50 elementor-top-column elementor-element elementor-element-4c0c367\" data-id=\"4c0c367\" data-element_type=\"column\">\n\t\t\t<div class=\"elementor-column-wrap elementor-element-populated\">\n\t\t\t\t\t\t\t<div class=\"elementor-widget-wrap\">\n\t\t\t\t\t\t<div class=\"elementor-element elementor-element-ed9ff3d elementor-widget elementor-widget-image\" data-id=\"ed9ff3d\" data-element_type=\"widget\" data-widget_type=\"image.default\">\n\t\t\t\t<div class=\"elementor-widget-container\">\n\t\t\t\t\t\t\t\t<div class=\"elementor-image\">\n\t\t\t\t\t\t\t\t\t\t\t\t<img loading=\"lazy\" decoding=\"async\" width=\"912\" height=\"608\" src=\"https:\/\/androchem-laboratories.com\/wp-content\/uploads\/2022\/03\/lab3.jpg\" class=\"attachment-large size-large\" alt=\"\" srcset=\"https:\/\/androchem-laboratories.com\/wp-content\/uploads\/2022\/03\/lab3.jpg 912w, https:\/\/androchem-laboratories.com\/wp-content\/uploads\/2022\/03\/lab3-600x400.jpg 600w, https:\/\/androchem-laboratories.com\/wp-content\/uploads\/2022\/03\/lab3-300x200.jpg 300w, https:\/\/androchem-laboratories.com\/wp-content\/uploads\/2022\/03\/lab3-768x512.jpg 768w\" sizes=\"auto, (max-width: 912px) 100vw, 912px\" \/>\t\t\t\t\t\t\t\t\t\t\t\t\t\t<\/div>\n\t\t\t\t\t\t<\/div>\n\t\t\t\t<\/div>\n\t\t\t\t\t\t<\/div>\n\t\t\t\t\t<\/div>\n\t\t<\/div>\n\t\t\t\t\t\t\t\t<\/div>\n\t\t\t\t\t<\/div>\n\t\t<\/section>\n\t\t\t\t\t\t<\/div>\n\t\t\t\t\t\t<\/div>\n\t\t\t\t\t<\/div>","protected":false},"excerpt":{"rendered":"<p>NASZA MISJA Witamy w Androchem Laboratories, Misj\u0105 naszej firmy, jest pomaganie ludziom na ca\u0142ym \u015bwiecie we wzmacnianiu zdrowia, zwi\u0119kszaniu wynik\u00f3w sportowych i osi\u0105ganiu ich cel\u00f3w. Dlatego nasza firma farmaceutyczna w swojej dzia\u0142alno\u015bci wykorzystuje wy\u0142\u0105cznie innowacyjne rozwi\u0105zania, z wiod\u0105cymi o\u015brodkami badawczymi na \u015bwiecie, tworz\u0105c produkty o wyj\u0105tkowej jako\u015bci. Je\u015bli zastanawiasz si\u0119, dlaczego powiniene\u015b kupi\u0107 produkty Androchem, to poni\u017cej znajdziesz co\u015b, co pomo\u017ce Ci wiedzie\u0107, \u017ce podejmujesz najlepsz\u0105 mo\u017cliw\u0105 decyzj\u0119. Przede wszystkim b\u0119dziesz chcia\u0142 wiedzie\u0107 na pewno, \u017ce otrzymujesz produkty, kt\u00f3re b\u0119d\u0105 skuteczne i...<\/p>","protected":false},"author":1,"featured_media":0,"parent":0,"menu_order":0,"comment_status":"closed","ping_status":"closed","template":"","meta":{"footnotes":""},"class_list":["post-141","page","type-page","status-publish","hentry"],"blocksy_meta":{"styles_descriptor":{"styles":{"desktop":"","tablet":"","mobile":""},"google_fonts":[],"version":4}},"_links":{"self":[{"href":"https:\/\/androchem-laboratories.com\/pl\/wp-json\/wp\/v2\/pages\/141","targetHints":{"allow":["GET"]}}],"collection":[{"href":"https:\/\/androchem-laboratories.com\/pl\/wp-json\/wp\/v2\/pages"}],"about":[{"href":"https:\/\/androchem-laboratories.com\/pl\/wp-json\/wp\/v2\/types\/page"}],"author":[{"embeddable":true,"href":"https:\/\/androchem-laboratories.com\/pl\/wp-json\/wp\/v2\/users\/1"}],"replies":[{"embeddable":true,"href":"https:\/\/androchem-laboratories.com\/pl\/wp-json\/wp\/v2\/comments?post=141"}],"version-history":[{"count":89,"href":"https:\/\/androchem-laboratories.com\/pl\/wp-json\/wp\/v2\/pages\/141\/revisions"}],"predecessor-version":[{"id":1227,"href":"https:\/\/androchem-laboratories.com\/pl\/wp-json\/wp\/v2\/pages\/141\/revisions\/1227"}],"wp:attachment":[{"href":"https:\/\/androchem-laboratories.com\/pl\/wp-json\/wp\/v2\/media?parent=141"}],"curies":[{"name":"wp","href":"https:\/\/api.w.org\/{rel}","templated":true}]}}