{"id":1226,"date":"2023-05-18T15:17:53","date_gmt":"2023-05-18T14:17:53","guid":{"rendered":"https:\/\/androchem-laboratories.com\/newsletter\/"},"modified":"2024-09-26T15:50:02","modified_gmt":"2024-09-26T14:50:02","slug":"newsletter","status":"publish","type":"page","link":"https:\/\/androchem-laboratories.com\/pl\/newsletter\/","title":{"rendered":"Newsletter"},"content":{"rendered":"<div data-elementor-type=\"wp-page\" data-elementor-id=\"1226\" class=\"elementor elementor-1226\" data-elementor-settings=\"[]\">\n\t\t\t\t\t\t<div class=\"elementor-inner\">\n\t\t\t\t\t\t\t<div class=\"elementor-section-wrap\">\n\t\t\t\t\t\t\t<section class=\"elementor-section elementor-top-section elementor-element elementor-element-25659d3 elementor-section-boxed elementor-section-height-default elementor-section-height-default\" data-id=\"25659d3\" data-element_type=\"section\">\n\t\t\t\t\t\t<div class=\"elementor-container elementor-column-gap-default\">\n\t\t\t\t\t\t\t<div class=\"elementor-row\">\n\t\t\t\t\t<div class=\"elementor-column elementor-col-100 elementor-top-column elementor-element elementor-element-647d8ea\" data-id=\"647d8ea\" data-element_type=\"column\">\n\t\t\t<div class=\"elementor-column-wrap elementor-element-populated\">\n\t\t\t\t\t\t\t<div class=\"elementor-widget-wrap\">\n\t\t\t\t\t\t<div class=\"elementor-element elementor-element-9624a3a elementor-widget elementor-widget-image\" data-id=\"9624a3a\" data-element_type=\"widget\" data-widget_type=\"image.default\">\n\t\t\t\t<div class=\"elementor-widget-container\">\n\t\t\t\t\t\t\t\t<div class=\"elementor-image\">\n\t\t\t\t\t\t\t\t\t\t\t\t<img loading=\"lazy\" decoding=\"async\" width=\"1024\" height=\"704\" src=\"https:\/\/androchem-laboratories.com\/wp-content\/uploads\/2024\/09\/Emperor-przekreslony-1024x704.png\" class=\"attachment-large size-large\" alt=\"\" srcset=\"https:\/\/androchem-laboratories.com\/wp-content\/uploads\/2024\/09\/Emperor-przekreslony-1024x704.png 1024w, https:\/\/androchem-laboratories.com\/wp-content\/uploads\/2024\/09\/Emperor-przekreslony-300x206.png 300w, https:\/\/androchem-laboratories.com\/wp-content\/uploads\/2024\/09\/Emperor-przekreslony-768x528.png 768w, https:\/\/androchem-laboratories.com\/wp-content\/uploads\/2024\/09\/Emperor-przekreslony-18x12.png 18w, https:\/\/androchem-laboratories.com\/wp-content\/uploads\/2024\/09\/Emperor-przekreslony-600x413.png 600w, https:\/\/androchem-laboratories.com\/wp-content\/uploads\/2024\/09\/Emperor-przekreslony.png 1134w\" sizes=\"auto, (max-width: 1024px) 100vw, 1024px\" \/>\t\t\t\t\t\t\t\t\t\t\t\t\t\t<\/div>\n\t\t\t\t\t\t<\/div>\n\t\t\t\t<\/div>\n\t\t\t\t\t\t<\/div>\n\t\t\t\t\t<\/div>\n\t\t<\/div>\n\t\t\t\t\t\t\t\t<\/div>\n\t\t\t\t\t<\/div>\n\t\t<\/section>\n\t\t\t\t<section class=\"elementor-section elementor-top-section elementor-element elementor-element-f63af14 elementor-section-boxed elementor-section-height-default elementor-section-height-default\" data-id=\"f63af14\" data-element_type=\"section\">\n\t\t\t\t\t\t<div class=\"elementor-container elementor-column-gap-default\">\n\t\t\t\t\t\t\t<div class=\"elementor-row\">\n\t\t\t\t\t<div class=\"elementor-column elementor-col-100 elementor-top-column elementor-element elementor-element-a132391\" data-id=\"a132391\" data-element_type=\"column\">\n\t\t\t<div class=\"elementor-column-wrap elementor-element-populated\">\n\t\t\t\t\t\t\t<div class=\"elementor-widget-wrap\">\n\t\t\t\t\t\t<div class=\"elementor-element elementor-element-6083c63 elementor-widget elementor-widget-heading\" data-id=\"6083c63\" data-element_type=\"widget\" data-widget_type=\"heading.default\">\n\t\t\t\t<div class=\"elementor-widget-container\">\n\t\t\t<h2 class=\"elementor-heading-title elementor-size-default\">Pozostajemy solidni i odporni.<\/h2>\t\t<\/div>\n\t\t\t\t<\/div>\n\t\t\t\t\t\t<\/div>\n\t\t\t\t\t<\/div>\n\t\t<\/div>\n\t\t\t\t\t\t\t\t<\/div>\n\t\t\t\t\t<\/div>\n\t\t<\/section>\n\t\t\t\t<section class=\"elementor-section elementor-top-section elementor-element elementor-element-04a69b2 elementor-section-boxed elementor-section-height-default elementor-section-height-default\" data-id=\"04a69b2\" data-element_type=\"section\">\n\t\t\t\t\t\t<div class=\"elementor-container elementor-column-gap-default\">\n\t\t\t\t\t\t\t<div class=\"elementor-row\">\n\t\t\t\t\t<div class=\"elementor-column elementor-col-100 elementor-top-column elementor-element elementor-element-84870b4\" data-id=\"84870b4\" data-element_type=\"column\">\n\t\t\t<div class=\"elementor-column-wrap elementor-element-populated\">\n\t\t\t\t\t\t\t<div class=\"elementor-widget-wrap\">\n\t\t\t\t\t\t<div class=\"elementor-element elementor-element-f3e423c elementor-widget elementor-widget-text-editor\" data-id=\"f3e423c\" data-element_type=\"widget\" data-widget_type=\"text-editor.default\">\n\t\t\t\t<div class=\"elementor-widget-container\">\n\t\t\t\t\t\t\t\t<div class=\"elementor-text-editor elementor-clearfix\">\n\t\t\t\t<p>Drodzy Klienci,<br><br>Nasza firma d\u0105\u017cy do utrzymania najwy\u017cszych standard\u00f3w profesjonalizmu i uczciwo\u015bci we wszystkich naszych dzia\u0142aniach. D\u0105\u017cymy do zapewnienia najczystszych, bezbolesnych produkt\u00f3w, wytwarzanych w \u015brodowisku farmaceutycznym.<br><br>Niedawno dowiedzieli\u015bmy si\u0119 o wprowadzaj\u0105cych w b\u0142\u0105d o\u015bwiadczeniach niekt\u00f3rych marek sugeruj\u0105cych, \u017ce jeste\u015bmy trwale wycofani z rynku i \u017ce ich produkty zast\u0105pi\u0142y nasze. Pragniemy zapewni\u0107, \u017ce o\u015bwiadczenia te s\u0105 nieprawdziwe. Pozostajemy zaanga\u017cowani w dostarczanie jako\u015bci, kt\u00f3rej oczekujesz i na kt\u00f3r\u0105 zas\u0142ugujesz.<br><br>Prosimy o zignorowanie wszelkich plotek i dalsze wspieranie nas, gdy razem idziemy naprz\u00f3d.<br><br>Dzi\u0119kujemy za wsparcie.<br><br><\/p>\t\t\t\t\t<\/div>\n\t\t\t\t\t\t<\/div>\n\t\t\t\t<\/div>\n\t\t\t\t\t\t<\/div>\n\t\t\t\t\t<\/div>\n\t\t<\/div>\n\t\t\t\t\t\t\t\t<\/div>\n\t\t\t\t\t<\/div>\n\t\t<\/section>\n\t\t\t\t\t\t<\/div>\n\t\t\t\t\t\t<\/div>\n\t\t\t\t\t<\/div>","protected":false},"excerpt":{"rendered":"<p>Pozostajemy solidni i odporni. Drodzy Klienci, Nasza firma d\u0105\u017cy do utrzymania najwy\u017cszych standard\u00f3w profesjonalizmu i uczciwo\u015bci we wszystkich naszych dzia\u0142aniach. Staramy si\u0119 dostarcza\u0107 najczystsze, bezbolesne produkty, wszystkie produkowane w \u015brodowisku farmaceutycznym. Niedawno dowiedzieli\u015bmy si\u0119 o wprowadzaj\u0105cych w b\u0142\u0105d o\u015bwiadczeniach niekt\u00f3rych marek sugeruj\u0105cych, \u017ce jeste\u015bmy trwale wycofani z rynku i \u017ce ich produkty zast\u0105pi\u0142y nasze. Pragniemy zapewni\u0107, \u017ce o\u015bwiadczenia te s\u0105 nieprawdziwe. Pozostajemy zaanga\u017cowani w dostarczanie jako\u015bci, kt\u00f3rej oczekujesz i na kt\u00f3r\u0105 zas\u0142ugujesz. Prosimy o zignorowanie wszelkich plotek i kontynuowanie wsp\u00f3\u0142pracy z nami...<\/p>","protected":false},"author":1,"featured_media":0,"parent":0,"menu_order":0,"comment_status":"closed","ping_status":"closed","template":"","meta":{"footnotes":""},"class_list":["post-1226","page","type-page","status-publish","hentry"],"blocksy_meta":{"styles_descriptor":{"styles":{"desktop":"","tablet":"","mobile":""},"google_fonts":[],"version":4}},"_links":{"self":[{"href":"https:\/\/androchem-laboratories.com\/pl\/wp-json\/wp\/v2\/pages\/1226","targetHints":{"allow":["GET"]}}],"collection":[{"href":"https:\/\/androchem-laboratories.com\/pl\/wp-json\/wp\/v2\/pages"}],"about":[{"href":"https:\/\/androchem-laboratories.com\/pl\/wp-json\/wp\/v2\/types\/page"}],"author":[{"embeddable":true,"href":"https:\/\/androchem-laboratories.com\/pl\/wp-json\/wp\/v2\/users\/1"}],"replies":[{"embeddable":true,"href":"https:\/\/androchem-laboratories.com\/pl\/wp-json\/wp\/v2\/comments?post=1226"}],"version-history":[{"count":3,"href":"https:\/\/androchem-laboratories.com\/pl\/wp-json\/wp\/v2\/pages\/1226\/revisions"}],"predecessor-version":[{"id":1258,"href":"https:\/\/androchem-laboratories.com\/pl\/wp-json\/wp\/v2\/pages\/1226\/revisions\/1258"}],"wp:attachment":[{"href":"https:\/\/androchem-laboratories.com\/pl\/wp-json\/wp\/v2\/media?parent=1226"}],"curies":[{"name":"wp","href":"https:\/\/api.w.org\/{rel}","templated":true}]}}