{"id":143,"date":"2022-02-28T14:11:47","date_gmt":"2022-02-28T13:11:47","guid":{"rendered":"https:\/\/androchem-laboratories.com\/?page_id=143"},"modified":"2022-09-09T09:51:59","modified_gmt":"2022-09-09T08:51:59","slug":"knowledge-base","status":"publish","type":"page","link":"https:\/\/androchem-laboratories.com\/it\/knowledge-base\/","title":{"rendered":"Base di conoscenza"},"content":{"rendered":"<div data-elementor-type=\"wp-page\" data-elementor-id=\"143\" class=\"elementor elementor-143\" data-elementor-settings=\"[]\">\n\t\t\t\t\t\t<div class=\"elementor-inner\">\n\t\t\t\t\t\t\t<div class=\"elementor-section-wrap\">\n\t\t\t\t\t\t\t<section class=\"elementor-section elementor-top-section elementor-element elementor-element-196d001 elementor-section-boxed elementor-section-height-default elementor-section-height-default\" data-id=\"196d001\" data-element_type=\"section\">\n\t\t\t\t\t\t<div class=\"elementor-container elementor-column-gap-default\">\n\t\t\t\t\t\t\t<div class=\"elementor-row\">\n\t\t\t\t\t<div class=\"elementor-column elementor-col-100 elementor-top-column elementor-element elementor-element-d0e38aa\" data-id=\"d0e38aa\" data-element_type=\"column\">\n\t\t\t<div class=\"elementor-column-wrap elementor-element-populated\">\n\t\t\t\t\t\t\t<div class=\"elementor-widget-wrap\">\n\t\t\t\t\t\t<div class=\"elementor-element elementor-element-c68c226 elementor-grid-2 elementor-grid-tablet-2 elementor-grid-mobile-1 elementor-posts--thumbnail-top elementor-posts--show-avatar elementor-card-shadow-yes elementor-posts__hover-gradient elementor-widget elementor-widget-posts\" data-id=\"c68c226\" data-element_type=\"widget\" data-settings=\"{&quot;cards_columns&quot;:&quot;2&quot;,&quot;pagination_type&quot;:&quot;numbers&quot;,&quot;cards_columns_tablet&quot;:&quot;2&quot;,&quot;cards_columns_mobile&quot;:&quot;1&quot;,&quot;cards_row_gap&quot;:{&quot;unit&quot;:&quot;px&quot;,&quot;size&quot;:35,&quot;sizes&quot;:[]},&quot;cards_row_gap_tablet&quot;:{&quot;unit&quot;:&quot;px&quot;,&quot;size&quot;:&quot;&quot;,&quot;sizes&quot;:[]},&quot;cards_row_gap_mobile&quot;:{&quot;unit&quot;:&quot;px&quot;,&quot;size&quot;:&quot;&quot;,&quot;sizes&quot;:[]}}\" data-widget_type=\"posts.cards\">\n\t\t\t\t<div class=\"elementor-widget-container\">\n\t\t\t\t\t<div class=\"elementor-posts-container elementor-posts elementor-posts--skin-cards elementor-grid\">\n\t\t\t\t<article class=\"elementor-post elementor-grid-item post-1220 post type-post status-publish format-standard has-post-thumbnail hentry category-uncategorized\">\n\t\t\t<div class=\"elementor-post__card\">\n\t\t\t\t<a class=\"elementor-post__thumbnail__link\" href=\"https:\/\/androchem-laboratories.com\/it\/2022\/09\/09\/the-forgotten-legend-of-eca-stack\/\" ><div class=\"elementor-post__thumbnail\"><img loading=\"lazy\" decoding=\"async\" width=\"300\" height=\"169\" src=\"https:\/\/androchem-laboratories.com\/wp-content\/uploads\/2022\/09\/81iNgLus2L._SL1500_-300x169.jpg\" class=\"attachment-medium size-medium\" alt=\"\" srcset=\"https:\/\/androchem-laboratories.com\/wp-content\/uploads\/2022\/09\/81iNgLus2L._SL1500_-300x169.jpg 300w, https:\/\/androchem-laboratories.com\/wp-content\/uploads\/2022\/09\/81iNgLus2L._SL1500_-1024x576.jpg 1024w, https:\/\/androchem-laboratories.com\/wp-content\/uploads\/2022\/09\/81iNgLus2L._SL1500_-768x432.jpg 768w, https:\/\/androchem-laboratories.com\/wp-content\/uploads\/2022\/09\/81iNgLus2L._SL1500_-18x10.jpg 18w, https:\/\/androchem-laboratories.com\/wp-content\/uploads\/2022\/09\/81iNgLus2L._SL1500_-600x338.jpg 600w, https:\/\/androchem-laboratories.com\/wp-content\/uploads\/2022\/09\/81iNgLus2L._SL1500_.jpg 1500w\" sizes=\"auto, (max-width: 300px) 100vw, 300px\" \/><\/div><\/a>\n\t\t\t\t<div class=\"elementor-post__badge\">Senza categoria<\/div>\n\t\t\t\t<div class=\"elementor-post__avatar\">\n\t\t\t<img alt='jarosuaff22' src='https:\/\/secure.gravatar.com\/avatar\/3b90b1f90f01cfa55433de67148ee1c308b6f2979e1beadcbadd3911841b055b?s=128&#038;d=mm&#038;r=g' srcset='https:\/\/secure.gravatar.com\/avatar\/3b90b1f90f01cfa55433de67148ee1c308b6f2979e1beadcbadd3911841b055b?s=256&#038;d=mm&#038;r=g 2x' class='avatar avatar-128 photo' height='128' width='128' \/>\t\t<\/div>\n\t\t\t\t<div class=\"elementor-post__text\">\n\t\t\t\t<h3 class=\"elementor-post__title\">\n\t\t\t<a href=\"https:\/\/androchem-laboratories.com\/it\/2022\/09\/09\/the-forgotten-legend-of-eca-stack\/\" >\n\t\t\t\tLa leggenda dimenticata di ECA Stack\t\t\t<\/a>\n\t\t<\/h3>\n\t\t\t\t<div class=\"elementor-post__excerpt\">\n\t\t\t<p>ECA Stack - che fine ha fatto la leggendaria efedra?         ECA Stack \u00e8 un nome ombrello per i prodotti costituiti da tre componenti rigorosamente definiti, ovvero Efedrina (E - efedrina) Caffeina (C - caffeina) Aspirina (A - aspirina) presenti in proporzioni diverse, ma sempre nella stessa combinazione! La sistematizzazione di cui sopra \u00e8 stata fatta per chiarire qualsiasi dubbio su ci\u00f2 di cui parla l'articolo, su ci\u00f2 che descrive e su ci\u00f2 che non descrive. Nello specifico, ci riferiamo all'innumerevole numero di incandescenze che fingono di contenere efedra, insinuando che ne contengano, ma che in realt\u00e0 non ne contengono. Siamo<\/p>\n\t\t<\/div>\n\t\t\t\t\t<a class=\"elementor-post__read-more\" href=\"https:\/\/androchem-laboratories.com\/it\/2022\/09\/09\/the-forgotten-legend-of-eca-stack\/\" >\n\t\t\t\tLeggi tutto \"\t\t\t<\/a>\n\t\t\t\t<\/div>\n\t\t\t\t<div class=\"elementor-post__meta-data\">\n\t\t\t\t\t<span class=\"elementor-post-date\">\n\t\t\t9 settembre 2022\t\t<\/span>\n\t\t\t\t<span class=\"elementor-post-avatar\">\n\t\t\tNessun commento\t\t<\/span>\n\t\t\t\t<\/div>\n\t\t\t\t\t<\/div>\n\t\t<\/article>\n\t\t\t\t<article class=\"elementor-post elementor-grid-item post-1214 post type-post status-publish format-standard has-post-thumbnail hentry category-uncategorized\">\n\t\t\t<div class=\"elementor-post__card\">\n\t\t\t\t<a class=\"elementor-post__thumbnail__link\" href=\"https:\/\/androchem-laboratories.com\/it\/2022\/09\/09\/clomid-clomifene-all-you-need-to-know\/\" ><div class=\"elementor-post__thumbnail\"><img loading=\"lazy\" decoding=\"async\" width=\"300\" height=\"203\" src=\"https:\/\/androchem-laboratories.com\/wp-content\/uploads\/2022\/09\/clomid-1-300x203.jpg\" class=\"attachment-medium size-medium\" alt=\"\" srcset=\"https:\/\/androchem-laboratories.com\/wp-content\/uploads\/2022\/09\/clomid-1-300x203.jpg 300w, https:\/\/androchem-laboratories.com\/wp-content\/uploads\/2022\/09\/clomid-1-18x12.jpg 18w, https:\/\/androchem-laboratories.com\/wp-content\/uploads\/2022\/09\/clomid-1.jpg 600w\" sizes=\"auto, (max-width: 300px) 100vw, 300px\" \/><\/div><\/a>\n\t\t\t\t<div class=\"elementor-post__badge\">Senza categoria<\/div>\n\t\t\t\t<div class=\"elementor-post__avatar\">\n\t\t\t<img alt='jarosuaff22' src='https:\/\/secure.gravatar.com\/avatar\/3b90b1f90f01cfa55433de67148ee1c308b6f2979e1beadcbadd3911841b055b?s=128&#038;d=mm&#038;r=g' srcset='https:\/\/secure.gravatar.com\/avatar\/3b90b1f90f01cfa55433de67148ee1c308b6f2979e1beadcbadd3911841b055b?s=256&#038;d=mm&#038;r=g 2x' class='avatar avatar-128 photo' height='128' width='128' \/>\t\t<\/div>\n\t\t\t\t<div class=\"elementor-post__text\">\n\t\t\t\t<h3 class=\"elementor-post__title\">\n\t\t\t<a href=\"https:\/\/androchem-laboratories.com\/it\/2022\/09\/09\/clomid-clomifene-all-you-need-to-know\/\" >\n\t\t\t\tClomid (clomifene) - tutto quello che c'\u00e8 da sapere\t\t\t<\/a>\n\t\t<\/h3>\n\t\t\t\t<div class=\"elementor-post__excerpt\">\n\t\t\t<p>Clomid - cos'\u00e8, come funziona, come si somministra. Informazioni di base sul farmaco nella forma pi\u00f9 breve e informativa Descrizione generale Clomid \u00e8 il nome comune del clomifene citrato, un farmaco utilizzato per il trattamento dell'infertilit\u00e0 femminile. La sua azione consiste nel ridurre l'effetto negativo degli estrogeni sull'asse ipotalamo-ipofisi-ovaio, aumentando la secrezione di LH e FSH, che ha l'effetto di stimolare l'insorgenza dell'ovulazione. azione generale Tuttavia, questo non \u00e8 l'unico uso di questo preparato: viene utilizzato anche nel doping. L'azione del clomifene citrato si basa sul blocco della<\/p>\n\t\t<\/div>\n\t\t\t\t\t<a class=\"elementor-post__read-more\" href=\"https:\/\/androchem-laboratories.com\/it\/2022\/09\/09\/clomid-clomifene-all-you-need-to-know\/\" >\n\t\t\t\tLeggi tutto \"\t\t\t<\/a>\n\t\t\t\t<\/div>\n\t\t\t\t<div class=\"elementor-post__meta-data\">\n\t\t\t\t\t<span class=\"elementor-post-date\">\n\t\t\t9 settembre 2022\t\t<\/span>\n\t\t\t\t<span class=\"elementor-post-avatar\">\n\t\t\tNessun commento\t\t<\/span>\n\t\t\t\t<\/div>\n\t\t\t\t\t<\/div>\n\t\t<\/article>\n\t\t\t\t<article class=\"elementor-post elementor-grid-item post-1190 post type-post status-publish format-standard has-post-thumbnail hentry category-uncategorized\">\n\t\t\t<div class=\"elementor-post__card\">\n\t\t\t\t<a class=\"elementor-post__thumbnail__link\" href=\"https:\/\/androchem-laboratories.com\/it\/2022\/09\/07\/most-comprehensive-list-of-steroids-all-explained\/\" ><div class=\"elementor-post__thumbnail\"><img loading=\"lazy\" decoding=\"async\" width=\"300\" height=\"169\" src=\"https:\/\/androchem-laboratories.com\/wp-content\/uploads\/2022\/09\/listofS-300x169.jpg\" class=\"attachment-medium size-medium\" alt=\"\" srcset=\"https:\/\/androchem-laboratories.com\/wp-content\/uploads\/2022\/09\/listofS-300x169.jpg 300w, https:\/\/androchem-laboratories.com\/wp-content\/uploads\/2022\/09\/listofS-1024x576.jpg 1024w, https:\/\/androchem-laboratories.com\/wp-content\/uploads\/2022\/09\/listofS-768x432.jpg 768w, https:\/\/androchem-laboratories.com\/wp-content\/uploads\/2022\/09\/listofS-18x10.jpg 18w, https:\/\/androchem-laboratories.com\/wp-content\/uploads\/2022\/09\/listofS-600x338.jpg 600w, https:\/\/androchem-laboratories.com\/wp-content\/uploads\/2022\/09\/listofS.jpg 1280w\" sizes=\"auto, (max-width: 300px) 100vw, 300px\" \/><\/div><\/a>\n\t\t\t\t<div class=\"elementor-post__badge\">Senza categoria<\/div>\n\t\t\t\t<div class=\"elementor-post__avatar\">\n\t\t\t<img alt='jarosuaff22' src='https:\/\/secure.gravatar.com\/avatar\/3b90b1f90f01cfa55433de67148ee1c308b6f2979e1beadcbadd3911841b055b?s=128&#038;d=mm&#038;r=g' srcset='https:\/\/secure.gravatar.com\/avatar\/3b90b1f90f01cfa55433de67148ee1c308b6f2979e1beadcbadd3911841b055b?s=256&#038;d=mm&#038;r=g 2x' class='avatar avatar-128 photo' height='128' width='128' \/>\t\t<\/div>\n\t\t\t\t<div class=\"elementor-post__text\">\n\t\t\t\t<h3 class=\"elementor-post__title\">\n\t\t\t<a href=\"https:\/\/androchem-laboratories.com\/it\/2022\/09\/07\/most-comprehensive-list-of-steroids-all-explained\/\" >\n\t\t\t\tL'elenco pi\u00f9 completo di steroidi, tutto spiegato\t\t\t<\/a>\n\t\t<\/h3>\n\t\t\t\t<div class=\"elementor-post__excerpt\">\n\t\t\t<p>Elenco degli steroidi utilizzati nello sport 1.1 Testosterone Testosterone propionato (100 mg) 1.1.2. Testosterone enantato (250 mg) 1.1.3. Testosterone enantato (250 mg) 1.1.3. Testosterone cipionato (250 mg) 1.1.4. Testosterone sustanon (250 mg) 1.1.5. Testosterone mix (300, 400 mg) 1.2 Nandrolone 1.2.1. Nandrolone fenilpropionato (100 mg) 1.2.2. Nandrolone decanoato 1.2.3. Nandrolone Mix (300 mg) 1.3 Masteron 1.3.1. Masteron propionato (100 mg) 1.3.2. Masteron enantato (200 mg) 1.3.3. Masteron Mix (200 mg) 1.4 Boldenone 1.4.1. Tribold, Bold mix, equipoise 1.5 Trenbolone 1.6 Metanabol 1.6.1 Non ne ho la pi\u00f9 pallida idea 1.7 Winstrol 1.7.1 Winstrol depot - una leggenda dimenticata degli anni '90 1.8 Anapolon 1.8.1 Anapolon - quale dosaggio<\/p>\n\t\t<\/div>\n\t\t\t\t\t<a class=\"elementor-post__read-more\" href=\"https:\/\/androchem-laboratories.com\/it\/2022\/09\/07\/most-comprehensive-list-of-steroids-all-explained\/\" >\n\t\t\t\tLeggi tutto \"\t\t\t<\/a>\n\t\t\t\t<\/div>\n\t\t\t\t<div class=\"elementor-post__meta-data\">\n\t\t\t\t\t<span class=\"elementor-post-date\">\n\t\t\t7 settembre 2022\t\t<\/span>\n\t\t\t\t<span class=\"elementor-post-avatar\">\n\t\t\tNessun commento\t\t<\/span>\n\t\t\t\t<\/div>\n\t\t\t\t\t<\/div>\n\t\t<\/article>\n\t\t\t\t<article class=\"elementor-post elementor-grid-item post-1188 post type-post status-publish format-standard has-post-thumbnail hentry category-uncategorized\">\n\t\t\t<div class=\"elementor-post__card\">\n\t\t\t\t<a class=\"elementor-post__thumbnail__link\" href=\"https:\/\/androchem-laboratories.com\/it\/2022\/09\/07\/steroid-addiction-real-disorder-or-media-fiction\/\" ><div class=\"elementor-post__thumbnail\"><img loading=\"lazy\" decoding=\"async\" width=\"300\" height=\"200\" src=\"https:\/\/androchem-laboratories.com\/wp-content\/uploads\/2022\/09\/Some-of-The-Best-Legal-Steroids-for-Sale-300x200.jpg\" class=\"attachment-medium size-medium\" alt=\"\" srcset=\"https:\/\/androchem-laboratories.com\/wp-content\/uploads\/2022\/09\/Some-of-The-Best-Legal-Steroids-for-Sale-300x200.jpg 300w, https:\/\/androchem-laboratories.com\/wp-content\/uploads\/2022\/09\/Some-of-The-Best-Legal-Steroids-for-Sale-1024x683.jpg 1024w, https:\/\/androchem-laboratories.com\/wp-content\/uploads\/2022\/09\/Some-of-The-Best-Legal-Steroids-for-Sale-768x512.jpg 768w, https:\/\/androchem-laboratories.com\/wp-content\/uploads\/2022\/09\/Some-of-The-Best-Legal-Steroids-for-Sale-18x12.jpg 18w, https:\/\/androchem-laboratories.com\/wp-content\/uploads\/2022\/09\/Some-of-The-Best-Legal-Steroids-for-Sale-600x400.jpg 600w, https:\/\/androchem-laboratories.com\/wp-content\/uploads\/2022\/09\/Some-of-The-Best-Legal-Steroids-for-Sale.jpg 1200w\" sizes=\"auto, (max-width: 300px) 100vw, 300px\" \/><\/div><\/a>\n\t\t\t\t<div class=\"elementor-post__badge\">Senza categoria<\/div>\n\t\t\t\t<div class=\"elementor-post__avatar\">\n\t\t\t<img alt='jarosuaff22' src='https:\/\/secure.gravatar.com\/avatar\/3b90b1f90f01cfa55433de67148ee1c308b6f2979e1beadcbadd3911841b055b?s=128&#038;d=mm&#038;r=g' srcset='https:\/\/secure.gravatar.com\/avatar\/3b90b1f90f01cfa55433de67148ee1c308b6f2979e1beadcbadd3911841b055b?s=256&#038;d=mm&#038;r=g 2x' class='avatar avatar-128 photo' height='128' width='128' \/>\t\t<\/div>\n\t\t\t\t<div class=\"elementor-post__text\">\n\t\t\t\t<h3 class=\"elementor-post__title\">\n\t\t\t<a href=\"https:\/\/androchem-laboratories.com\/it\/2022\/09\/07\/steroid-addiction-real-disorder-or-media-fiction\/\" >\n\t\t\t\tDipendenza da steroidi: disturbo reale o finzione mediatica?\t\t\t<\/a>\n\t\t<\/h3>\n\t\t\t\t<div class=\"elementor-post__excerpt\">\n\t\t\t<p>Dipendenza da steroidi: disturbo reale o finzione mediatica? 1. Una premessa Gli steroidi anabolizzanti-androgeni creano dipendenza? Quando ho sentito questa domanda per la prima volta ho avuto un grosso problema a non prenderla come sarcasmo. In tutto il tempo in cui mi sono occupato di sport di figura, non ho mai incontrato una persona che sollevasse la questione della dipendenza da steroidi con me. E credetemi, nel corso degli anni le persone mi hanno raccontato storie davvero assurde in confidenza. Ma nessuno ha mai ammesso di aver perso il controllo della propria vita a causa di questi farmaci. Ciononostante, alcune persone iniziano a chiederselo<\/p>\n\t\t<\/div>\n\t\t\t\t\t<a class=\"elementor-post__read-more\" href=\"https:\/\/androchem-laboratories.com\/it\/2022\/09\/07\/steroid-addiction-real-disorder-or-media-fiction\/\" >\n\t\t\t\tLeggi tutto \"\t\t\t<\/a>\n\t\t\t\t<\/div>\n\t\t\t\t<div class=\"elementor-post__meta-data\">\n\t\t\t\t\t<span class=\"elementor-post-date\">\n\t\t\t7 settembre 2022\t\t<\/span>\n\t\t\t\t<span class=\"elementor-post-avatar\">\n\t\t\tNessun commento\t\t<\/span>\n\t\t\t\t<\/div>\n\t\t\t\t\t<\/div>\n\t\t<\/article>\n\t\t\t\t<article class=\"elementor-post elementor-grid-item post-1186 post type-post status-publish format-standard has-post-thumbnail hentry category-uncategorized\">\n\t\t\t<div class=\"elementor-post__card\">\n\t\t\t\t<a class=\"elementor-post__thumbnail__link\" href=\"https:\/\/androchem-laboratories.com\/it\/2022\/09\/07\/side-effects-of-steroids-a-short-list-with-possible-solutions\/\" ><div class=\"elementor-post__thumbnail\"><img loading=\"lazy\" decoding=\"async\" width=\"300\" height=\"220\" src=\"https:\/\/androchem-laboratories.com\/wp-content\/uploads\/2022\/09\/standing1-300x220.jpg\" class=\"attachment-medium size-medium\" alt=\"\" srcset=\"https:\/\/androchem-laboratories.com\/wp-content\/uploads\/2022\/09\/standing1-300x220.jpg 300w, https:\/\/androchem-laboratories.com\/wp-content\/uploads\/2022\/09\/standing1-768x564.jpg 768w, https:\/\/androchem-laboratories.com\/wp-content\/uploads\/2022\/09\/standing1-16x12.jpg 16w, https:\/\/androchem-laboratories.com\/wp-content\/uploads\/2022\/09\/standing1-600x441.jpg 600w, https:\/\/androchem-laboratories.com\/wp-content\/uploads\/2022\/09\/standing1.jpg 984w\" sizes=\"auto, (max-width: 300px) 100vw, 300px\" \/><\/div><\/a>\n\t\t\t\t<div class=\"elementor-post__badge\">Senza categoria<\/div>\n\t\t\t\t<div class=\"elementor-post__avatar\">\n\t\t\t<img alt='jarosuaff22' src='https:\/\/secure.gravatar.com\/avatar\/3b90b1f90f01cfa55433de67148ee1c308b6f2979e1beadcbadd3911841b055b?s=128&#038;d=mm&#038;r=g' srcset='https:\/\/secure.gravatar.com\/avatar\/3b90b1f90f01cfa55433de67148ee1c308b6f2979e1beadcbadd3911841b055b?s=256&#038;d=mm&#038;r=g 2x' class='avatar avatar-128 photo' height='128' width='128' \/>\t\t<\/div>\n\t\t\t\t<div class=\"elementor-post__text\">\n\t\t\t\t<h3 class=\"elementor-post__title\">\n\t\t\t<a href=\"https:\/\/androchem-laboratories.com\/it\/2022\/09\/07\/side-effects-of-steroids-a-short-list-with-possible-solutions\/\" >\n\t\t\t\tEffetti collaterali degli steroidi, un breve elenco con possibili soluzioni\t\t\t<\/a>\n\t\t<\/h3>\n\t\t\t\t<div class=\"elementor-post__excerpt\">\n\t\t\t<p>Effetti collaterali degli steroidi, un breve elenco con possibili soluzioni L'uso di ogni possibile steroide (non solo di quelli androgeno-anabolizzanti) comporta il rischio di effetti collaterali. I rischi e la loro gravit\u00e0 sono strettamente correlati alle dosi utilizzate, tuttavia non esiste un modo per eliminare completamente i rischi, sia lievi che potenzialmente pericolosi, associati all'uso di steroidi anabolizzanti. Alcuni degli effetti collaterali pi\u00f9 comuni che si possono verificare sono: Ritenzione di liquidi A causa del rapido aumento della massa muscolare e dell'incremento dei livelli di estrogeni, nell'organismo si verifica un'eccessiva ritenzione idrica. In una certa misura,<\/p>\n\t\t<\/div>\n\t\t\t\t\t<a class=\"elementor-post__read-more\" href=\"https:\/\/androchem-laboratories.com\/it\/2022\/09\/07\/side-effects-of-steroids-a-short-list-with-possible-solutions\/\" >\n\t\t\t\tLeggi tutto \"\t\t\t<\/a>\n\t\t\t\t<\/div>\n\t\t\t\t<div class=\"elementor-post__meta-data\">\n\t\t\t\t\t<span class=\"elementor-post-date\">\n\t\t\t7 settembre 2022\t\t<\/span>\n\t\t\t\t<span class=\"elementor-post-avatar\">\n\t\t\tNessun commento\t\t<\/span>\n\t\t\t\t<\/div>\n\t\t\t\t\t<\/div>\n\t\t<\/article>\n\t\t\t\t<article class=\"elementor-post elementor-grid-item post-1184 post type-post status-publish format-standard has-post-thumbnail hentry category-uncategorized\">\n\t\t\t<div class=\"elementor-post__card\">\n\t\t\t\t<a class=\"elementor-post__thumbnail__link\" href=\"https:\/\/androchem-laboratories.com\/it\/2022\/09\/07\/getting-in-shape-in-time-for-summer\/\" ><div class=\"elementor-post__thumbnail\"><img loading=\"lazy\" decoding=\"async\" width=\"300\" height=\"200\" src=\"https:\/\/androchem-laboratories.com\/wp-content\/uploads\/2022\/09\/Cach_giup_nam_gioi_tre_trung_1-300x200.webp\" class=\"attachment-medium size-medium\" alt=\"\" srcset=\"https:\/\/androchem-laboratories.com\/wp-content\/uploads\/2022\/09\/Cach_giup_nam_gioi_tre_trung_1-300x200.webp 300w, https:\/\/androchem-laboratories.com\/wp-content\/uploads\/2022\/09\/Cach_giup_nam_gioi_tre_trung_1-1024x683.webp 1024w, https:\/\/androchem-laboratories.com\/wp-content\/uploads\/2022\/09\/Cach_giup_nam_gioi_tre_trung_1-768x512.webp 768w, https:\/\/androchem-laboratories.com\/wp-content\/uploads\/2022\/09\/Cach_giup_nam_gioi_tre_trung_1-1536x1024.webp 1536w, https:\/\/androchem-laboratories.com\/wp-content\/uploads\/2022\/09\/Cach_giup_nam_gioi_tre_trung_1-18x12.webp 18w, https:\/\/androchem-laboratories.com\/wp-content\/uploads\/2022\/09\/Cach_giup_nam_gioi_tre_trung_1-600x400.webp 600w, https:\/\/androchem-laboratories.com\/wp-content\/uploads\/2022\/09\/Cach_giup_nam_gioi_tre_trung_1.webp 1920w\" sizes=\"auto, (max-width: 300px) 100vw, 300px\" \/><\/div><\/a>\n\t\t\t\t<div class=\"elementor-post__badge\">Senza categoria<\/div>\n\t\t\t\t<div class=\"elementor-post__avatar\">\n\t\t\t<img alt='jarosuaff22' src='https:\/\/secure.gravatar.com\/avatar\/3b90b1f90f01cfa55433de67148ee1c308b6f2979e1beadcbadd3911841b055b?s=128&#038;d=mm&#038;r=g' srcset='https:\/\/secure.gravatar.com\/avatar\/3b90b1f90f01cfa55433de67148ee1c308b6f2979e1beadcbadd3911841b055b?s=256&#038;d=mm&#038;r=g 2x' class='avatar avatar-128 photo' height='128' width='128' \/>\t\t<\/div>\n\t\t\t\t<div class=\"elementor-post__text\">\n\t\t\t\t<h3 class=\"elementor-post__title\">\n\t\t\t<a href=\"https:\/\/androchem-laboratories.com\/it\/2022\/09\/07\/getting-in-shape-in-time-for-summer\/\" >\n\t\t\t\tRimettersi in forma in tempo per l'estate\t\t\t<\/a>\n\t\t<\/h3>\n\t\t\t\t<div class=\"elementor-post__excerpt\">\n\t\t\t<p>Rimettersi in forma in tempo per l'estate - Propionato e Oxandrolone come soluzione pi\u00f9 sicura ed espressa.   Siamo tutti stufi delle attuali restrizioni imposte dalla lotta contro il virus. La nostra forma fisica ne ha risentito, perch\u00e9 come allenarsi quando non c'\u00e8 nessun posto dove andare. Forse un tale periodo di recupero \u00e8 utile, ma di solito il periodo pre-vacanziero era tutto dedicato ad affinare la nostra forma per l'estate. Ultimi incrementi, un po' di taglio e la spiaggia. La buona notizia \u00e8 che le palestre inizieranno presto.<\/p>\n\t\t<\/div>\n\t\t\t\t\t<a class=\"elementor-post__read-more\" href=\"https:\/\/androchem-laboratories.com\/it\/2022\/09\/07\/getting-in-shape-in-time-for-summer\/\" >\n\t\t\t\tLeggi tutto \"\t\t\t<\/a>\n\t\t\t\t<\/div>\n\t\t\t\t<div class=\"elementor-post__meta-data\">\n\t\t\t\t\t<span class=\"elementor-post-date\">\n\t\t\t7 settembre 2022\t\t<\/span>\n\t\t\t\t<span class=\"elementor-post-avatar\">\n\t\t\tNessun commento\t\t<\/span>\n\t\t\t\t<\/div>\n\t\t\t\t\t<\/div>\n\t\t<\/article>\n\t\t\t\t<\/div>\n\n\n\t\t\n\t\t\t\t<div class=\"e-load-more-anchor\" data-page=\"1\" data-max-page=\"3\" data-next-page=\"https:\/\/androchem-laboratories.com\/it\/wp-json\/wp\/v2\/pages\/143\/page\/2\/\"><\/div>\n\t\t\t\t<nav class=\"elementor-pagination\" role=\"navigation\" aria-label=\"Paginazione\">\n\t\t\t<span aria-current=\"page\" class=\"page-numbers current\"><span class=\"elementor-screen-only\">Pagina<\/span>1<\/span>\n<a class=\"page-numbers\" href=\"https:\/\/androchem-laboratories.com\/it\/wp-json\/wp\/v2\/pages\/143\/page\/2\/\"><span class=\"elementor-screen-only\">Pagina<\/span>2<\/a>\n<a class=\"page-numbers\" href=\"https:\/\/androchem-laboratories.com\/it\/wp-json\/wp\/v2\/pages\/143\/page\/3\/\"><span class=\"elementor-screen-only\">Pagina<\/span>3<\/a>\t\t<\/nav>\n\t\t\t\t<\/div>\n\t\t\t\t<\/div>\n\t\t\t\t\t\t<\/div>\n\t\t\t\t\t<\/div>\n\t\t<\/div>\n\t\t\t\t\t\t\t\t<\/div>\n\t\t\t\t\t<\/div>\n\t\t<\/section>\n\t\t\t\t\t\t<\/div>\n\t\t\t\t\t\t<\/div>\n\t\t\t\t\t<\/div>","protected":false},"excerpt":{"rendered":"","protected":false},"author":1,"featured_media":0,"parent":0,"menu_order":0,"comment_status":"closed","ping_status":"closed","template":"","meta":{"footnotes":""},"class_list":["post-143","page","type-page","status-publish","hentry"],"blocksy_meta":{"styles_descriptor":{"styles":{"desktop":"","tablet":"","mobile":""},"google_fonts":[],"version":4}},"_links":{"self":[{"href":"https:\/\/androchem-laboratories.com\/it\/wp-json\/wp\/v2\/pages\/143","targetHints":{"allow":["GET"]}}],"collection":[{"href":"https:\/\/androchem-laboratories.com\/it\/wp-json\/wp\/v2\/pages"}],"about":[{"href":"https:\/\/androchem-laboratories.com\/it\/wp-json\/wp\/v2\/types\/page"}],"author":[{"embeddable":true,"href":"https:\/\/androchem-laboratories.com\/it\/wp-json\/wp\/v2\/users\/1"}],"replies":[{"embeddable":true,"href":"https:\/\/androchem-laboratories.com\/it\/wp-json\/wp\/v2\/comments?post=143"}],"version-history":[{"count":36,"href":"https:\/\/androchem-laboratories.com\/it\/wp-json\/wp\/v2\/pages\/143\/revisions"}],"predecessor-version":[{"id":1202,"href":"https:\/\/androchem-laboratories.com\/it\/wp-json\/wp\/v2\/pages\/143\/revisions\/1202"}],"wp:attachment":[{"href":"https:\/\/androchem-laboratories.com\/it\/wp-json\/wp\/v2\/media?parent=143"}],"curies":[{"name":"wp","href":"https:\/\/api.w.org\/{rel}","templated":true}]}}