{"id":141,"date":"2022-02-28T14:11:31","date_gmt":"2022-02-28T13:11:31","guid":{"rendered":"https:\/\/androchem-laboratories.com\/?page_id=141"},"modified":"2022-03-23T10:17:35","modified_gmt":"2022-03-23T09:17:35","slug":"about","status":"publish","type":"page","link":"https:\/\/androchem-laboratories.com\/it\/about\/","title":{"rendered":"Informazioni su"},"content":{"rendered":"<div data-elementor-type=\"wp-page\" data-elementor-id=\"141\" class=\"elementor elementor-141\" data-elementor-settings=\"[]\">\n\t\t\t\t\t\t<div class=\"elementor-inner\">\n\t\t\t\t\t\t\t<div class=\"elementor-section-wrap\">\n\t\t\t\t\t\t\t<section class=\"elementor-section elementor-top-section elementor-element elementor-element-a32d8d9 elementor-section-boxed elementor-section-height-default elementor-section-height-default\" data-id=\"a32d8d9\" data-element_type=\"section\">\n\t\t\t\t\t\t<div class=\"elementor-container elementor-column-gap-default\">\n\t\t\t\t\t\t\t<div class=\"elementor-row\">\n\t\t\t\t\t<div class=\"elementor-column elementor-col-100 elementor-top-column elementor-element elementor-element-e4da3af\" data-id=\"e4da3af\" data-element_type=\"column\">\n\t\t\t<div class=\"elementor-column-wrap elementor-element-populated\">\n\t\t\t\t\t\t\t<div class=\"elementor-widget-wrap\">\n\t\t\t\t\t\t<div class=\"elementor-element elementor-element-2ac8288 elementor-aspect-ratio-169 elementor-widget elementor-widget-video\" data-id=\"2ac8288\" data-element_type=\"widget\" data-settings=\"{&quot;video_type&quot;:&quot;vimeo&quot;,&quot;aspect_ratio&quot;:&quot;169&quot;}\" data-widget_type=\"video.default\">\n\t\t\t\t<div class=\"elementor-widget-container\">\n\t\t\t\t\t<div class=\"elementor-wrapper elementor-fit-aspect-ratio elementor-open-inline\">\n\t\t\t<iframe class=\"elementor-video-iframe\" allowfullscreen title=\"Lettore video vimeo\" src=\"https:\/\/player.vimeo.com\/video\/689830773?color&amp;autopause=0&amp;loop=0&amp;muted=0&amp;title=1&amp;portrait=1&amp;byline=1#t=\"><\/iframe>\t\t<\/div>\n\t\t\t\t<\/div>\n\t\t\t\t<\/div>\n\t\t\t\t\t\t<\/div>\n\t\t\t\t\t<\/div>\n\t\t<\/div>\n\t\t\t\t\t\t\t\t<\/div>\n\t\t\t\t\t<\/div>\n\t\t<\/section>\n\t\t\t\t<section class=\"elementor-section elementor-top-section elementor-element elementor-element-10558cf elementor-section-boxed elementor-section-height-default elementor-section-height-default\" data-id=\"10558cf\" data-element_type=\"section\" data-settings=\"{&quot;background_background&quot;:&quot;classic&quot;}\">\n\t\t\t\t\t\t<div class=\"elementor-container elementor-column-gap-default\">\n\t\t\t\t\t\t\t<div class=\"elementor-row\">\n\t\t\t\t\t<div class=\"elementor-column elementor-col-50 elementor-top-column elementor-element elementor-element-4bdbe8e\" data-id=\"4bdbe8e\" data-element_type=\"column\" data-settings=\"{&quot;background_background&quot;:&quot;classic&quot;}\">\n\t\t\t<div class=\"elementor-column-wrap elementor-element-populated\">\n\t\t\t\t\t\t\t<div class=\"elementor-widget-wrap\">\n\t\t\t\t\t\t<div class=\"elementor-element elementor-element-601c8db elementor-widget elementor-widget-heading\" data-id=\"601c8db\" data-element_type=\"widget\" data-widget_type=\"heading.default\">\n\t\t\t\t<div class=\"elementor-widget-container\">\n\t\t\t<h2 class=\"elementor-heading-title elementor-size-default\">La nostra MISSIONE<\/h2>\t\t<\/div>\n\t\t\t\t<\/div>\n\t\t\t\t<div class=\"elementor-element elementor-element-b19ac14 elementor-widget elementor-widget-text-editor\" data-id=\"b19ac14\" data-element_type=\"widget\" data-widget_type=\"text-editor.default\">\n\t\t\t\t<div class=\"elementor-widget-container\">\n\t\t\t\t\t\t\t\t<div class=\"elementor-text-editor elementor-clearfix\">\n\t\t\t\t<p>Benvenuti a Androchem Laboratories, La missione della nostra azienda, \u00e8 quello di aiutare le persone in tutto il mondo per rafforzare la salute, aumentare le prestazioni sportive e raggiungere i loro obiettivi. Cos\u00ec, la nostra azienda farmaceutica nella sua attivit\u00e0 utilizza solo soluzioni innovative, con centri di ricerca leader nel mondo, facendo prodotti di qualit\u00e0 eccezionale. Se ti stai chiedendo perch\u00e9 dovresti comprare i prodotti Androchem, allora ecco qualcosa che ti aiuter\u00e0 a sapere che stai prendendo la migliore decisione possibile. Prima di tutto, vorrete sapere con certezza che state ottenendo prodotti che saranno efficaci e sicuri per voi. Con Androchem Laboratories potete stare certi che otterrete questo e molto di pi\u00f9.<\/p>\t\t\t\t\t<\/div>\n\t\t\t\t\t\t<\/div>\n\t\t\t\t<\/div>\n\t\t\t\t\t\t<\/div>\n\t\t\t\t\t<\/div>\n\t\t<\/div>\n\t\t\t\t<div class=\"elementor-column elementor-col-50 elementor-top-column elementor-element elementor-element-bb80540\" data-id=\"bb80540\" data-element_type=\"column\">\n\t\t\t<div class=\"elementor-column-wrap elementor-element-populated\">\n\t\t\t\t\t\t\t<div class=\"elementor-widget-wrap\">\n\t\t\t\t\t\t<div class=\"elementor-element elementor-element-972e683 elementor-widget elementor-widget-image\" data-id=\"972e683\" data-element_type=\"widget\" data-widget_type=\"image.default\">\n\t\t\t\t<div class=\"elementor-widget-container\">\n\t\t\t\t\t\t\t\t<div class=\"elementor-image\">\n\t\t\t\t\t\t\t\t\t\t\t\t<img decoding=\"async\" src=\"https:\/\/androchem-laboratories.com\/wp-content\/uploads\/2022\/03\/lab.jpg\" title=\"laboratorio\" alt=\"lab\" \/>\t\t\t\t\t\t\t\t\t\t\t\t\t\t<\/div>\n\t\t\t\t\t\t<\/div>\n\t\t\t\t<\/div>\n\t\t\t\t\t\t<\/div>\n\t\t\t\t\t<\/div>\n\t\t<\/div>\n\t\t\t\t\t\t\t\t<\/div>\n\t\t\t\t\t<\/div>\n\t\t<\/section>\n\t\t\t\t<section class=\"elementor-section elementor-top-section elementor-element elementor-element-1edfdf2 elementor-reverse-mobile elementor-section-boxed elementor-section-height-default elementor-section-height-default\" data-id=\"1edfdf2\" data-element_type=\"section\" data-settings=\"{&quot;background_background&quot;:&quot;classic&quot;}\">\n\t\t\t\t\t\t<div class=\"elementor-container elementor-column-gap-default\">\n\t\t\t\t\t\t\t<div class=\"elementor-row\">\n\t\t\t\t\t<div class=\"elementor-column elementor-col-50 elementor-top-column elementor-element elementor-element-0ce841c\" data-id=\"0ce841c\" data-element_type=\"column\">\n\t\t\t<div class=\"elementor-column-wrap elementor-element-populated\">\n\t\t\t\t\t\t\t<div class=\"elementor-widget-wrap\">\n\t\t\t\t\t\t<div class=\"elementor-element elementor-element-2b92a25 elementor-widget elementor-widget-image\" data-id=\"2b92a25\" data-element_type=\"widget\" data-widget_type=\"image.default\">\n\t\t\t\t<div class=\"elementor-widget-container\">\n\t\t\t\t\t\t\t\t<div class=\"elementor-image\">\n\t\t\t\t\t\t\t\t\t\t\t\t<img loading=\"lazy\" decoding=\"async\" width=\"912\" height=\"608\" src=\"https:\/\/androchem-laboratories.com\/wp-content\/uploads\/2022\/03\/lab2.jpg\" class=\"attachment-large size-large\" alt=\"\" srcset=\"https:\/\/androchem-laboratories.com\/wp-content\/uploads\/2022\/03\/lab2.jpg 912w, https:\/\/androchem-laboratories.com\/wp-content\/uploads\/2022\/03\/lab2-600x400.jpg 600w, https:\/\/androchem-laboratories.com\/wp-content\/uploads\/2022\/03\/lab2-300x200.jpg 300w, https:\/\/androchem-laboratories.com\/wp-content\/uploads\/2022\/03\/lab2-768x512.jpg 768w\" sizes=\"auto, (max-width: 912px) 100vw, 912px\" \/>\t\t\t\t\t\t\t\t\t\t\t\t\t\t<\/div>\n\t\t\t\t\t\t<\/div>\n\t\t\t\t<\/div>\n\t\t\t\t\t\t<\/div>\n\t\t\t\t\t<\/div>\n\t\t<\/div>\n\t\t\t\t<div class=\"elementor-column elementor-col-50 elementor-top-column elementor-element elementor-element-333eb95\" data-id=\"333eb95\" data-element_type=\"column\" data-settings=\"{&quot;background_background&quot;:&quot;classic&quot;}\">\n\t\t\t<div class=\"elementor-column-wrap elementor-element-populated\">\n\t\t\t\t\t\t\t<div class=\"elementor-widget-wrap\">\n\t\t\t\t\t\t<div class=\"elementor-element elementor-element-a0972cd elementor-widget elementor-widget-heading\" data-id=\"a0972cd\" data-element_type=\"widget\" data-widget_type=\"heading.default\">\n\t\t\t\t<div class=\"elementor-widget-container\">\n\t\t\t<h2 class=\"elementor-heading-title elementor-size-default\">Sicuro ed efficace<\/h2>\t\t<\/div>\n\t\t\t\t<\/div>\n\t\t\t\t<div class=\"elementor-element elementor-element-051f1ff elementor-widget elementor-widget-text-editor\" data-id=\"051f1ff\" data-element_type=\"widget\" data-widget_type=\"text-editor.default\">\n\t\t\t\t<div class=\"elementor-widget-container\">\n\t\t\t\t\t\t\t\t<div class=\"elementor-text-editor elementor-clearfix\">\n\t\t\t\t<p>Quando si acquistano altre marche, non c'\u00e8 davvero modo di sapere se ci\u00f2 che si sta prendendo \u00e8 sicuro, ma solo efficace. Quando compri Androchem, potrai sempre contare sul fatto che ci\u00f2 che stai prendendo \u00e8 sicuro per te. Androchem Laboratories ha un rigoroso processo di test che i loro prodotti passano prima di essere rilasciati sul mercato. Questo aiuta a garantire che i farmaci e gli integratori non causino alcun danno a coloro che li assumono. Inoltre, i loro prodotti sono estremamente efficaci. Puoi imparare di pi\u00f9 su ciascuno dei loro prodotti e su come puoi trarne beneficio. Facendo questo, sarete in grado di scegliere i prodotti che meglio si adattano al vostro corpo e vi aiuteranno ad arrivare dove volete essere.<\/p>\t\t\t\t\t<\/div>\n\t\t\t\t\t\t<\/div>\n\t\t\t\t<\/div>\n\t\t\t\t\t\t<\/div>\n\t\t\t\t\t<\/div>\n\t\t<\/div>\n\t\t\t\t\t\t\t\t<\/div>\n\t\t\t\t\t<\/div>\n\t\t<\/section>\n\t\t\t\t<section class=\"elementor-section elementor-top-section elementor-element elementor-element-1971014 elementor-section-boxed elementor-section-height-default elementor-section-height-default\" data-id=\"1971014\" data-element_type=\"section\" data-settings=\"{&quot;background_background&quot;:&quot;classic&quot;}\">\n\t\t\t\t\t\t<div class=\"elementor-container elementor-column-gap-default\">\n\t\t\t\t\t\t\t<div class=\"elementor-row\">\n\t\t\t\t\t<div class=\"elementor-column elementor-col-50 elementor-top-column elementor-element elementor-element-779f458\" data-id=\"779f458\" data-element_type=\"column\" data-settings=\"{&quot;background_background&quot;:&quot;classic&quot;}\">\n\t\t\t<div class=\"elementor-column-wrap elementor-element-populated\">\n\t\t\t\t\t\t\t<div class=\"elementor-widget-wrap\">\n\t\t\t\t\t\t<div class=\"elementor-element elementor-element-b93a5df elementor-widget elementor-widget-heading\" data-id=\"b93a5df\" data-element_type=\"widget\" data-widget_type=\"heading.default\">\n\t\t\t\t<div class=\"elementor-widget-container\">\n\t\t\t<h2 class=\"elementor-heading-title elementor-size-default\">Controllo di qualit\u00e0<\/h2>\t\t<\/div>\n\t\t\t\t<\/div>\n\t\t\t\t<div class=\"elementor-element elementor-element-fffbbec elementor-widget elementor-widget-text-editor\" data-id=\"fffbbec\" data-element_type=\"widget\" data-widget_type=\"text-editor.default\">\n\t\t\t\t<div class=\"elementor-widget-container\">\n\t\t\t\t\t\t\t\t<div class=\"elementor-text-editor elementor-clearfix\">\n\t\t\t\t<p>I nostri impianti di produzione soddisfano tutti i requisiti normativi per la sicurezza dell'ambiente, la produzione, la gestione della qualit\u00e0 e la sterilit\u00e0 per garantire che non vi sia alcuna degradazione della qualit\u00e0. Tutti gli ingredienti utilizzati provengono responsabilmente dai nostri partner di fiducia nel Regno Unito e vengono regolarmente testati per il loro contenuto e purezza. Ogni nostro prodotto \u00e8 dotato di un'etichettatura olografica unica che non pu\u00f2 essere contraffatta ed \u00e8 facilmente riconoscibile. I sigilli antimanomissione sono presenti su tutta la nostra gamma di compresse e sono venduti solo attraverso partner fidati che acquistano da noi direttamente nell'UE.<\/p><p style=\"margin-bottom: 0pt; line-height: 100%;\">\u00a0<\/p>\t\t\t\t\t<\/div>\n\t\t\t\t\t\t<\/div>\n\t\t\t\t<\/div>\n\t\t\t\t\t\t<\/div>\n\t\t\t\t\t<\/div>\n\t\t<\/div>\n\t\t\t\t<div class=\"elementor-column elementor-col-50 elementor-top-column elementor-element elementor-element-4c0c367\" data-id=\"4c0c367\" data-element_type=\"column\">\n\t\t\t<div class=\"elementor-column-wrap elementor-element-populated\">\n\t\t\t\t\t\t\t<div class=\"elementor-widget-wrap\">\n\t\t\t\t\t\t<div class=\"elementor-element elementor-element-ed9ff3d elementor-widget elementor-widget-image\" data-id=\"ed9ff3d\" data-element_type=\"widget\" data-widget_type=\"image.default\">\n\t\t\t\t<div class=\"elementor-widget-container\">\n\t\t\t\t\t\t\t\t<div class=\"elementor-image\">\n\t\t\t\t\t\t\t\t\t\t\t\t<img loading=\"lazy\" decoding=\"async\" width=\"912\" height=\"608\" src=\"https:\/\/androchem-laboratories.com\/wp-content\/uploads\/2022\/03\/lab3.jpg\" class=\"attachment-large size-large\" alt=\"\" srcset=\"https:\/\/androchem-laboratories.com\/wp-content\/uploads\/2022\/03\/lab3.jpg 912w, https:\/\/androchem-laboratories.com\/wp-content\/uploads\/2022\/03\/lab3-600x400.jpg 600w, https:\/\/androchem-laboratories.com\/wp-content\/uploads\/2022\/03\/lab3-300x200.jpg 300w, https:\/\/androchem-laboratories.com\/wp-content\/uploads\/2022\/03\/lab3-768x512.jpg 768w\" sizes=\"auto, (max-width: 912px) 100vw, 912px\" \/>\t\t\t\t\t\t\t\t\t\t\t\t\t\t<\/div>\n\t\t\t\t\t\t<\/div>\n\t\t\t\t<\/div>\n\t\t\t\t\t\t<\/div>\n\t\t\t\t\t<\/div>\n\t\t<\/div>\n\t\t\t\t\t\t\t\t<\/div>\n\t\t\t\t\t<\/div>\n\t\t<\/section>\n\t\t\t\t\t\t<\/div>\n\t\t\t\t\t\t<\/div>\n\t\t\t\t\t<\/div>","protected":false},"excerpt":{"rendered":"<p>La nostra MISSIONE Benvenuti in Androchem Laboratories, La missione della nostra azienda \u00e8 aiutare le persone in tutto il mondo a rafforzare la salute, aumentare le prestazioni sportive e raggiungere i loro obiettivi. Per questo, la nostra azienda farmaceutica nella sua attivit\u00e0 utilizza solo soluzioni innovative, con centri di ricerca leader nel mondo, realizzando prodotti di qualit\u00e0 eccezionale. Se vi state chiedendo perch\u00e9 dovreste acquistare i prodotti Androchem, ecco qualcosa che vi aiuter\u00e0 a capire che state prendendo la migliore decisione possibile. Prima di tutto, vorrete essere certi di ricevere prodotti efficaci e di qualit\u00e0...<\/p>","protected":false},"author":1,"featured_media":0,"parent":0,"menu_order":0,"comment_status":"closed","ping_status":"closed","template":"","meta":{"footnotes":""},"class_list":["post-141","page","type-page","status-publish","hentry"],"blocksy_meta":{"styles_descriptor":{"styles":{"desktop":"","tablet":"","mobile":""},"google_fonts":[],"version":4}},"_links":{"self":[{"href":"https:\/\/androchem-laboratories.com\/it\/wp-json\/wp\/v2\/pages\/141","targetHints":{"allow":["GET"]}}],"collection":[{"href":"https:\/\/androchem-laboratories.com\/it\/wp-json\/wp\/v2\/pages"}],"about":[{"href":"https:\/\/androchem-laboratories.com\/it\/wp-json\/wp\/v2\/types\/page"}],"author":[{"embeddable":true,"href":"https:\/\/androchem-laboratories.com\/it\/wp-json\/wp\/v2\/users\/1"}],"replies":[{"embeddable":true,"href":"https:\/\/androchem-laboratories.com\/it\/wp-json\/wp\/v2\/comments?post=141"}],"version-history":[{"count":89,"href":"https:\/\/androchem-laboratories.com\/it\/wp-json\/wp\/v2\/pages\/141\/revisions"}],"predecessor-version":[{"id":1227,"href":"https:\/\/androchem-laboratories.com\/it\/wp-json\/wp\/v2\/pages\/141\/revisions\/1227"}],"wp:attachment":[{"href":"https:\/\/androchem-laboratories.com\/it\/wp-json\/wp\/v2\/media?parent=141"}],"curies":[{"name":"wp","href":"https:\/\/api.w.org\/{rel}","templated":true}]}}