{"id":143,"date":"2022-02-28T14:11:47","date_gmt":"2022-02-28T13:11:47","guid":{"rendered":"https:\/\/androchem-laboratories.com\/?page_id=143"},"modified":"2022-09-09T09:51:59","modified_gmt":"2022-09-09T08:51:59","slug":"knowledge-base","status":"publish","type":"page","link":"https:\/\/androchem-laboratories.com\/es\/knowledge-base\/","title":{"rendered":"Base de conocimientos"},"content":{"rendered":"<div data-elementor-type=\"wp-page\" data-elementor-id=\"143\" class=\"elementor elementor-143\" data-elementor-settings=\"[]\">\n\t\t\t\t\t\t<div class=\"elementor-inner\">\n\t\t\t\t\t\t\t<div class=\"elementor-section-wrap\">\n\t\t\t\t\t\t\t<section class=\"elementor-section elementor-top-section elementor-element elementor-element-196d001 elementor-section-boxed elementor-section-height-default elementor-section-height-default\" data-id=\"196d001\" data-element_type=\"section\">\n\t\t\t\t\t\t<div class=\"elementor-container elementor-column-gap-default\">\n\t\t\t\t\t\t\t<div class=\"elementor-row\">\n\t\t\t\t\t<div class=\"elementor-column elementor-col-100 elementor-top-column elementor-element elementor-element-d0e38aa\" data-id=\"d0e38aa\" data-element_type=\"column\">\n\t\t\t<div class=\"elementor-column-wrap elementor-element-populated\">\n\t\t\t\t\t\t\t<div class=\"elementor-widget-wrap\">\n\t\t\t\t\t\t<div class=\"elementor-element elementor-element-c68c226 elementor-grid-2 elementor-grid-tablet-2 elementor-grid-mobile-1 elementor-posts--thumbnail-top elementor-posts--show-avatar elementor-card-shadow-yes elementor-posts__hover-gradient elementor-widget elementor-widget-posts\" data-id=\"c68c226\" data-element_type=\"widget\" data-settings=\"{&quot;cards_columns&quot;:&quot;2&quot;,&quot;pagination_type&quot;:&quot;numbers&quot;,&quot;cards_columns_tablet&quot;:&quot;2&quot;,&quot;cards_columns_mobile&quot;:&quot;1&quot;,&quot;cards_row_gap&quot;:{&quot;unit&quot;:&quot;px&quot;,&quot;size&quot;:35,&quot;sizes&quot;:[]},&quot;cards_row_gap_tablet&quot;:{&quot;unit&quot;:&quot;px&quot;,&quot;size&quot;:&quot;&quot;,&quot;sizes&quot;:[]},&quot;cards_row_gap_mobile&quot;:{&quot;unit&quot;:&quot;px&quot;,&quot;size&quot;:&quot;&quot;,&quot;sizes&quot;:[]}}\" data-widget_type=\"posts.cards\">\n\t\t\t\t<div class=\"elementor-widget-container\">\n\t\t\t\t\t<div class=\"elementor-posts-container elementor-posts elementor-posts--skin-cards elementor-grid\">\n\t\t\t\t<article class=\"elementor-post elementor-grid-item post-1220 post type-post status-publish format-standard has-post-thumbnail hentry category-uncategorized\">\n\t\t\t<div class=\"elementor-post__card\">\n\t\t\t\t<a class=\"elementor-post__thumbnail__link\" href=\"https:\/\/androchem-laboratories.com\/es\/2022\/09\/09\/the-forgotten-legend-of-eca-stack\/\" ><div class=\"elementor-post__thumbnail\"><img loading=\"lazy\" decoding=\"async\" width=\"300\" height=\"169\" src=\"https:\/\/androchem-laboratories.com\/wp-content\/uploads\/2022\/09\/81iNgLus2L._SL1500_-300x169.jpg\" class=\"attachment-medium size-medium\" alt=\"\" srcset=\"https:\/\/androchem-laboratories.com\/wp-content\/uploads\/2022\/09\/81iNgLus2L._SL1500_-300x169.jpg 300w, https:\/\/androchem-laboratories.com\/wp-content\/uploads\/2022\/09\/81iNgLus2L._SL1500_-1024x576.jpg 1024w, https:\/\/androchem-laboratories.com\/wp-content\/uploads\/2022\/09\/81iNgLus2L._SL1500_-768x432.jpg 768w, https:\/\/androchem-laboratories.com\/wp-content\/uploads\/2022\/09\/81iNgLus2L._SL1500_-18x10.jpg 18w, https:\/\/androchem-laboratories.com\/wp-content\/uploads\/2022\/09\/81iNgLus2L._SL1500_-600x338.jpg 600w, https:\/\/androchem-laboratories.com\/wp-content\/uploads\/2022\/09\/81iNgLus2L._SL1500_.jpg 1500w\" sizes=\"auto, (max-width: 300px) 100vw, 300px\" \/><\/div><\/a>\n\t\t\t\t<div class=\"elementor-post__badge\">Sin categor\u00eda<\/div>\n\t\t\t\t<div class=\"elementor-post__avatar\">\n\t\t\t<img alt='jarosuaff22' src='https:\/\/secure.gravatar.com\/avatar\/3b90b1f90f01cfa55433de67148ee1c308b6f2979e1beadcbadd3911841b055b?s=128&#038;d=mm&#038;r=g' srcset='https:\/\/secure.gravatar.com\/avatar\/3b90b1f90f01cfa55433de67148ee1c308b6f2979e1beadcbadd3911841b055b?s=256&#038;d=mm&#038;r=g 2x' class='avatar avatar-128 photo' height='128' width='128' \/>\t\t<\/div>\n\t\t\t\t<div class=\"elementor-post__text\">\n\t\t\t\t<h3 class=\"elementor-post__title\">\n\t\t\t<a href=\"https:\/\/androchem-laboratories.com\/es\/2022\/09\/09\/the-forgotten-legend-of-eca-stack\/\" >\n\t\t\t\tLa leyenda olvidada de ECA Stack\t\t\t<\/a>\n\t\t<\/h3>\n\t\t\t\t<div class=\"elementor-post__excerpt\">\n\t\t\t<p>ECA Stack: \u00bfqu\u00e9 pas\u00f3 con la legendaria efedra?         ECA Stack es una denominaci\u00f3n general para productos que constan de tres componentes estrictamente definidos, es decir, efedrina (E - efedrina) cafe\u00edna (C - cafe\u00edna) aspirina (A - aspirina) que se presentan en diferentes proporciones, pero siempre en la misma combinaci\u00f3n. La sistematizaci\u00f3n anterior se hace para aclarar cualquier duda sobre lo que el art\u00edculo habla y lo que describe y no describe. En concreto, nos referimos a la innumerable cantidad de incandescentes que pretenden contener efedra, insinuando que contienen efedra, pero que en realidad no la contienen. Nos referimos a<\/p>\n\t\t<\/div>\n\t\t\t\t\t<a class=\"elementor-post__read-more\" href=\"https:\/\/androchem-laboratories.com\/es\/2022\/09\/09\/the-forgotten-legend-of-eca-stack\/\" >\n\t\t\t\tLeer m\u00e1s \"\t\t\t<\/a>\n\t\t\t\t<\/div>\n\t\t\t\t<div class=\"elementor-post__meta-data\">\n\t\t\t\t\t<span class=\"elementor-post-date\">\n\t\t\t9 de septiembre de 2022\t\t<\/span>\n\t\t\t\t<span class=\"elementor-post-avatar\">\n\t\t\tNo hay comentarios\t\t<\/span>\n\t\t\t\t<\/div>\n\t\t\t\t\t<\/div>\n\t\t<\/article>\n\t\t\t\t<article class=\"elementor-post elementor-grid-item post-1214 post type-post status-publish format-standard has-post-thumbnail hentry category-uncategorized\">\n\t\t\t<div class=\"elementor-post__card\">\n\t\t\t\t<a class=\"elementor-post__thumbnail__link\" href=\"https:\/\/androchem-laboratories.com\/es\/2022\/09\/09\/clomid-clomifene-all-you-need-to-know\/\" ><div class=\"elementor-post__thumbnail\"><img loading=\"lazy\" decoding=\"async\" width=\"300\" height=\"203\" src=\"https:\/\/androchem-laboratories.com\/wp-content\/uploads\/2022\/09\/clomid-1-300x203.jpg\" class=\"attachment-medium size-medium\" alt=\"\" srcset=\"https:\/\/androchem-laboratories.com\/wp-content\/uploads\/2022\/09\/clomid-1-300x203.jpg 300w, https:\/\/androchem-laboratories.com\/wp-content\/uploads\/2022\/09\/clomid-1-18x12.jpg 18w, https:\/\/androchem-laboratories.com\/wp-content\/uploads\/2022\/09\/clomid-1.jpg 600w\" sizes=\"auto, (max-width: 300px) 100vw, 300px\" \/><\/div><\/a>\n\t\t\t\t<div class=\"elementor-post__badge\">Sin categor\u00eda<\/div>\n\t\t\t\t<div class=\"elementor-post__avatar\">\n\t\t\t<img alt='jarosuaff22' src='https:\/\/secure.gravatar.com\/avatar\/3b90b1f90f01cfa55433de67148ee1c308b6f2979e1beadcbadd3911841b055b?s=128&#038;d=mm&#038;r=g' srcset='https:\/\/secure.gravatar.com\/avatar\/3b90b1f90f01cfa55433de67148ee1c308b6f2979e1beadcbadd3911841b055b?s=256&#038;d=mm&#038;r=g 2x' class='avatar avatar-128 photo' height='128' width='128' \/>\t\t<\/div>\n\t\t\t\t<div class=\"elementor-post__text\">\n\t\t\t\t<h3 class=\"elementor-post__title\">\n\t\t\t<a href=\"https:\/\/androchem-laboratories.com\/es\/2022\/09\/09\/clomid-clomifene-all-you-need-to-know\/\" >\n\t\t\t\tClomid (clomifeno) - todo lo que necesitas saber\t\t\t<\/a>\n\t\t<\/h3>\n\t\t\t\t<div class=\"elementor-post__excerpt\">\n\t\t\t<p>Clomid - qu\u00e9 es, c\u00f3mo funciona, c\u00f3mo se dosifica. Informaci\u00f3n b\u00e1sica sobre la medida en la forma m\u00e1s breve e informativa descripci\u00f3n general Clomid es el nombre com\u00fan del citrato de clomifeno, un medicamento utilizado para tratar la infertilidad femenina. Su acci\u00f3n consiste en reducir el efecto negativo de los estr\u00f3genos sobre el eje hipot\u00e1lamo-hip\u00f3fisis-ovario, potenciando la secreci\u00f3n de LH y FSH, lo que tiene el efecto de estimular el inicio de la ovulaci\u00f3n. acci\u00f3n general Sin embargo, este no es el \u00fanico uso de este preparado - tambi\u00e9n se utiliza en el dopaje. La acci\u00f3n del citrato de clomifeno se basa en el bloqueo del<\/p>\n\t\t<\/div>\n\t\t\t\t\t<a class=\"elementor-post__read-more\" href=\"https:\/\/androchem-laboratories.com\/es\/2022\/09\/09\/clomid-clomifene-all-you-need-to-know\/\" >\n\t\t\t\tLeer m\u00e1s \"\t\t\t<\/a>\n\t\t\t\t<\/div>\n\t\t\t\t<div class=\"elementor-post__meta-data\">\n\t\t\t\t\t<span class=\"elementor-post-date\">\n\t\t\t9 de septiembre de 2022\t\t<\/span>\n\t\t\t\t<span class=\"elementor-post-avatar\">\n\t\t\tNo hay comentarios\t\t<\/span>\n\t\t\t\t<\/div>\n\t\t\t\t\t<\/div>\n\t\t<\/article>\n\t\t\t\t<article class=\"elementor-post elementor-grid-item post-1190 post type-post status-publish format-standard has-post-thumbnail hentry category-uncategorized\">\n\t\t\t<div class=\"elementor-post__card\">\n\t\t\t\t<a class=\"elementor-post__thumbnail__link\" href=\"https:\/\/androchem-laboratories.com\/es\/2022\/09\/07\/most-comprehensive-list-of-steroids-all-explained\/\" ><div class=\"elementor-post__thumbnail\"><img loading=\"lazy\" decoding=\"async\" width=\"300\" height=\"169\" src=\"https:\/\/androchem-laboratories.com\/wp-content\/uploads\/2022\/09\/listofS-300x169.jpg\" class=\"attachment-medium size-medium\" alt=\"\" srcset=\"https:\/\/androchem-laboratories.com\/wp-content\/uploads\/2022\/09\/listofS-300x169.jpg 300w, https:\/\/androchem-laboratories.com\/wp-content\/uploads\/2022\/09\/listofS-1024x576.jpg 1024w, https:\/\/androchem-laboratories.com\/wp-content\/uploads\/2022\/09\/listofS-768x432.jpg 768w, https:\/\/androchem-laboratories.com\/wp-content\/uploads\/2022\/09\/listofS-18x10.jpg 18w, https:\/\/androchem-laboratories.com\/wp-content\/uploads\/2022\/09\/listofS-600x338.jpg 600w, https:\/\/androchem-laboratories.com\/wp-content\/uploads\/2022\/09\/listofS.jpg 1280w\" sizes=\"auto, (max-width: 300px) 100vw, 300px\" \/><\/div><\/a>\n\t\t\t\t<div class=\"elementor-post__badge\">Sin categor\u00eda<\/div>\n\t\t\t\t<div class=\"elementor-post__avatar\">\n\t\t\t<img alt='jarosuaff22' src='https:\/\/secure.gravatar.com\/avatar\/3b90b1f90f01cfa55433de67148ee1c308b6f2979e1beadcbadd3911841b055b?s=128&#038;d=mm&#038;r=g' srcset='https:\/\/secure.gravatar.com\/avatar\/3b90b1f90f01cfa55433de67148ee1c308b6f2979e1beadcbadd3911841b055b?s=256&#038;d=mm&#038;r=g 2x' class='avatar avatar-128 photo' height='128' width='128' \/>\t\t<\/div>\n\t\t\t\t<div class=\"elementor-post__text\">\n\t\t\t\t<h3 class=\"elementor-post__title\">\n\t\t\t<a href=\"https:\/\/androchem-laboratories.com\/es\/2022\/09\/07\/most-comprehensive-list-of-steroids-all-explained\/\" >\n\t\t\t\tLa lista m\u00e1s completa de esteroides, todo explicado\t\t\t<\/a>\n\t\t<\/h3>\n\t\t\t\t<div class=\"elementor-post__excerpt\">\n\t\t\t<p>Lista de esteroides utilizados en el deporte 1.1. Testosterona Propionato de testosterona (100 mg) Enantato de testosterona (250 mg) 1.1.3. Cipionato de testosterona (250 mg) 1.1.4. Sustanon de testosterona (250 mg) 1.1.5. 1.1.5. Mezcla de testosterona (300, 400 mg) 1.2. Nandrolona Fenilpropionato de nandrolona (100 mg) 1.2.2. Decanoato de nandrolona 1.2.3. Nandrolona mixta (300 mg) 1.3 Masteron 1.3.1. Masteron propionato (100 mg) 1.3.2. Masteron enantato (200 mg) 1.3.3. Masteron Mix (200 mg) 1.4 Boldenona 1.4.1. Tribold, Bold mix, equipoise 1.5 Trenbolone 1.6 Methanabol 1.6.1 No tengo ni puta idea 1.7 Winstrol 1.7.1 Winstrol depot - una leyenda olvidada de los a\u00f1os 90 1.8 Anapolon 1.8.1 Anapolon - qu\u00e9 dosis<\/p>\n\t\t<\/div>\n\t\t\t\t\t<a class=\"elementor-post__read-more\" href=\"https:\/\/androchem-laboratories.com\/es\/2022\/09\/07\/most-comprehensive-list-of-steroids-all-explained\/\" >\n\t\t\t\tLeer m\u00e1s \"\t\t\t<\/a>\n\t\t\t\t<\/div>\n\t\t\t\t<div class=\"elementor-post__meta-data\">\n\t\t\t\t\t<span class=\"elementor-post-date\">\n\t\t\t7 de septiembre de 2022\t\t<\/span>\n\t\t\t\t<span class=\"elementor-post-avatar\">\n\t\t\tNo hay comentarios\t\t<\/span>\n\t\t\t\t<\/div>\n\t\t\t\t\t<\/div>\n\t\t<\/article>\n\t\t\t\t<article class=\"elementor-post elementor-grid-item post-1188 post type-post status-publish format-standard has-post-thumbnail hentry category-uncategorized\">\n\t\t\t<div class=\"elementor-post__card\">\n\t\t\t\t<a class=\"elementor-post__thumbnail__link\" href=\"https:\/\/androchem-laboratories.com\/es\/2022\/09\/07\/steroid-addiction-real-disorder-or-media-fiction\/\" ><div class=\"elementor-post__thumbnail\"><img loading=\"lazy\" decoding=\"async\" width=\"300\" height=\"200\" src=\"https:\/\/androchem-laboratories.com\/wp-content\/uploads\/2022\/09\/Some-of-The-Best-Legal-Steroids-for-Sale-300x200.jpg\" class=\"attachment-medium size-medium\" alt=\"\" srcset=\"https:\/\/androchem-laboratories.com\/wp-content\/uploads\/2022\/09\/Some-of-The-Best-Legal-Steroids-for-Sale-300x200.jpg 300w, https:\/\/androchem-laboratories.com\/wp-content\/uploads\/2022\/09\/Some-of-The-Best-Legal-Steroids-for-Sale-1024x683.jpg 1024w, https:\/\/androchem-laboratories.com\/wp-content\/uploads\/2022\/09\/Some-of-The-Best-Legal-Steroids-for-Sale-768x512.jpg 768w, https:\/\/androchem-laboratories.com\/wp-content\/uploads\/2022\/09\/Some-of-The-Best-Legal-Steroids-for-Sale-18x12.jpg 18w, https:\/\/androchem-laboratories.com\/wp-content\/uploads\/2022\/09\/Some-of-The-Best-Legal-Steroids-for-Sale-600x400.jpg 600w, https:\/\/androchem-laboratories.com\/wp-content\/uploads\/2022\/09\/Some-of-The-Best-Legal-Steroids-for-Sale.jpg 1200w\" sizes=\"auto, (max-width: 300px) 100vw, 300px\" \/><\/div><\/a>\n\t\t\t\t<div class=\"elementor-post__badge\">Sin categor\u00eda<\/div>\n\t\t\t\t<div class=\"elementor-post__avatar\">\n\t\t\t<img alt='jarosuaff22' src='https:\/\/secure.gravatar.com\/avatar\/3b90b1f90f01cfa55433de67148ee1c308b6f2979e1beadcbadd3911841b055b?s=128&#038;d=mm&#038;r=g' srcset='https:\/\/secure.gravatar.com\/avatar\/3b90b1f90f01cfa55433de67148ee1c308b6f2979e1beadcbadd3911841b055b?s=256&#038;d=mm&#038;r=g 2x' class='avatar avatar-128 photo' height='128' width='128' \/>\t\t<\/div>\n\t\t\t\t<div class=\"elementor-post__text\">\n\t\t\t\t<h3 class=\"elementor-post__title\">\n\t\t\t<a href=\"https:\/\/androchem-laboratories.com\/es\/2022\/09\/07\/steroid-addiction-real-disorder-or-media-fiction\/\" >\n\t\t\t\tAdicci\u00f3n a los esteroides: \u00bfun trastorno real o una ficci\u00f3n medi\u00e1tica?\t\t\t<\/a>\n\t\t<\/h3>\n\t\t\t\t<div class=\"elementor-post__excerpt\">\n\t\t\t<p>Adicci\u00f3n a los esteroides: \u00bfun trastorno real o una ficci\u00f3n medi\u00e1tica? 1. Unas palabras de introducci\u00f3n \u00bfSon los esteroides anabolizantes-androg\u00e9nicos adictivos? Cuando escuch\u00e9 por primera vez esta pregunta tuve un gran problema para no tomarla como un sarcasmo. En todo el tiempo que he estado relacionado con los deportes de figuras, nunca he conocido a una persona que me planteara el tema de la adicci\u00f3n a los esteroides. Y cr\u00e9anme, a lo largo de los a\u00f1os la gente me ha contado historias realmente locas en confianza. Pero nadie ha admitido nunca que haya perdido el control de su vida por culpa de estas drogas. Sin embargo, algunas personas empiezan a preguntarse esto<\/p>\n\t\t<\/div>\n\t\t\t\t\t<a class=\"elementor-post__read-more\" href=\"https:\/\/androchem-laboratories.com\/es\/2022\/09\/07\/steroid-addiction-real-disorder-or-media-fiction\/\" >\n\t\t\t\tLeer m\u00e1s \"\t\t\t<\/a>\n\t\t\t\t<\/div>\n\t\t\t\t<div class=\"elementor-post__meta-data\">\n\t\t\t\t\t<span class=\"elementor-post-date\">\n\t\t\t7 de septiembre de 2022\t\t<\/span>\n\t\t\t\t<span class=\"elementor-post-avatar\">\n\t\t\tNo hay comentarios\t\t<\/span>\n\t\t\t\t<\/div>\n\t\t\t\t\t<\/div>\n\t\t<\/article>\n\t\t\t\t<article class=\"elementor-post elementor-grid-item post-1186 post type-post status-publish format-standard has-post-thumbnail hentry category-uncategorized\">\n\t\t\t<div class=\"elementor-post__card\">\n\t\t\t\t<a class=\"elementor-post__thumbnail__link\" href=\"https:\/\/androchem-laboratories.com\/es\/2022\/09\/07\/side-effects-of-steroids-a-short-list-with-possible-solutions\/\" ><div class=\"elementor-post__thumbnail\"><img loading=\"lazy\" decoding=\"async\" width=\"300\" height=\"220\" src=\"https:\/\/androchem-laboratories.com\/wp-content\/uploads\/2022\/09\/standing1-300x220.jpg\" class=\"attachment-medium size-medium\" alt=\"\" srcset=\"https:\/\/androchem-laboratories.com\/wp-content\/uploads\/2022\/09\/standing1-300x220.jpg 300w, https:\/\/androchem-laboratories.com\/wp-content\/uploads\/2022\/09\/standing1-768x564.jpg 768w, https:\/\/androchem-laboratories.com\/wp-content\/uploads\/2022\/09\/standing1-16x12.jpg 16w, https:\/\/androchem-laboratories.com\/wp-content\/uploads\/2022\/09\/standing1-600x441.jpg 600w, https:\/\/androchem-laboratories.com\/wp-content\/uploads\/2022\/09\/standing1.jpg 984w\" sizes=\"auto, (max-width: 300px) 100vw, 300px\" \/><\/div><\/a>\n\t\t\t\t<div class=\"elementor-post__badge\">Sin categor\u00eda<\/div>\n\t\t\t\t<div class=\"elementor-post__avatar\">\n\t\t\t<img alt='jarosuaff22' src='https:\/\/secure.gravatar.com\/avatar\/3b90b1f90f01cfa55433de67148ee1c308b6f2979e1beadcbadd3911841b055b?s=128&#038;d=mm&#038;r=g' srcset='https:\/\/secure.gravatar.com\/avatar\/3b90b1f90f01cfa55433de67148ee1c308b6f2979e1beadcbadd3911841b055b?s=256&#038;d=mm&#038;r=g 2x' class='avatar avatar-128 photo' height='128' width='128' \/>\t\t<\/div>\n\t\t\t\t<div class=\"elementor-post__text\">\n\t\t\t\t<h3 class=\"elementor-post__title\">\n\t\t\t<a href=\"https:\/\/androchem-laboratories.com\/es\/2022\/09\/07\/side-effects-of-steroids-a-short-list-with-possible-solutions\/\" >\n\t\t\t\tEfectos secundarios de los esteroides, una breve lista con posibles soluciones\t\t\t<\/a>\n\t\t<\/h3>\n\t\t\t\t<div class=\"elementor-post__excerpt\">\n\t\t\t<p>Efectos secundarios de los esteroides, una breve lista con posibles soluciones El uso de todos los esteroides posibles (no s\u00f3lo los androg\u00e9nicos-anab\u00f3licos) conlleva el riesgo de efectos secundarios. Los riesgos y su gravedad est\u00e1n estrechamente relacionados con las dosis que utilizamos, sin embargo, no hay manera de eliminar completamente tanto los riesgos leves como los potencialmente peligrosos asociados al uso de esteroides anab\u00f3licos. Algunos de los efectos secundarios m\u00e1s comunes que se pueden experimentar son Retenci\u00f3n de l\u00edquidos Debido al r\u00e1pido aumento de la masa muscular, y al aumento de los niveles de estr\u00f3geno, se produce una excesiva retenci\u00f3n de agua en el cuerpo. Hasta cierto punto,<\/p>\n\t\t<\/div>\n\t\t\t\t\t<a class=\"elementor-post__read-more\" href=\"https:\/\/androchem-laboratories.com\/es\/2022\/09\/07\/side-effects-of-steroids-a-short-list-with-possible-solutions\/\" >\n\t\t\t\tLeer m\u00e1s \"\t\t\t<\/a>\n\t\t\t\t<\/div>\n\t\t\t\t<div class=\"elementor-post__meta-data\">\n\t\t\t\t\t<span class=\"elementor-post-date\">\n\t\t\t7 de septiembre de 2022\t\t<\/span>\n\t\t\t\t<span class=\"elementor-post-avatar\">\n\t\t\tNo hay comentarios\t\t<\/span>\n\t\t\t\t<\/div>\n\t\t\t\t\t<\/div>\n\t\t<\/article>\n\t\t\t\t<article class=\"elementor-post elementor-grid-item post-1184 post type-post status-publish format-standard has-post-thumbnail hentry category-uncategorized\">\n\t\t\t<div class=\"elementor-post__card\">\n\t\t\t\t<a class=\"elementor-post__thumbnail__link\" href=\"https:\/\/androchem-laboratories.com\/es\/2022\/09\/07\/getting-in-shape-in-time-for-summer\/\" ><div class=\"elementor-post__thumbnail\"><img loading=\"lazy\" decoding=\"async\" width=\"300\" height=\"200\" src=\"https:\/\/androchem-laboratories.com\/wp-content\/uploads\/2022\/09\/Cach_giup_nam_gioi_tre_trung_1-300x200.webp\" class=\"attachment-medium size-medium\" alt=\"\" srcset=\"https:\/\/androchem-laboratories.com\/wp-content\/uploads\/2022\/09\/Cach_giup_nam_gioi_tre_trung_1-300x200.webp 300w, https:\/\/androchem-laboratories.com\/wp-content\/uploads\/2022\/09\/Cach_giup_nam_gioi_tre_trung_1-1024x683.webp 1024w, https:\/\/androchem-laboratories.com\/wp-content\/uploads\/2022\/09\/Cach_giup_nam_gioi_tre_trung_1-768x512.webp 768w, https:\/\/androchem-laboratories.com\/wp-content\/uploads\/2022\/09\/Cach_giup_nam_gioi_tre_trung_1-1536x1024.webp 1536w, https:\/\/androchem-laboratories.com\/wp-content\/uploads\/2022\/09\/Cach_giup_nam_gioi_tre_trung_1-18x12.webp 18w, https:\/\/androchem-laboratories.com\/wp-content\/uploads\/2022\/09\/Cach_giup_nam_gioi_tre_trung_1-600x400.webp 600w, https:\/\/androchem-laboratories.com\/wp-content\/uploads\/2022\/09\/Cach_giup_nam_gioi_tre_trung_1.webp 1920w\" sizes=\"auto, (max-width: 300px) 100vw, 300px\" \/><\/div><\/a>\n\t\t\t\t<div class=\"elementor-post__badge\">Sin categor\u00eda<\/div>\n\t\t\t\t<div class=\"elementor-post__avatar\">\n\t\t\t<img alt='jarosuaff22' src='https:\/\/secure.gravatar.com\/avatar\/3b90b1f90f01cfa55433de67148ee1c308b6f2979e1beadcbadd3911841b055b?s=128&#038;d=mm&#038;r=g' srcset='https:\/\/secure.gravatar.com\/avatar\/3b90b1f90f01cfa55433de67148ee1c308b6f2979e1beadcbadd3911841b055b?s=256&#038;d=mm&#038;r=g 2x' class='avatar avatar-128 photo' height='128' width='128' \/>\t\t<\/div>\n\t\t\t\t<div class=\"elementor-post__text\">\n\t\t\t\t<h3 class=\"elementor-post__title\">\n\t\t\t<a href=\"https:\/\/androchem-laboratories.com\/es\/2022\/09\/07\/getting-in-shape-in-time-for-summer\/\" >\n\t\t\t\tPonerse en forma a tiempo para el verano\t\t\t<\/a>\n\t\t<\/h3>\n\t\t\t\t<div class=\"elementor-post__excerpt\">\n\t\t\t<p>Ponerse en forma a tiempo para el verano - El propionato y la oxandrolona como soluci\u00f3n m\u00e1s segura y expr\u00e9s.   Todos estamos hartos de las actuales restricciones que se han impuesto en el marco de la lucha contra el virus. Nuestra forma se ha resentido, porque c\u00f3mo hacer ejercicio cuando no hay d\u00f3nde ir. Tal vez este periodo de recuperaci\u00f3n sea \u00fatil, pero lo normal es que el periodo previo a las vacaciones se dedique a perfeccionar nuestra forma para el verano. Los \u00faltimos incrementos, un poco de corte y la playa. La buena noticia es que los gimnasios empiezan pronto.<\/p>\n\t\t<\/div>\n\t\t\t\t\t<a class=\"elementor-post__read-more\" href=\"https:\/\/androchem-laboratories.com\/es\/2022\/09\/07\/getting-in-shape-in-time-for-summer\/\" >\n\t\t\t\tLeer m\u00e1s \"\t\t\t<\/a>\n\t\t\t\t<\/div>\n\t\t\t\t<div class=\"elementor-post__meta-data\">\n\t\t\t\t\t<span class=\"elementor-post-date\">\n\t\t\t7 de septiembre de 2022\t\t<\/span>\n\t\t\t\t<span class=\"elementor-post-avatar\">\n\t\t\tNo hay comentarios\t\t<\/span>\n\t\t\t\t<\/div>\n\t\t\t\t\t<\/div>\n\t\t<\/article>\n\t\t\t\t<\/div>\n\n\n\t\t\n\t\t\t\t<div class=\"e-load-more-anchor\" data-page=\"1\" data-max-page=\"3\" data-next-page=\"https:\/\/androchem-laboratories.com\/es\/wp-json\/wp\/v2\/pages\/143\/page\/2\/\"><\/div>\n\t\t\t\t<nav class=\"elementor-pagination\" role=\"navigation\" aria-label=\"Paginaci\u00f3n\">\n\t\t\t<span aria-current=\"page\" class=\"page-numbers current\"><span class=\"elementor-screen-only\">P\u00e1gina<\/span>1<\/span>\n<a class=\"page-numbers\" href=\"https:\/\/androchem-laboratories.com\/es\/wp-json\/wp\/v2\/pages\/143\/page\/2\/\"><span class=\"elementor-screen-only\">P\u00e1gina<\/span>2<\/a>\n<a class=\"page-numbers\" href=\"https:\/\/androchem-laboratories.com\/es\/wp-json\/wp\/v2\/pages\/143\/page\/3\/\"><span class=\"elementor-screen-only\">P\u00e1gina<\/span>3<\/a>\t\t<\/nav>\n\t\t\t\t<\/div>\n\t\t\t\t<\/div>\n\t\t\t\t\t\t<\/div>\n\t\t\t\t\t<\/div>\n\t\t<\/div>\n\t\t\t\t\t\t\t\t<\/div>\n\t\t\t\t\t<\/div>\n\t\t<\/section>\n\t\t\t\t\t\t<\/div>\n\t\t\t\t\t\t<\/div>\n\t\t\t\t\t<\/div>","protected":false},"excerpt":{"rendered":"","protected":false},"author":1,"featured_media":0,"parent":0,"menu_order":0,"comment_status":"closed","ping_status":"closed","template":"","meta":{"footnotes":""},"class_list":["post-143","page","type-page","status-publish","hentry"],"blocksy_meta":{"styles_descriptor":{"styles":{"desktop":"","tablet":"","mobile":""},"google_fonts":[],"version":4}},"_links":{"self":[{"href":"https:\/\/androchem-laboratories.com\/es\/wp-json\/wp\/v2\/pages\/143","targetHints":{"allow":["GET"]}}],"collection":[{"href":"https:\/\/androchem-laboratories.com\/es\/wp-json\/wp\/v2\/pages"}],"about":[{"href":"https:\/\/androchem-laboratories.com\/es\/wp-json\/wp\/v2\/types\/page"}],"author":[{"embeddable":true,"href":"https:\/\/androchem-laboratories.com\/es\/wp-json\/wp\/v2\/users\/1"}],"replies":[{"embeddable":true,"href":"https:\/\/androchem-laboratories.com\/es\/wp-json\/wp\/v2\/comments?post=143"}],"version-history":[{"count":36,"href":"https:\/\/androchem-laboratories.com\/es\/wp-json\/wp\/v2\/pages\/143\/revisions"}],"predecessor-version":[{"id":1202,"href":"https:\/\/androchem-laboratories.com\/es\/wp-json\/wp\/v2\/pages\/143\/revisions\/1202"}],"wp:attachment":[{"href":"https:\/\/androchem-laboratories.com\/es\/wp-json\/wp\/v2\/media?parent=143"}],"curies":[{"name":"wp","href":"https:\/\/api.w.org\/{rel}","templated":true}]}}