{"id":141,"date":"2022-02-28T14:11:31","date_gmt":"2022-02-28T13:11:31","guid":{"rendered":"https:\/\/androchem-laboratories.com\/?page_id=141"},"modified":"2022-03-23T10:17:35","modified_gmt":"2022-03-23T09:17:35","slug":"about","status":"publish","type":"page","link":"https:\/\/androchem-laboratories.com\/es\/about\/","title":{"rendered":"Acerca de"},"content":{"rendered":"<div data-elementor-type=\"wp-page\" data-elementor-id=\"141\" class=\"elementor elementor-141\" data-elementor-settings=\"[]\">\n\t\t\t\t\t\t<div class=\"elementor-inner\">\n\t\t\t\t\t\t\t<div class=\"elementor-section-wrap\">\n\t\t\t\t\t\t\t<section class=\"elementor-section elementor-top-section elementor-element elementor-element-a32d8d9 elementor-section-boxed elementor-section-height-default elementor-section-height-default\" data-id=\"a32d8d9\" data-element_type=\"section\">\n\t\t\t\t\t\t<div class=\"elementor-container elementor-column-gap-default\">\n\t\t\t\t\t\t\t<div class=\"elementor-row\">\n\t\t\t\t\t<div class=\"elementor-column elementor-col-100 elementor-top-column elementor-element elementor-element-e4da3af\" data-id=\"e4da3af\" data-element_type=\"column\">\n\t\t\t<div class=\"elementor-column-wrap elementor-element-populated\">\n\t\t\t\t\t\t\t<div class=\"elementor-widget-wrap\">\n\t\t\t\t\t\t<div class=\"elementor-element elementor-element-2ac8288 elementor-aspect-ratio-169 elementor-widget elementor-widget-video\" data-id=\"2ac8288\" data-element_type=\"widget\" data-settings=\"{&quot;video_type&quot;:&quot;vimeo&quot;,&quot;aspect_ratio&quot;:&quot;169&quot;}\" data-widget_type=\"video.default\">\n\t\t\t\t<div class=\"elementor-widget-container\">\n\t\t\t\t\t<div class=\"elementor-wrapper elementor-fit-aspect-ratio elementor-open-inline\">\n\t\t\t<iframe class=\"elementor-video-iframe\" allowfullscreen title=\"Reproductor de v\u00eddeo vimeo\" src=\"https:\/\/player.vimeo.com\/video\/689830773?color&amp;autopause=0&amp;loop=0&amp;muted=0&amp;title=1&amp;portrait=1&amp;byline=1#t=\"><\/iframe>\t\t<\/div>\n\t\t\t\t<\/div>\n\t\t\t\t<\/div>\n\t\t\t\t\t\t<\/div>\n\t\t\t\t\t<\/div>\n\t\t<\/div>\n\t\t\t\t\t\t\t\t<\/div>\n\t\t\t\t\t<\/div>\n\t\t<\/section>\n\t\t\t\t<section class=\"elementor-section elementor-top-section elementor-element elementor-element-10558cf elementor-section-boxed elementor-section-height-default elementor-section-height-default\" data-id=\"10558cf\" data-element_type=\"section\" data-settings=\"{&quot;background_background&quot;:&quot;classic&quot;}\">\n\t\t\t\t\t\t<div class=\"elementor-container elementor-column-gap-default\">\n\t\t\t\t\t\t\t<div class=\"elementor-row\">\n\t\t\t\t\t<div class=\"elementor-column elementor-col-50 elementor-top-column elementor-element elementor-element-4bdbe8e\" data-id=\"4bdbe8e\" data-element_type=\"column\" data-settings=\"{&quot;background_background&quot;:&quot;classic&quot;}\">\n\t\t\t<div class=\"elementor-column-wrap elementor-element-populated\">\n\t\t\t\t\t\t\t<div class=\"elementor-widget-wrap\">\n\t\t\t\t\t\t<div class=\"elementor-element elementor-element-601c8db elementor-widget elementor-widget-heading\" data-id=\"601c8db\" data-element_type=\"widget\" data-widget_type=\"heading.default\">\n\t\t\t\t<div class=\"elementor-widget-container\">\n\t\t\t<h2 class=\"elementor-heading-title elementor-size-default\">Nuestra misi\u00f3n<\/h2>\t\t<\/div>\n\t\t\t\t<\/div>\n\t\t\t\t<div class=\"elementor-element elementor-element-b19ac14 elementor-widget elementor-widget-text-editor\" data-id=\"b19ac14\" data-element_type=\"widget\" data-widget_type=\"text-editor.default\">\n\t\t\t\t<div class=\"elementor-widget-container\">\n\t\t\t\t\t\t\t\t<div class=\"elementor-text-editor elementor-clearfix\">\n\t\t\t\t<p>Bienvenido a los Laboratorios Androchem, La misi\u00f3n de nuestra empresa, es ayudar a las personas de todo el mundo para fortalecer la salud, aumentar el rendimiento deportivo y alcanzar sus objetivos. Por ello, nuestra empresa farmac\u00e9utica en su actividad utiliza \u00fanicamente soluciones innovadoras, con centros de investigaci\u00f3n l\u00edderes en el mundo, elaborando productos de calidad excepcional. Si se pregunta por qu\u00e9 deber\u00eda comprar los productos Androchem, a continuaci\u00f3n le presentamos algo que le ayudar\u00e1 a saber que est\u00e1 tomando la mejor decisi\u00f3n posible. En primer lugar, querr\u00e1 saber con certeza que est\u00e1 adquiriendo productos que van a ser eficaces y seguros para usted. Con los Laboratorios Androchem puede estar seguro de que obtendr\u00e1 eso y mucho m\u00e1s.<\/p>\t\t\t\t\t<\/div>\n\t\t\t\t\t\t<\/div>\n\t\t\t\t<\/div>\n\t\t\t\t\t\t<\/div>\n\t\t\t\t\t<\/div>\n\t\t<\/div>\n\t\t\t\t<div class=\"elementor-column elementor-col-50 elementor-top-column elementor-element elementor-element-bb80540\" data-id=\"bb80540\" data-element_type=\"column\">\n\t\t\t<div class=\"elementor-column-wrap elementor-element-populated\">\n\t\t\t\t\t\t\t<div class=\"elementor-widget-wrap\">\n\t\t\t\t\t\t<div class=\"elementor-element elementor-element-972e683 elementor-widget elementor-widget-image\" data-id=\"972e683\" data-element_type=\"widget\" data-widget_type=\"image.default\">\n\t\t\t\t<div class=\"elementor-widget-container\">\n\t\t\t\t\t\t\t\t<div class=\"elementor-image\">\n\t\t\t\t\t\t\t\t\t\t\t\t<img decoding=\"async\" src=\"https:\/\/androchem-laboratories.com\/wp-content\/uploads\/2022\/03\/lab.jpg\" title=\"laboratorio\" alt=\"lab\" \/>\t\t\t\t\t\t\t\t\t\t\t\t\t\t<\/div>\n\t\t\t\t\t\t<\/div>\n\t\t\t\t<\/div>\n\t\t\t\t\t\t<\/div>\n\t\t\t\t\t<\/div>\n\t\t<\/div>\n\t\t\t\t\t\t\t\t<\/div>\n\t\t\t\t\t<\/div>\n\t\t<\/section>\n\t\t\t\t<section class=\"elementor-section elementor-top-section elementor-element elementor-element-1edfdf2 elementor-reverse-mobile elementor-section-boxed elementor-section-height-default elementor-section-height-default\" data-id=\"1edfdf2\" data-element_type=\"section\" data-settings=\"{&quot;background_background&quot;:&quot;classic&quot;}\">\n\t\t\t\t\t\t<div class=\"elementor-container elementor-column-gap-default\">\n\t\t\t\t\t\t\t<div class=\"elementor-row\">\n\t\t\t\t\t<div class=\"elementor-column elementor-col-50 elementor-top-column elementor-element elementor-element-0ce841c\" data-id=\"0ce841c\" data-element_type=\"column\">\n\t\t\t<div class=\"elementor-column-wrap elementor-element-populated\">\n\t\t\t\t\t\t\t<div class=\"elementor-widget-wrap\">\n\t\t\t\t\t\t<div class=\"elementor-element elementor-element-2b92a25 elementor-widget elementor-widget-image\" data-id=\"2b92a25\" data-element_type=\"widget\" data-widget_type=\"image.default\">\n\t\t\t\t<div class=\"elementor-widget-container\">\n\t\t\t\t\t\t\t\t<div class=\"elementor-image\">\n\t\t\t\t\t\t\t\t\t\t\t\t<img loading=\"lazy\" decoding=\"async\" width=\"912\" height=\"608\" src=\"https:\/\/androchem-laboratories.com\/wp-content\/uploads\/2022\/03\/lab2.jpg\" class=\"attachment-large size-large\" alt=\"\" srcset=\"https:\/\/androchem-laboratories.com\/wp-content\/uploads\/2022\/03\/lab2.jpg 912w, https:\/\/androchem-laboratories.com\/wp-content\/uploads\/2022\/03\/lab2-600x400.jpg 600w, https:\/\/androchem-laboratories.com\/wp-content\/uploads\/2022\/03\/lab2-300x200.jpg 300w, https:\/\/androchem-laboratories.com\/wp-content\/uploads\/2022\/03\/lab2-768x512.jpg 768w\" sizes=\"auto, (max-width: 912px) 100vw, 912px\" \/>\t\t\t\t\t\t\t\t\t\t\t\t\t\t<\/div>\n\t\t\t\t\t\t<\/div>\n\t\t\t\t<\/div>\n\t\t\t\t\t\t<\/div>\n\t\t\t\t\t<\/div>\n\t\t<\/div>\n\t\t\t\t<div class=\"elementor-column elementor-col-50 elementor-top-column elementor-element elementor-element-333eb95\" data-id=\"333eb95\" data-element_type=\"column\" data-settings=\"{&quot;background_background&quot;:&quot;classic&quot;}\">\n\t\t\t<div class=\"elementor-column-wrap elementor-element-populated\">\n\t\t\t\t\t\t\t<div class=\"elementor-widget-wrap\">\n\t\t\t\t\t\t<div class=\"elementor-element elementor-element-a0972cd elementor-widget elementor-widget-heading\" data-id=\"a0972cd\" data-element_type=\"widget\" data-widget_type=\"heading.default\">\n\t\t\t\t<div class=\"elementor-widget-container\">\n\t\t\t<h2 class=\"elementor-heading-title elementor-size-default\">Seguro y eficaz<\/h2>\t\t<\/div>\n\t\t\t\t<\/div>\n\t\t\t\t<div class=\"elementor-element elementor-element-051f1ff elementor-widget elementor-widget-text-editor\" data-id=\"051f1ff\" data-element_type=\"widget\" data-widget_type=\"text-editor.default\">\n\t\t\t\t<div class=\"elementor-widget-container\">\n\t\t\t\t\t\t\t\t<div class=\"elementor-text-editor elementor-clearfix\">\n\t\t\t\t<p>Cuando se compran otras marcas, no hay forma de saber si lo que se est\u00e1 tomando es seguro, y mucho menos efectivo. Cuando compra Androchem , siempre podr\u00e1 confiar en que lo que est\u00e1 tomando es seguro para usted. Los Laboratorios Androchem tienen un riguroso proceso de pruebas por el que pasan sus productos antes de salir al mercado. Esto ayuda a asegurar que los medicamentos y suplementos no van a causar ning\u00fan da\u00f1o a los que los toman. Adem\u00e1s, sus productos son extremadamente eficaces. Usted puede aprender m\u00e1s sobre cada uno de sus productos y c\u00f3mo usted puede beneficiarse de ellos. Al hacer esto, usted ser\u00e1 capaz de elegir los productos que mejor se adapten a su cuerpo y le ayudar\u00e1 a llegar a donde quieres estar.<\/p>\t\t\t\t\t<\/div>\n\t\t\t\t\t\t<\/div>\n\t\t\t\t<\/div>\n\t\t\t\t\t\t<\/div>\n\t\t\t\t\t<\/div>\n\t\t<\/div>\n\t\t\t\t\t\t\t\t<\/div>\n\t\t\t\t\t<\/div>\n\t\t<\/section>\n\t\t\t\t<section class=\"elementor-section elementor-top-section elementor-element elementor-element-1971014 elementor-section-boxed elementor-section-height-default elementor-section-height-default\" data-id=\"1971014\" data-element_type=\"section\" data-settings=\"{&quot;background_background&quot;:&quot;classic&quot;}\">\n\t\t\t\t\t\t<div class=\"elementor-container elementor-column-gap-default\">\n\t\t\t\t\t\t\t<div class=\"elementor-row\">\n\t\t\t\t\t<div class=\"elementor-column elementor-col-50 elementor-top-column elementor-element elementor-element-779f458\" data-id=\"779f458\" data-element_type=\"column\" data-settings=\"{&quot;background_background&quot;:&quot;classic&quot;}\">\n\t\t\t<div class=\"elementor-column-wrap elementor-element-populated\">\n\t\t\t\t\t\t\t<div class=\"elementor-widget-wrap\">\n\t\t\t\t\t\t<div class=\"elementor-element elementor-element-b93a5df elementor-widget elementor-widget-heading\" data-id=\"b93a5df\" data-element_type=\"widget\" data-widget_type=\"heading.default\">\n\t\t\t\t<div class=\"elementor-widget-container\">\n\t\t\t<h2 class=\"elementor-heading-title elementor-size-default\">Control de calidad<\/h2>\t\t<\/div>\n\t\t\t\t<\/div>\n\t\t\t\t<div class=\"elementor-element elementor-element-fffbbec elementor-widget elementor-widget-text-editor\" data-id=\"fffbbec\" data-element_type=\"widget\" data-widget_type=\"text-editor.default\">\n\t\t\t\t<div class=\"elementor-widget-container\">\n\t\t\t\t\t\t\t\t<div class=\"elementor-text-editor elementor-clearfix\">\n\t\t\t\t<p>Nuestras instalaciones de producci\u00f3n cumplen todos los requisitos normativos en materia de seguridad ambiental, producci\u00f3n, gesti\u00f3n de la calidad y esterilidad para garantizar que no se degrade la calidad. Todos los ingredientes utilizados se obtienen de forma responsable de nuestros socios de confianza en el Reino Unido y se comprueba regularmente su contenido y pureza. Cada uno de nuestros productos viene con un etiquetado hologr\u00e1fico \u00fanico que no puede ser contrarrestado y es f\u00e1cilmente reconocible. Toda nuestra gama de comprimidos est\u00e1 sellada a prueba de manipulaciones y s\u00f3lo se vende a trav\u00e9s de socios de confianza que nos compran directamente en la UE.<\/p><p style=\"margin-bottom: 0pt; line-height: 100%;\">\u00a0<\/p>\t\t\t\t\t<\/div>\n\t\t\t\t\t\t<\/div>\n\t\t\t\t<\/div>\n\t\t\t\t\t\t<\/div>\n\t\t\t\t\t<\/div>\n\t\t<\/div>\n\t\t\t\t<div class=\"elementor-column elementor-col-50 elementor-top-column elementor-element elementor-element-4c0c367\" data-id=\"4c0c367\" data-element_type=\"column\">\n\t\t\t<div class=\"elementor-column-wrap elementor-element-populated\">\n\t\t\t\t\t\t\t<div class=\"elementor-widget-wrap\">\n\t\t\t\t\t\t<div class=\"elementor-element elementor-element-ed9ff3d elementor-widget elementor-widget-image\" data-id=\"ed9ff3d\" data-element_type=\"widget\" data-widget_type=\"image.default\">\n\t\t\t\t<div class=\"elementor-widget-container\">\n\t\t\t\t\t\t\t\t<div class=\"elementor-image\">\n\t\t\t\t\t\t\t\t\t\t\t\t<img loading=\"lazy\" decoding=\"async\" width=\"912\" height=\"608\" src=\"https:\/\/androchem-laboratories.com\/wp-content\/uploads\/2022\/03\/lab3.jpg\" class=\"attachment-large size-large\" alt=\"\" srcset=\"https:\/\/androchem-laboratories.com\/wp-content\/uploads\/2022\/03\/lab3.jpg 912w, https:\/\/androchem-laboratories.com\/wp-content\/uploads\/2022\/03\/lab3-600x400.jpg 600w, https:\/\/androchem-laboratories.com\/wp-content\/uploads\/2022\/03\/lab3-300x200.jpg 300w, https:\/\/androchem-laboratories.com\/wp-content\/uploads\/2022\/03\/lab3-768x512.jpg 768w\" sizes=\"auto, (max-width: 912px) 100vw, 912px\" \/>\t\t\t\t\t\t\t\t\t\t\t\t\t\t<\/div>\n\t\t\t\t\t\t<\/div>\n\t\t\t\t<\/div>\n\t\t\t\t\t\t<\/div>\n\t\t\t\t\t<\/div>\n\t\t<\/div>\n\t\t\t\t\t\t\t\t<\/div>\n\t\t\t\t\t<\/div>\n\t\t<\/section>\n\t\t\t\t\t\t<\/div>\n\t\t\t\t\t\t<\/div>\n\t\t\t\t\t<\/div>","protected":false},"excerpt":{"rendered":"<p>Nuestra MISI\u00d3N Bienvenido a Androchem Laboratorios, La misi\u00f3n de nuestra empresa, es ayudar a las personas en todo el mundo para fortalecer la salud, aumentar el rendimiento deportivo y alcanzar sus objetivos. Por ello, nuestra compa\u00f1\u00eda farmac\u00e9utica en su actividad utiliza \u00fanicamente soluciones innovadoras, con centros de investigaci\u00f3n l\u00edderes en el mundo, elaborando productos de una calidad excepcional. Si se est\u00e1 preguntando por qu\u00e9 deber\u00eda comprar productos Androchem, a continuaci\u00f3n le indicamos algo que le ayudar\u00e1 a saber que est\u00e1 tomando la mejor decisi\u00f3n posible. En primer lugar, querr\u00e1 saber con certeza que est\u00e1 adquiriendo productos que van a ser eficaces y...<\/p>","protected":false},"author":1,"featured_media":0,"parent":0,"menu_order":0,"comment_status":"closed","ping_status":"closed","template":"","meta":{"footnotes":""},"class_list":["post-141","page","type-page","status-publish","hentry"],"blocksy_meta":{"styles_descriptor":{"styles":{"desktop":"","tablet":"","mobile":""},"google_fonts":[],"version":4}},"_links":{"self":[{"href":"https:\/\/androchem-laboratories.com\/es\/wp-json\/wp\/v2\/pages\/141","targetHints":{"allow":["GET"]}}],"collection":[{"href":"https:\/\/androchem-laboratories.com\/es\/wp-json\/wp\/v2\/pages"}],"about":[{"href":"https:\/\/androchem-laboratories.com\/es\/wp-json\/wp\/v2\/types\/page"}],"author":[{"embeddable":true,"href":"https:\/\/androchem-laboratories.com\/es\/wp-json\/wp\/v2\/users\/1"}],"replies":[{"embeddable":true,"href":"https:\/\/androchem-laboratories.com\/es\/wp-json\/wp\/v2\/comments?post=141"}],"version-history":[{"count":89,"href":"https:\/\/androchem-laboratories.com\/es\/wp-json\/wp\/v2\/pages\/141\/revisions"}],"predecessor-version":[{"id":1227,"href":"https:\/\/androchem-laboratories.com\/es\/wp-json\/wp\/v2\/pages\/141\/revisions\/1227"}],"wp:attachment":[{"href":"https:\/\/androchem-laboratories.com\/es\/wp-json\/wp\/v2\/media?parent=141"}],"curies":[{"name":"wp","href":"https:\/\/api.w.org\/{rel}","templated":true}]}}