{"id":143,"date":"2022-02-28T14:11:47","date_gmt":"2022-02-28T13:11:47","guid":{"rendered":"https:\/\/androchem-laboratories.com\/?page_id=143"},"modified":"2022-09-09T09:51:59","modified_gmt":"2022-09-09T08:51:59","slug":"knowledge-base","status":"publish","type":"page","link":"https:\/\/androchem-laboratories.com\/de\/knowledge-base\/","title":{"rendered":"Wissensdatenbank"},"content":{"rendered":"<div data-elementor-type=\"wp-page\" data-elementor-id=\"143\" class=\"elementor elementor-143\" data-elementor-settings=\"[]\">\n\t\t\t\t\t\t<div class=\"elementor-inner\">\n\t\t\t\t\t\t\t<div class=\"elementor-section-wrap\">\n\t\t\t\t\t\t\t<section class=\"elementor-section elementor-top-section elementor-element elementor-element-196d001 elementor-section-boxed elementor-section-height-default elementor-section-height-default\" data-id=\"196d001\" data-element_type=\"section\">\n\t\t\t\t\t\t<div class=\"elementor-container elementor-column-gap-default\">\n\t\t\t\t\t\t\t<div class=\"elementor-row\">\n\t\t\t\t\t<div class=\"elementor-column elementor-col-100 elementor-top-column elementor-element elementor-element-d0e38aa\" data-id=\"d0e38aa\" data-element_type=\"column\">\n\t\t\t<div class=\"elementor-column-wrap elementor-element-populated\">\n\t\t\t\t\t\t\t<div class=\"elementor-widget-wrap\">\n\t\t\t\t\t\t<div class=\"elementor-element elementor-element-c68c226 elementor-grid-2 elementor-grid-tablet-2 elementor-grid-mobile-1 elementor-posts--thumbnail-top elementor-posts--show-avatar elementor-card-shadow-yes elementor-posts__hover-gradient elementor-widget elementor-widget-posts\" data-id=\"c68c226\" data-element_type=\"widget\" data-settings=\"{&quot;cards_columns&quot;:&quot;2&quot;,&quot;pagination_type&quot;:&quot;numbers&quot;,&quot;cards_columns_tablet&quot;:&quot;2&quot;,&quot;cards_columns_mobile&quot;:&quot;1&quot;,&quot;cards_row_gap&quot;:{&quot;unit&quot;:&quot;px&quot;,&quot;size&quot;:35,&quot;sizes&quot;:[]},&quot;cards_row_gap_tablet&quot;:{&quot;unit&quot;:&quot;px&quot;,&quot;size&quot;:&quot;&quot;,&quot;sizes&quot;:[]},&quot;cards_row_gap_mobile&quot;:{&quot;unit&quot;:&quot;px&quot;,&quot;size&quot;:&quot;&quot;,&quot;sizes&quot;:[]}}\" data-widget_type=\"posts.cards\">\n\t\t\t\t<div class=\"elementor-widget-container\">\n\t\t\t\t\t<div class=\"elementor-posts-container elementor-posts elementor-posts--skin-cards elementor-grid\">\n\t\t\t\t<article class=\"elementor-post elementor-grid-item post-1220 post type-post status-publish format-standard has-post-thumbnail hentry category-uncategorized\">\n\t\t\t<div class=\"elementor-post__card\">\n\t\t\t\t<a class=\"elementor-post__thumbnail__link\" href=\"https:\/\/androchem-laboratories.com\/de\/2022\/09\/09\/the-forgotten-legend-of-eca-stack\/\" ><div class=\"elementor-post__thumbnail\"><img loading=\"lazy\" decoding=\"async\" width=\"300\" height=\"169\" src=\"https:\/\/androchem-laboratories.com\/wp-content\/uploads\/2022\/09\/81iNgLus2L._SL1500_-300x169.jpg\" class=\"attachment-medium size-medium\" alt=\"\" srcset=\"https:\/\/androchem-laboratories.com\/wp-content\/uploads\/2022\/09\/81iNgLus2L._SL1500_-300x169.jpg 300w, https:\/\/androchem-laboratories.com\/wp-content\/uploads\/2022\/09\/81iNgLus2L._SL1500_-1024x576.jpg 1024w, https:\/\/androchem-laboratories.com\/wp-content\/uploads\/2022\/09\/81iNgLus2L._SL1500_-768x432.jpg 768w, https:\/\/androchem-laboratories.com\/wp-content\/uploads\/2022\/09\/81iNgLus2L._SL1500_-18x10.jpg 18w, https:\/\/androchem-laboratories.com\/wp-content\/uploads\/2022\/09\/81iNgLus2L._SL1500_-600x338.jpg 600w, https:\/\/androchem-laboratories.com\/wp-content\/uploads\/2022\/09\/81iNgLus2L._SL1500_.jpg 1500w\" sizes=\"auto, (max-width: 300px) 100vw, 300px\" \/><\/div><\/a>\n\t\t\t\t<div class=\"elementor-post__badge\">Uncategorized<\/div>\n\t\t\t\t<div class=\"elementor-post__avatar\">\n\t\t\t<img alt='jarosuaff22' src='https:\/\/secure.gravatar.com\/avatar\/3b90b1f90f01cfa55433de67148ee1c308b6f2979e1beadcbadd3911841b055b?s=128&#038;d=mm&#038;r=g' srcset='https:\/\/secure.gravatar.com\/avatar\/3b90b1f90f01cfa55433de67148ee1c308b6f2979e1beadcbadd3911841b055b?s=256&#038;d=mm&#038;r=g 2x' class='avatar avatar-128 photo' height='128' width='128' \/>\t\t<\/div>\n\t\t\t\t<div class=\"elementor-post__text\">\n\t\t\t\t<h3 class=\"elementor-post__title\">\n\t\t\t<a href=\"https:\/\/androchem-laboratories.com\/de\/2022\/09\/09\/the-forgotten-legend-of-eca-stack\/\" >\n\t\t\t\tDie vergessene Legende von ECA Stack\t\t\t<\/a>\n\t\t<\/h3>\n\t\t\t\t<div class=\"elementor-post__excerpt\">\n\t\t\t<p>ECA Stack - was ist aus dem legend\u00e4ren Ephedra geworden?         ECA Stack ist ein \u00dcberbegriff f\u00fcr Produkte, die aus drei streng definierten Komponenten bestehen, n\u00e4mlich Ephedrin (E - Ephedrin), Koffein (C - Koffein) und Aspirin (A - Aspirin), die in unterschiedlichen Anteilen, aber immer in der gleichen Kombination auftreten! Die obige Systematisierung dient dazu, jeden Zweifel dar\u00fcber auszur\u00e4umen, wovon der Artikel spricht und was er beschreibt und was nicht. Konkret geht es um die zahllosen Gl\u00fchbirnen, die vorgeben, Ephedra zu enthalten, und die suggerieren, dass sie Ephedra enthalten, es aber in Wirklichkeit nicht tun. Wir sind<\/p>\n\t\t<\/div>\n\t\t\t\t\t<a class=\"elementor-post__read-more\" href=\"https:\/\/androchem-laboratories.com\/de\/2022\/09\/09\/the-forgotten-legend-of-eca-stack\/\" >\n\t\t\t\tMehr lesen \"\t\t\t<\/a>\n\t\t\t\t<\/div>\n\t\t\t\t<div class=\"elementor-post__meta-data\">\n\t\t\t\t\t<span class=\"elementor-post-date\">\n\t\t\tSeptember 9, 2022\t\t<\/span>\n\t\t\t\t<span class=\"elementor-post-avatar\">\n\t\t\tKeine Kommentare\t\t<\/span>\n\t\t\t\t<\/div>\n\t\t\t\t\t<\/div>\n\t\t<\/article>\n\t\t\t\t<article class=\"elementor-post elementor-grid-item post-1214 post type-post status-publish format-standard has-post-thumbnail hentry category-uncategorized\">\n\t\t\t<div class=\"elementor-post__card\">\n\t\t\t\t<a class=\"elementor-post__thumbnail__link\" href=\"https:\/\/androchem-laboratories.com\/de\/2022\/09\/09\/clomid-clomifene-all-you-need-to-know\/\" ><div class=\"elementor-post__thumbnail\"><img loading=\"lazy\" decoding=\"async\" width=\"300\" height=\"203\" src=\"https:\/\/androchem-laboratories.com\/wp-content\/uploads\/2022\/09\/clomid-1-300x203.jpg\" class=\"attachment-medium size-medium\" alt=\"\" srcset=\"https:\/\/androchem-laboratories.com\/wp-content\/uploads\/2022\/09\/clomid-1-300x203.jpg 300w, https:\/\/androchem-laboratories.com\/wp-content\/uploads\/2022\/09\/clomid-1-18x12.jpg 18w, https:\/\/androchem-laboratories.com\/wp-content\/uploads\/2022\/09\/clomid-1.jpg 600w\" sizes=\"auto, (max-width: 300px) 100vw, 300px\" \/><\/div><\/a>\n\t\t\t\t<div class=\"elementor-post__badge\">Uncategorized<\/div>\n\t\t\t\t<div class=\"elementor-post__avatar\">\n\t\t\t<img alt='jarosuaff22' src='https:\/\/secure.gravatar.com\/avatar\/3b90b1f90f01cfa55433de67148ee1c308b6f2979e1beadcbadd3911841b055b?s=128&#038;d=mm&#038;r=g' srcset='https:\/\/secure.gravatar.com\/avatar\/3b90b1f90f01cfa55433de67148ee1c308b6f2979e1beadcbadd3911841b055b?s=256&#038;d=mm&#038;r=g 2x' class='avatar avatar-128 photo' height='128' width='128' \/>\t\t<\/div>\n\t\t\t\t<div class=\"elementor-post__text\">\n\t\t\t\t<h3 class=\"elementor-post__title\">\n\t\t\t<a href=\"https:\/\/androchem-laboratories.com\/de\/2022\/09\/09\/clomid-clomifene-all-you-need-to-know\/\" >\n\t\t\t\tClomid (Clomifen) - alles, was Sie wissen m\u00fcssen\t\t\t<\/a>\n\t\t<\/h3>\n\t\t\t\t<div class=\"elementor-post__excerpt\">\n\t\t\t<p>Clomid - was es ist, wie es wirkt, wie man es dosiert. Grundlegende Informationen \u00fcber die Ma\u00dfnahme in der k\u00fcrzesten, informativsten Form allgemeine Beschreibung Clomid ist der gebr\u00e4uchliche Name f\u00fcr Clomiphencitrat, ein Medikament zur Behandlung der weiblichen Unfruchtbarkeit. Seine Wirkung besteht darin, die negativen Auswirkungen von \u00d6strogenen auf die Hypothalamus-Hypophysen-Eierstock-Achse zu verringern, indem es die Sekretion von LH und FSH erh\u00f6ht, wodurch der Eisprung stimuliert wird. allgemeine Wirkung Dies ist jedoch nicht die einzige Verwendung dieses Pr\u00e4parats - es wird auch im Doping eingesetzt. Die Wirkung von Clomiphencitrat beruht auf der Blockierung der<\/p>\n\t\t<\/div>\n\t\t\t\t\t<a class=\"elementor-post__read-more\" href=\"https:\/\/androchem-laboratories.com\/de\/2022\/09\/09\/clomid-clomifene-all-you-need-to-know\/\" >\n\t\t\t\tMehr lesen \"\t\t\t<\/a>\n\t\t\t\t<\/div>\n\t\t\t\t<div class=\"elementor-post__meta-data\">\n\t\t\t\t\t<span class=\"elementor-post-date\">\n\t\t\tSeptember 9, 2022\t\t<\/span>\n\t\t\t\t<span class=\"elementor-post-avatar\">\n\t\t\tKeine Kommentare\t\t<\/span>\n\t\t\t\t<\/div>\n\t\t\t\t\t<\/div>\n\t\t<\/article>\n\t\t\t\t<article class=\"elementor-post elementor-grid-item post-1190 post type-post status-publish format-standard has-post-thumbnail hentry category-uncategorized\">\n\t\t\t<div class=\"elementor-post__card\">\n\t\t\t\t<a class=\"elementor-post__thumbnail__link\" href=\"https:\/\/androchem-laboratories.com\/de\/2022\/09\/07\/most-comprehensive-list-of-steroids-all-explained\/\" ><div class=\"elementor-post__thumbnail\"><img loading=\"lazy\" decoding=\"async\" width=\"300\" height=\"169\" src=\"https:\/\/androchem-laboratories.com\/wp-content\/uploads\/2022\/09\/listofS-300x169.jpg\" class=\"attachment-medium size-medium\" alt=\"\" srcset=\"https:\/\/androchem-laboratories.com\/wp-content\/uploads\/2022\/09\/listofS-300x169.jpg 300w, https:\/\/androchem-laboratories.com\/wp-content\/uploads\/2022\/09\/listofS-1024x576.jpg 1024w, https:\/\/androchem-laboratories.com\/wp-content\/uploads\/2022\/09\/listofS-768x432.jpg 768w, https:\/\/androchem-laboratories.com\/wp-content\/uploads\/2022\/09\/listofS-18x10.jpg 18w, https:\/\/androchem-laboratories.com\/wp-content\/uploads\/2022\/09\/listofS-600x338.jpg 600w, https:\/\/androchem-laboratories.com\/wp-content\/uploads\/2022\/09\/listofS.jpg 1280w\" sizes=\"auto, (max-width: 300px) 100vw, 300px\" \/><\/div><\/a>\n\t\t\t\t<div class=\"elementor-post__badge\">Uncategorized<\/div>\n\t\t\t\t<div class=\"elementor-post__avatar\">\n\t\t\t<img alt='jarosuaff22' src='https:\/\/secure.gravatar.com\/avatar\/3b90b1f90f01cfa55433de67148ee1c308b6f2979e1beadcbadd3911841b055b?s=128&#038;d=mm&#038;r=g' srcset='https:\/\/secure.gravatar.com\/avatar\/3b90b1f90f01cfa55433de67148ee1c308b6f2979e1beadcbadd3911841b055b?s=256&#038;d=mm&#038;r=g 2x' class='avatar avatar-128 photo' height='128' width='128' \/>\t\t<\/div>\n\t\t\t\t<div class=\"elementor-post__text\">\n\t\t\t\t<h3 class=\"elementor-post__title\">\n\t\t\t<a href=\"https:\/\/androchem-laboratories.com\/de\/2022\/09\/07\/most-comprehensive-list-of-steroids-all-explained\/\" >\n\t\t\t\tDie umfassendste Liste von Steroiden, alle erkl\u00e4rt\t\t\t<\/a>\n\t\t<\/h3>\n\t\t\t\t<div class=\"elementor-post__excerpt\">\n\t\t\t<p>Liste der im Sport verwendeten Steroide 1.1 Testosteron Testosteronpropionat (100 mg) 1.1.2. Testosteron-Enanthat (250 mg) 1.1.3. Testosteron-Cypionat (250 mg) 1.1.4. Testosteron Sustanon (250 mg) 1.1.5. Testosteron-Mix (300, 400 mg) 1.2 Nandrolon 1.2.1. Nandrolonphenylpropionat (100 mg) 1.2.2. Nandrolon-Decanoat 1.2.3. Nandrolon-Mix (300 mg) 1.3. Masteron 1.3.1. Masteron Propionat (100 mg) 1.3.2. Masteron Enanthat (200 mg) 1.3.3. Masteron Mix (200 mg) 1.4 Boldenon 1.4.1. Tribold, Bold Mix, Equipoise 1.5 Trenbolon 1.6 Methanabol 1.6.1 Ich habe keine Ahnung 1.7 Winstrol 1.7.1 Winstrol Depot - eine vergessene Legende der 1990er Jahre 1.8 Anapolon 1.8.1 Anapolon - welche Dosierung<\/p>\n\t\t<\/div>\n\t\t\t\t\t<a class=\"elementor-post__read-more\" href=\"https:\/\/androchem-laboratories.com\/de\/2022\/09\/07\/most-comprehensive-list-of-steroids-all-explained\/\" >\n\t\t\t\tMehr lesen \"\t\t\t<\/a>\n\t\t\t\t<\/div>\n\t\t\t\t<div class=\"elementor-post__meta-data\">\n\t\t\t\t\t<span class=\"elementor-post-date\">\n\t\t\t7. September 2022\t\t<\/span>\n\t\t\t\t<span class=\"elementor-post-avatar\">\n\t\t\tKeine Kommentare\t\t<\/span>\n\t\t\t\t<\/div>\n\t\t\t\t\t<\/div>\n\t\t<\/article>\n\t\t\t\t<article class=\"elementor-post elementor-grid-item post-1188 post type-post status-publish format-standard has-post-thumbnail hentry category-uncategorized\">\n\t\t\t<div class=\"elementor-post__card\">\n\t\t\t\t<a class=\"elementor-post__thumbnail__link\" href=\"https:\/\/androchem-laboratories.com\/de\/2022\/09\/07\/steroid-addiction-real-disorder-or-media-fiction\/\" ><div class=\"elementor-post__thumbnail\"><img loading=\"lazy\" decoding=\"async\" width=\"300\" height=\"200\" src=\"https:\/\/androchem-laboratories.com\/wp-content\/uploads\/2022\/09\/Some-of-The-Best-Legal-Steroids-for-Sale-300x200.jpg\" class=\"attachment-medium size-medium\" alt=\"\" srcset=\"https:\/\/androchem-laboratories.com\/wp-content\/uploads\/2022\/09\/Some-of-The-Best-Legal-Steroids-for-Sale-300x200.jpg 300w, https:\/\/androchem-laboratories.com\/wp-content\/uploads\/2022\/09\/Some-of-The-Best-Legal-Steroids-for-Sale-1024x683.jpg 1024w, https:\/\/androchem-laboratories.com\/wp-content\/uploads\/2022\/09\/Some-of-The-Best-Legal-Steroids-for-Sale-768x512.jpg 768w, https:\/\/androchem-laboratories.com\/wp-content\/uploads\/2022\/09\/Some-of-The-Best-Legal-Steroids-for-Sale-18x12.jpg 18w, https:\/\/androchem-laboratories.com\/wp-content\/uploads\/2022\/09\/Some-of-The-Best-Legal-Steroids-for-Sale-600x400.jpg 600w, https:\/\/androchem-laboratories.com\/wp-content\/uploads\/2022\/09\/Some-of-The-Best-Legal-Steroids-for-Sale.jpg 1200w\" sizes=\"auto, (max-width: 300px) 100vw, 300px\" \/><\/div><\/a>\n\t\t\t\t<div class=\"elementor-post__badge\">Uncategorized<\/div>\n\t\t\t\t<div class=\"elementor-post__avatar\">\n\t\t\t<img alt='jarosuaff22' src='https:\/\/secure.gravatar.com\/avatar\/3b90b1f90f01cfa55433de67148ee1c308b6f2979e1beadcbadd3911841b055b?s=128&#038;d=mm&#038;r=g' srcset='https:\/\/secure.gravatar.com\/avatar\/3b90b1f90f01cfa55433de67148ee1c308b6f2979e1beadcbadd3911841b055b?s=256&#038;d=mm&#038;r=g 2x' class='avatar avatar-128 photo' height='128' width='128' \/>\t\t<\/div>\n\t\t\t\t<div class=\"elementor-post__text\">\n\t\t\t\t<h3 class=\"elementor-post__title\">\n\t\t\t<a href=\"https:\/\/androchem-laboratories.com\/de\/2022\/09\/07\/steroid-addiction-real-disorder-or-media-fiction\/\" >\n\t\t\t\tSteroidabh\u00e4ngigkeit - reale Erkrankung oder Medienfiktion?\t\t\t<\/a>\n\t\t<\/h3>\n\t\t\t\t<div class=\"elementor-post__excerpt\">\n\t\t\t<p>Steroidabh\u00e4ngigkeit - reale Erkrankung oder Medienfiktion? 1. Einleitende Worte Sind anabol-androgene Steroide s\u00fcchtig machend? Als ich diese Frage zum ersten Mal h\u00f6rte, hatte ich gro\u00dfe Schwierigkeiten, sie nicht als Sarkasmus zu verstehen. In all den Jahren, in denen ich mich mit dem Eiskunstlauf besch\u00e4ftige, habe ich noch nie jemanden getroffen, der mich auf das Thema Steroidabh\u00e4ngigkeit angesprochen h\u00e4tte. Und glauben Sie mir, im Laufe der Jahre haben mir Leute im Vertrauen wirklich verr\u00fcckte Geschichten erz\u00e4hlt. Aber niemand hat je zugegeben, dass er wegen dieser Medikamente die Kontrolle \u00fcber sein Leben verloren hat. Dennoch fangen einige Leute an, diese Frage zu stellen<\/p>\n\t\t<\/div>\n\t\t\t\t\t<a class=\"elementor-post__read-more\" href=\"https:\/\/androchem-laboratories.com\/de\/2022\/09\/07\/steroid-addiction-real-disorder-or-media-fiction\/\" >\n\t\t\t\tMehr lesen \"\t\t\t<\/a>\n\t\t\t\t<\/div>\n\t\t\t\t<div class=\"elementor-post__meta-data\">\n\t\t\t\t\t<span class=\"elementor-post-date\">\n\t\t\t7. September 2022\t\t<\/span>\n\t\t\t\t<span class=\"elementor-post-avatar\">\n\t\t\tKeine Kommentare\t\t<\/span>\n\t\t\t\t<\/div>\n\t\t\t\t\t<\/div>\n\t\t<\/article>\n\t\t\t\t<article class=\"elementor-post elementor-grid-item post-1186 post type-post status-publish format-standard has-post-thumbnail hentry category-uncategorized\">\n\t\t\t<div class=\"elementor-post__card\">\n\t\t\t\t<a class=\"elementor-post__thumbnail__link\" href=\"https:\/\/androchem-laboratories.com\/de\/2022\/09\/07\/side-effects-of-steroids-a-short-list-with-possible-solutions\/\" ><div class=\"elementor-post__thumbnail\"><img loading=\"lazy\" decoding=\"async\" width=\"300\" height=\"220\" src=\"https:\/\/androchem-laboratories.com\/wp-content\/uploads\/2022\/09\/standing1-300x220.jpg\" class=\"attachment-medium size-medium\" alt=\"\" srcset=\"https:\/\/androchem-laboratories.com\/wp-content\/uploads\/2022\/09\/standing1-300x220.jpg 300w, https:\/\/androchem-laboratories.com\/wp-content\/uploads\/2022\/09\/standing1-768x564.jpg 768w, https:\/\/androchem-laboratories.com\/wp-content\/uploads\/2022\/09\/standing1-16x12.jpg 16w, https:\/\/androchem-laboratories.com\/wp-content\/uploads\/2022\/09\/standing1-600x441.jpg 600w, https:\/\/androchem-laboratories.com\/wp-content\/uploads\/2022\/09\/standing1.jpg 984w\" sizes=\"auto, (max-width: 300px) 100vw, 300px\" \/><\/div><\/a>\n\t\t\t\t<div class=\"elementor-post__badge\">Uncategorized<\/div>\n\t\t\t\t<div class=\"elementor-post__avatar\">\n\t\t\t<img alt='jarosuaff22' src='https:\/\/secure.gravatar.com\/avatar\/3b90b1f90f01cfa55433de67148ee1c308b6f2979e1beadcbadd3911841b055b?s=128&#038;d=mm&#038;r=g' srcset='https:\/\/secure.gravatar.com\/avatar\/3b90b1f90f01cfa55433de67148ee1c308b6f2979e1beadcbadd3911841b055b?s=256&#038;d=mm&#038;r=g 2x' class='avatar avatar-128 photo' height='128' width='128' \/>\t\t<\/div>\n\t\t\t\t<div class=\"elementor-post__text\">\n\t\t\t\t<h3 class=\"elementor-post__title\">\n\t\t\t<a href=\"https:\/\/androchem-laboratories.com\/de\/2022\/09\/07\/side-effects-of-steroids-a-short-list-with-possible-solutions\/\" >\n\t\t\t\tNebenwirkungen von Steroiden, eine kurze Liste mit m\u00f6glichen L\u00f6sungen\t\t\t<\/a>\n\t\t<\/h3>\n\t\t\t\t<div class=\"elementor-post__excerpt\">\n\t\t\t<p>Nebenwirkungen von Steroiden, eine kurze Liste mit m\u00f6glichen L\u00f6sungen Die Verwendung jedes m\u00f6glichen Steroids (nicht nur der androgenen-anabolen) ist mit dem Risiko von Nebenwirkungen verbunden. Die Risiken und ihr Schweregrad h\u00e4ngen eng mit den verwendeten Dosen zusammen. Es gibt jedoch keine M\u00f6glichkeit, sowohl die leichten als auch die potenziell gef\u00e4hrlichen Risiken im Zusammenhang mit der Einnahme von Anabolika vollst\u00e4ndig auszuschlie\u00dfen. Einige der h\u00e4ufigsten Nebenwirkungen, die auftreten k\u00f6nnen, sind: Wassereinlagerungen Aufgrund der schnellen Zunahme der Muskelmasse und des Anstiegs des \u00d6strogenspiegels kommt es zu \u00fcberm\u00e4\u00dfigen Wassereinlagerungen im K\u00f6rper. Bis zu einem gewissen Grad,<\/p>\n\t\t<\/div>\n\t\t\t\t\t<a class=\"elementor-post__read-more\" href=\"https:\/\/androchem-laboratories.com\/de\/2022\/09\/07\/side-effects-of-steroids-a-short-list-with-possible-solutions\/\" >\n\t\t\t\tMehr lesen \"\t\t\t<\/a>\n\t\t\t\t<\/div>\n\t\t\t\t<div class=\"elementor-post__meta-data\">\n\t\t\t\t\t<span class=\"elementor-post-date\">\n\t\t\t7. September 2022\t\t<\/span>\n\t\t\t\t<span class=\"elementor-post-avatar\">\n\t\t\tKeine Kommentare\t\t<\/span>\n\t\t\t\t<\/div>\n\t\t\t\t\t<\/div>\n\t\t<\/article>\n\t\t\t\t<article class=\"elementor-post elementor-grid-item post-1184 post type-post status-publish format-standard has-post-thumbnail hentry category-uncategorized\">\n\t\t\t<div class=\"elementor-post__card\">\n\t\t\t\t<a class=\"elementor-post__thumbnail__link\" href=\"https:\/\/androchem-laboratories.com\/de\/2022\/09\/07\/getting-in-shape-in-time-for-summer\/\" ><div class=\"elementor-post__thumbnail\"><img loading=\"lazy\" decoding=\"async\" width=\"300\" height=\"200\" src=\"https:\/\/androchem-laboratories.com\/wp-content\/uploads\/2022\/09\/Cach_giup_nam_gioi_tre_trung_1-300x200.webp\" class=\"attachment-medium size-medium\" alt=\"\" srcset=\"https:\/\/androchem-laboratories.com\/wp-content\/uploads\/2022\/09\/Cach_giup_nam_gioi_tre_trung_1-300x200.webp 300w, https:\/\/androchem-laboratories.com\/wp-content\/uploads\/2022\/09\/Cach_giup_nam_gioi_tre_trung_1-1024x683.webp 1024w, https:\/\/androchem-laboratories.com\/wp-content\/uploads\/2022\/09\/Cach_giup_nam_gioi_tre_trung_1-768x512.webp 768w, https:\/\/androchem-laboratories.com\/wp-content\/uploads\/2022\/09\/Cach_giup_nam_gioi_tre_trung_1-1536x1024.webp 1536w, https:\/\/androchem-laboratories.com\/wp-content\/uploads\/2022\/09\/Cach_giup_nam_gioi_tre_trung_1-18x12.webp 18w, https:\/\/androchem-laboratories.com\/wp-content\/uploads\/2022\/09\/Cach_giup_nam_gioi_tre_trung_1-600x400.webp 600w, https:\/\/androchem-laboratories.com\/wp-content\/uploads\/2022\/09\/Cach_giup_nam_gioi_tre_trung_1.webp 1920w\" sizes=\"auto, (max-width: 300px) 100vw, 300px\" \/><\/div><\/a>\n\t\t\t\t<div class=\"elementor-post__badge\">Uncategorized<\/div>\n\t\t\t\t<div class=\"elementor-post__avatar\">\n\t\t\t<img alt='jarosuaff22' src='https:\/\/secure.gravatar.com\/avatar\/3b90b1f90f01cfa55433de67148ee1c308b6f2979e1beadcbadd3911841b055b?s=128&#038;d=mm&#038;r=g' srcset='https:\/\/secure.gravatar.com\/avatar\/3b90b1f90f01cfa55433de67148ee1c308b6f2979e1beadcbadd3911841b055b?s=256&#038;d=mm&#038;r=g 2x' class='avatar avatar-128 photo' height='128' width='128' \/>\t\t<\/div>\n\t\t\t\t<div class=\"elementor-post__text\">\n\t\t\t\t<h3 class=\"elementor-post__title\">\n\t\t\t<a href=\"https:\/\/androchem-laboratories.com\/de\/2022\/09\/07\/getting-in-shape-in-time-for-summer\/\" >\n\t\t\t\tRechtzeitig zum Sommer in Form kommen\t\t\t<\/a>\n\t\t<\/h3>\n\t\t\t\t<div class=\"elementor-post__excerpt\">\n\t\t\t<p>Rechtzeitig zum Sommer in Form kommen - Propionat und Oxandrolon als sicherste und schnellste L\u00f6sung.   Wir alle haben die Nase voll von den derzeitigen Beschr\u00e4nkungen, die im Rahmen der Virusbek\u00e4mpfung eingef\u00fchrt wurden. Unsere Form hat gelitten, denn wie soll man trainieren, wenn man nirgendwo hingehen kann. Vielleicht ist eine solche Erholungsphase sinnvoll, aber normalerweise ging es in der Zeit vor den Ferien nur darum, unsere Form f\u00fcr den Sommer zu verbessern. Letzte Steigerungen, ein bisschen Abnehmen und der Strand. Die gute Nachricht ist, dass die Fitnessstudios bald wieder anfangen.<\/p>\n\t\t<\/div>\n\t\t\t\t\t<a class=\"elementor-post__read-more\" href=\"https:\/\/androchem-laboratories.com\/de\/2022\/09\/07\/getting-in-shape-in-time-for-summer\/\" >\n\t\t\t\tMehr lesen \"\t\t\t<\/a>\n\t\t\t\t<\/div>\n\t\t\t\t<div class=\"elementor-post__meta-data\">\n\t\t\t\t\t<span class=\"elementor-post-date\">\n\t\t\t7. September 2022\t\t<\/span>\n\t\t\t\t<span class=\"elementor-post-avatar\">\n\t\t\tKeine Kommentare\t\t<\/span>\n\t\t\t\t<\/div>\n\t\t\t\t\t<\/div>\n\t\t<\/article>\n\t\t\t\t<\/div>\n\n\n\t\t\n\t\t\t\t<div class=\"e-load-more-anchor\" data-page=\"1\" data-max-page=\"3\" data-next-page=\"https:\/\/androchem-laboratories.com\/de\/wp-json\/wp\/v2\/pages\/143\/page\/2\/\"><\/div>\n\t\t\t\t<nav class=\"elementor-pagination\" role=\"navigation\" aria-label=\"Paginierung\">\n\t\t\t<span aria-current=\"page\" class=\"page-numbers current\"><span class=\"elementor-screen-only\">Seite<\/span>1<\/span>\n<a class=\"page-numbers\" href=\"https:\/\/androchem-laboratories.com\/de\/wp-json\/wp\/v2\/pages\/143\/page\/2\/\"><span class=\"elementor-screen-only\">Seite<\/span>2<\/a>\n<a class=\"page-numbers\" href=\"https:\/\/androchem-laboratories.com\/de\/wp-json\/wp\/v2\/pages\/143\/page\/3\/\"><span class=\"elementor-screen-only\">Seite<\/span>3<\/a>\t\t<\/nav>\n\t\t\t\t<\/div>\n\t\t\t\t<\/div>\n\t\t\t\t\t\t<\/div>\n\t\t\t\t\t<\/div>\n\t\t<\/div>\n\t\t\t\t\t\t\t\t<\/div>\n\t\t\t\t\t<\/div>\n\t\t<\/section>\n\t\t\t\t\t\t<\/div>\n\t\t\t\t\t\t<\/div>\n\t\t\t\t\t<\/div>","protected":false},"excerpt":{"rendered":"","protected":false},"author":1,"featured_media":0,"parent":0,"menu_order":0,"comment_status":"closed","ping_status":"closed","template":"","meta":{"footnotes":""},"class_list":["post-143","page","type-page","status-publish","hentry"],"blocksy_meta":{"styles_descriptor":{"styles":{"desktop":"","tablet":"","mobile":""},"google_fonts":[],"version":4}},"_links":{"self":[{"href":"https:\/\/androchem-laboratories.com\/de\/wp-json\/wp\/v2\/pages\/143","targetHints":{"allow":["GET"]}}],"collection":[{"href":"https:\/\/androchem-laboratories.com\/de\/wp-json\/wp\/v2\/pages"}],"about":[{"href":"https:\/\/androchem-laboratories.com\/de\/wp-json\/wp\/v2\/types\/page"}],"author":[{"embeddable":true,"href":"https:\/\/androchem-laboratories.com\/de\/wp-json\/wp\/v2\/users\/1"}],"replies":[{"embeddable":true,"href":"https:\/\/androchem-laboratories.com\/de\/wp-json\/wp\/v2\/comments?post=143"}],"version-history":[{"count":36,"href":"https:\/\/androchem-laboratories.com\/de\/wp-json\/wp\/v2\/pages\/143\/revisions"}],"predecessor-version":[{"id":1202,"href":"https:\/\/androchem-laboratories.com\/de\/wp-json\/wp\/v2\/pages\/143\/revisions\/1202"}],"wp:attachment":[{"href":"https:\/\/androchem-laboratories.com\/de\/wp-json\/wp\/v2\/media?parent=143"}],"curies":[{"name":"wp","href":"https:\/\/api.w.org\/{rel}","templated":true}]}}