{"id":141,"date":"2022-02-28T14:11:31","date_gmt":"2022-02-28T13:11:31","guid":{"rendered":"https:\/\/androchem-laboratories.com\/?page_id=141"},"modified":"2022-03-23T10:17:35","modified_gmt":"2022-03-23T09:17:35","slug":"about","status":"publish","type":"page","link":"https:\/\/androchem-laboratories.com\/de\/about\/","title":{"rendered":"\u00dcber"},"content":{"rendered":"<div data-elementor-type=\"wp-page\" data-elementor-id=\"141\" class=\"elementor elementor-141\" data-elementor-settings=\"[]\">\n\t\t\t\t\t\t<div class=\"elementor-inner\">\n\t\t\t\t\t\t\t<div class=\"elementor-section-wrap\">\n\t\t\t\t\t\t\t<section class=\"elementor-section elementor-top-section elementor-element elementor-element-a32d8d9 elementor-section-boxed elementor-section-height-default elementor-section-height-default\" data-id=\"a32d8d9\" data-element_type=\"section\">\n\t\t\t\t\t\t<div class=\"elementor-container elementor-column-gap-default\">\n\t\t\t\t\t\t\t<div class=\"elementor-row\">\n\t\t\t\t\t<div class=\"elementor-column elementor-col-100 elementor-top-column elementor-element elementor-element-e4da3af\" data-id=\"e4da3af\" data-element_type=\"column\">\n\t\t\t<div class=\"elementor-column-wrap elementor-element-populated\">\n\t\t\t\t\t\t\t<div class=\"elementor-widget-wrap\">\n\t\t\t\t\t\t<div class=\"elementor-element elementor-element-2ac8288 elementor-aspect-ratio-169 elementor-widget elementor-widget-video\" data-id=\"2ac8288\" data-element_type=\"widget\" data-settings=\"{&quot;video_type&quot;:&quot;vimeo&quot;,&quot;aspect_ratio&quot;:&quot;169&quot;}\" data-widget_type=\"video.default\">\n\t\t\t\t<div class=\"elementor-widget-container\">\n\t\t\t\t\t<div class=\"elementor-wrapper elementor-fit-aspect-ratio elementor-open-inline\">\n\t\t\t<iframe class=\"elementor-video-iframe\" allowfullscreen title=\"vimeo Video Player\" src=\"https:\/\/player.vimeo.com\/video\/689830773?color&amp;autopause=0&amp;loop=0&amp;muted=0&amp;title=1&amp;portrait=1&amp;byline=1#t=\"><\/iframe>\t\t<\/div>\n\t\t\t\t<\/div>\n\t\t\t\t<\/div>\n\t\t\t\t\t\t<\/div>\n\t\t\t\t\t<\/div>\n\t\t<\/div>\n\t\t\t\t\t\t\t\t<\/div>\n\t\t\t\t\t<\/div>\n\t\t<\/section>\n\t\t\t\t<section class=\"elementor-section elementor-top-section elementor-element elementor-element-10558cf elementor-section-boxed elementor-section-height-default elementor-section-height-default\" data-id=\"10558cf\" data-element_type=\"section\" data-settings=\"{&quot;background_background&quot;:&quot;classic&quot;}\">\n\t\t\t\t\t\t<div class=\"elementor-container elementor-column-gap-default\">\n\t\t\t\t\t\t\t<div class=\"elementor-row\">\n\t\t\t\t\t<div class=\"elementor-column elementor-col-50 elementor-top-column elementor-element elementor-element-4bdbe8e\" data-id=\"4bdbe8e\" data-element_type=\"column\" data-settings=\"{&quot;background_background&quot;:&quot;classic&quot;}\">\n\t\t\t<div class=\"elementor-column-wrap elementor-element-populated\">\n\t\t\t\t\t\t\t<div class=\"elementor-widget-wrap\">\n\t\t\t\t\t\t<div class=\"elementor-element elementor-element-601c8db elementor-widget elementor-widget-heading\" data-id=\"601c8db\" data-element_type=\"widget\" data-widget_type=\"heading.default\">\n\t\t\t\t<div class=\"elementor-widget-container\">\n\t\t\t<h2 class=\"elementor-heading-title elementor-size-default\">Unsere MISSION<\/h2>\t\t<\/div>\n\t\t\t\t<\/div>\n\t\t\t\t<div class=\"elementor-element elementor-element-b19ac14 elementor-widget elementor-widget-text-editor\" data-id=\"b19ac14\" data-element_type=\"widget\" data-widget_type=\"text-editor.default\">\n\t\t\t\t<div class=\"elementor-widget-container\">\n\t\t\t\t\t\t\t\t<div class=\"elementor-text-editor elementor-clearfix\">\n\t\t\t\t<p>Willkommen bei Androchem Laboratories. Die Mission unseres Unternehmens ist es, Menschen auf der ganzen Welt zu helfen, ihre Gesundheit zu st\u00e4rken, ihre sportliche Leistung zu steigern und ihre Ziele zu erreichen. So verwendet unser pharmazeutisches Unternehmen in seiner T\u00e4tigkeit nur innovative L\u00f6sungen, mit f\u00fchrenden Forschungszentren in der Welt, durch die Herstellung von Produkten von au\u00dfergew\u00f6hnlicher Qualit\u00e4t. Wenn Sie sich fragen, warum Sie Androchem-Produkte kaufen sollten, dann finden Sie hier etwas, das Ihnen helfen wird, zu wissen, dass Sie die bestm\u00f6gliche Entscheidung treffen. Zun\u00e4chst einmal wollen Sie sicher sein, dass Sie Produkte erhalten, die wirksam und sicher f\u00fcr Sie sind. Bei Androchem Laboratories k\u00f6nnen Sie sich darauf verlassen, dass Sie genau das und noch viel mehr bekommen.<\/p>\t\t\t\t\t<\/div>\n\t\t\t\t\t\t<\/div>\n\t\t\t\t<\/div>\n\t\t\t\t\t\t<\/div>\n\t\t\t\t\t<\/div>\n\t\t<\/div>\n\t\t\t\t<div class=\"elementor-column elementor-col-50 elementor-top-column elementor-element elementor-element-bb80540\" data-id=\"bb80540\" data-element_type=\"column\">\n\t\t\t<div class=\"elementor-column-wrap elementor-element-populated\">\n\t\t\t\t\t\t\t<div class=\"elementor-widget-wrap\">\n\t\t\t\t\t\t<div class=\"elementor-element elementor-element-972e683 elementor-widget elementor-widget-image\" data-id=\"972e683\" data-element_type=\"widget\" data-widget_type=\"image.default\">\n\t\t\t\t<div class=\"elementor-widget-container\">\n\t\t\t\t\t\t\t\t<div class=\"elementor-image\">\n\t\t\t\t\t\t\t\t\t\t\t\t<img decoding=\"async\" src=\"https:\/\/androchem-laboratories.com\/wp-content\/uploads\/2022\/03\/lab.jpg\" title=\"Labor\" alt=\"lab\" \/>\t\t\t\t\t\t\t\t\t\t\t\t\t\t<\/div>\n\t\t\t\t\t\t<\/div>\n\t\t\t\t<\/div>\n\t\t\t\t\t\t<\/div>\n\t\t\t\t\t<\/div>\n\t\t<\/div>\n\t\t\t\t\t\t\t\t<\/div>\n\t\t\t\t\t<\/div>\n\t\t<\/section>\n\t\t\t\t<section class=\"elementor-section elementor-top-section elementor-element elementor-element-1edfdf2 elementor-reverse-mobile elementor-section-boxed elementor-section-height-default elementor-section-height-default\" data-id=\"1edfdf2\" data-element_type=\"section\" data-settings=\"{&quot;background_background&quot;:&quot;classic&quot;}\">\n\t\t\t\t\t\t<div class=\"elementor-container elementor-column-gap-default\">\n\t\t\t\t\t\t\t<div class=\"elementor-row\">\n\t\t\t\t\t<div class=\"elementor-column elementor-col-50 elementor-top-column elementor-element elementor-element-0ce841c\" data-id=\"0ce841c\" data-element_type=\"column\">\n\t\t\t<div class=\"elementor-column-wrap elementor-element-populated\">\n\t\t\t\t\t\t\t<div class=\"elementor-widget-wrap\">\n\t\t\t\t\t\t<div class=\"elementor-element elementor-element-2b92a25 elementor-widget elementor-widget-image\" data-id=\"2b92a25\" data-element_type=\"widget\" data-widget_type=\"image.default\">\n\t\t\t\t<div class=\"elementor-widget-container\">\n\t\t\t\t\t\t\t\t<div class=\"elementor-image\">\n\t\t\t\t\t\t\t\t\t\t\t\t<img loading=\"lazy\" decoding=\"async\" width=\"912\" height=\"608\" src=\"https:\/\/androchem-laboratories.com\/wp-content\/uploads\/2022\/03\/lab2.jpg\" class=\"attachment-large size-large\" alt=\"\" srcset=\"https:\/\/androchem-laboratories.com\/wp-content\/uploads\/2022\/03\/lab2.jpg 912w, https:\/\/androchem-laboratories.com\/wp-content\/uploads\/2022\/03\/lab2-600x400.jpg 600w, https:\/\/androchem-laboratories.com\/wp-content\/uploads\/2022\/03\/lab2-300x200.jpg 300w, https:\/\/androchem-laboratories.com\/wp-content\/uploads\/2022\/03\/lab2-768x512.jpg 768w\" sizes=\"auto, (max-width: 912px) 100vw, 912px\" \/>\t\t\t\t\t\t\t\t\t\t\t\t\t\t<\/div>\n\t\t\t\t\t\t<\/div>\n\t\t\t\t<\/div>\n\t\t\t\t\t\t<\/div>\n\t\t\t\t\t<\/div>\n\t\t<\/div>\n\t\t\t\t<div class=\"elementor-column elementor-col-50 elementor-top-column elementor-element elementor-element-333eb95\" data-id=\"333eb95\" data-element_type=\"column\" data-settings=\"{&quot;background_background&quot;:&quot;classic&quot;}\">\n\t\t\t<div class=\"elementor-column-wrap elementor-element-populated\">\n\t\t\t\t\t\t\t<div class=\"elementor-widget-wrap\">\n\t\t\t\t\t\t<div class=\"elementor-element elementor-element-a0972cd elementor-widget elementor-widget-heading\" data-id=\"a0972cd\" data-element_type=\"widget\" data-widget_type=\"heading.default\">\n\t\t\t\t<div class=\"elementor-widget-container\">\n\t\t\t<h2 class=\"elementor-heading-title elementor-size-default\">Sicher und wirksam<\/h2>\t\t<\/div>\n\t\t\t\t<\/div>\n\t\t\t\t<div class=\"elementor-element elementor-element-051f1ff elementor-widget elementor-widget-text-editor\" data-id=\"051f1ff\" data-element_type=\"widget\" data-widget_type=\"text-editor.default\">\n\t\t\t\t<div class=\"elementor-widget-container\">\n\t\t\t\t\t\t\t\t<div class=\"elementor-text-editor elementor-clearfix\">\n\t\t\t\t<p>Wenn Sie andere Marken kaufen, k\u00f6nnen Sie nicht sicher sein, ob das, was Sie einnehmen, auch sicher und wirksam ist. Wenn Sie Androchem kaufen, werden Sie sich immer darauf verlassen k\u00f6nnen, dass das, was Sie einnehmen, f\u00fcr Sie sicher ist. Androchem Laboratories hat ein strenges Pr\u00fcfverfahren, das ihre Produkte durchlaufen, bevor sie auf den Markt gebracht werden. Dadurch wird sichergestellt, dass die Medikamente und Nahrungserg\u00e4nzungsmittel denjenigen, die sie einnehmen, keinen Schaden zuf\u00fcgen. Au\u00dferdem sind ihre Produkte \u00e4u\u00dferst wirksam. Sie k\u00f6nnen mehr \u00fcber jedes ihrer Produkte erfahren und wie Sie von ihnen profitieren k\u00f6nnen. So k\u00f6nnen Sie die Produkte ausw\u00e4hlen, die am besten zu Ihrem K\u00f6rper passen und Ihnen helfen, Ihr Ziel zu erreichen.<\/p>\t\t\t\t\t<\/div>\n\t\t\t\t\t\t<\/div>\n\t\t\t\t<\/div>\n\t\t\t\t\t\t<\/div>\n\t\t\t\t\t<\/div>\n\t\t<\/div>\n\t\t\t\t\t\t\t\t<\/div>\n\t\t\t\t\t<\/div>\n\t\t<\/section>\n\t\t\t\t<section class=\"elementor-section elementor-top-section elementor-element elementor-element-1971014 elementor-section-boxed elementor-section-height-default elementor-section-height-default\" data-id=\"1971014\" data-element_type=\"section\" data-settings=\"{&quot;background_background&quot;:&quot;classic&quot;}\">\n\t\t\t\t\t\t<div class=\"elementor-container elementor-column-gap-default\">\n\t\t\t\t\t\t\t<div class=\"elementor-row\">\n\t\t\t\t\t<div class=\"elementor-column elementor-col-50 elementor-top-column elementor-element elementor-element-779f458\" data-id=\"779f458\" data-element_type=\"column\" data-settings=\"{&quot;background_background&quot;:&quot;classic&quot;}\">\n\t\t\t<div class=\"elementor-column-wrap elementor-element-populated\">\n\t\t\t\t\t\t\t<div class=\"elementor-widget-wrap\">\n\t\t\t\t\t\t<div class=\"elementor-element elementor-element-b93a5df elementor-widget elementor-widget-heading\" data-id=\"b93a5df\" data-element_type=\"widget\" data-widget_type=\"heading.default\">\n\t\t\t\t<div class=\"elementor-widget-container\">\n\t\t\t<h2 class=\"elementor-heading-title elementor-size-default\">Qualit\u00e4tskontrolle<\/h2>\t\t<\/div>\n\t\t\t\t<\/div>\n\t\t\t\t<div class=\"elementor-element elementor-element-fffbbec elementor-widget elementor-widget-text-editor\" data-id=\"fffbbec\" data-element_type=\"widget\" data-widget_type=\"text-editor.default\">\n\t\t\t\t<div class=\"elementor-widget-container\">\n\t\t\t\t\t\t\t\t<div class=\"elementor-text-editor elementor-clearfix\">\n\t\t\t\t<p>Unsere Produktionsanlagen erf\u00fcllen alle beh\u00f6rdlichen Anforderungen an ein sicheres Umfeld, die Produktion, das Qualit\u00e4tsmanagement und die Sterilit\u00e4t, um sicherzustellen, dass die Qualit\u00e4t nicht beeintr\u00e4chtigt wird. Alle verwendeten Inhaltsstoffe werden verantwortungsbewusst von unseren vertrauensw\u00fcrdigen Partnern in Gro\u00dfbritannien bezogen und regelm\u00e4\u00dfig auf ihren Gehalt und ihre Reinheit gepr\u00fcft. Jedes unserer Produkte ist mit einem einzigartigen holografischen Etikett versehen, das nicht gef\u00e4lscht werden kann und leicht zu erkennen ist. Alle unsere Tabletten sind mit f\u00e4lschungssicheren Siegeln versehen und werden nur \u00fcber vertrauensw\u00fcrdige Partner verkauft, die direkt bei uns in der EU einkaufen.<\/p><p style=\"margin-bottom: 0pt; line-height: 100%;\">\u00a0<\/p>\t\t\t\t\t<\/div>\n\t\t\t\t\t\t<\/div>\n\t\t\t\t<\/div>\n\t\t\t\t\t\t<\/div>\n\t\t\t\t\t<\/div>\n\t\t<\/div>\n\t\t\t\t<div class=\"elementor-column elementor-col-50 elementor-top-column elementor-element elementor-element-4c0c367\" data-id=\"4c0c367\" data-element_type=\"column\">\n\t\t\t<div class=\"elementor-column-wrap elementor-element-populated\">\n\t\t\t\t\t\t\t<div class=\"elementor-widget-wrap\">\n\t\t\t\t\t\t<div class=\"elementor-element elementor-element-ed9ff3d elementor-widget elementor-widget-image\" data-id=\"ed9ff3d\" data-element_type=\"widget\" data-widget_type=\"image.default\">\n\t\t\t\t<div class=\"elementor-widget-container\">\n\t\t\t\t\t\t\t\t<div class=\"elementor-image\">\n\t\t\t\t\t\t\t\t\t\t\t\t<img loading=\"lazy\" decoding=\"async\" width=\"912\" height=\"608\" src=\"https:\/\/androchem-laboratories.com\/wp-content\/uploads\/2022\/03\/lab3.jpg\" class=\"attachment-large size-large\" alt=\"\" srcset=\"https:\/\/androchem-laboratories.com\/wp-content\/uploads\/2022\/03\/lab3.jpg 912w, https:\/\/androchem-laboratories.com\/wp-content\/uploads\/2022\/03\/lab3-600x400.jpg 600w, https:\/\/androchem-laboratories.com\/wp-content\/uploads\/2022\/03\/lab3-300x200.jpg 300w, https:\/\/androchem-laboratories.com\/wp-content\/uploads\/2022\/03\/lab3-768x512.jpg 768w\" sizes=\"auto, (max-width: 912px) 100vw, 912px\" \/>\t\t\t\t\t\t\t\t\t\t\t\t\t\t<\/div>\n\t\t\t\t\t\t<\/div>\n\t\t\t\t<\/div>\n\t\t\t\t\t\t<\/div>\n\t\t\t\t\t<\/div>\n\t\t<\/div>\n\t\t\t\t\t\t\t\t<\/div>\n\t\t\t\t\t<\/div>\n\t\t<\/section>\n\t\t\t\t\t\t<\/div>\n\t\t\t\t\t\t<\/div>\n\t\t\t\t\t<\/div>","protected":false},"excerpt":{"rendered":"<p>Unsere MISSION Willkommen bei Androchem Laboratories. Die Mission unseres Unternehmens ist es, Menschen auf der ganzen Welt zu helfen, ihre Gesundheit zu st\u00e4rken, ihre sportliche Leistung zu steigern und ihre Ziele zu erreichen. So verwendet unser pharmazeutisches Unternehmen in seiner T\u00e4tigkeit nur innovative L\u00f6sungen, mit f\u00fchrenden Forschungszentren in der Welt, durch die Herstellung von Produkten von au\u00dfergew\u00f6hnlicher Qualit\u00e4t. Wenn Sie sich fragen, warum Sie Androchem-Produkte kaufen sollten, dann finden Sie hier etwas, das Ihnen helfen wird, zu wissen, dass Sie die bestm\u00f6gliche Entscheidung treffen. Zun\u00e4chst einmal wollen Sie sicher sein, dass Sie Produkte erhalten, die wirksam sind und die...<\/p>","protected":false},"author":1,"featured_media":0,"parent":0,"menu_order":0,"comment_status":"closed","ping_status":"closed","template":"","meta":{"footnotes":""},"class_list":["post-141","page","type-page","status-publish","hentry"],"blocksy_meta":{"styles_descriptor":{"styles":{"desktop":"","tablet":"","mobile":""},"google_fonts":[],"version":4}},"_links":{"self":[{"href":"https:\/\/androchem-laboratories.com\/de\/wp-json\/wp\/v2\/pages\/141","targetHints":{"allow":["GET"]}}],"collection":[{"href":"https:\/\/androchem-laboratories.com\/de\/wp-json\/wp\/v2\/pages"}],"about":[{"href":"https:\/\/androchem-laboratories.com\/de\/wp-json\/wp\/v2\/types\/page"}],"author":[{"embeddable":true,"href":"https:\/\/androchem-laboratories.com\/de\/wp-json\/wp\/v2\/users\/1"}],"replies":[{"embeddable":true,"href":"https:\/\/androchem-laboratories.com\/de\/wp-json\/wp\/v2\/comments?post=141"}],"version-history":[{"count":89,"href":"https:\/\/androchem-laboratories.com\/de\/wp-json\/wp\/v2\/pages\/141\/revisions"}],"predecessor-version":[{"id":1227,"href":"https:\/\/androchem-laboratories.com\/de\/wp-json\/wp\/v2\/pages\/141\/revisions\/1227"}],"wp:attachment":[{"href":"https:\/\/androchem-laboratories.com\/de\/wp-json\/wp\/v2\/media?parent=141"}],"curies":[{"name":"wp","href":"https:\/\/api.w.org\/{rel}","templated":true}]}}