{"id":1137,"date":"2022-05-31T12:14:02","date_gmt":"2022-05-31T11:14:02","guid":{"rendered":"https:\/\/androchem-laboratories.com\/?page_id=1137"},"modified":"2024-11-10T11:35:59","modified_gmt":"2024-11-10T10:35:59","slug":"elementor-1137","status":"publish","type":"page","link":"https:\/\/androchem-laboratories.com\/de\/elementor-1137\/","title":{"rendered":"Nachrichten"},"content":{"rendered":"<div data-elementor-type=\"wp-page\" data-elementor-id=\"1137\" class=\"elementor elementor-1137\" data-elementor-settings=\"[]\">\n\t\t\t\t\t\t<div class=\"elementor-inner\">\n\t\t\t\t\t\t\t<div class=\"elementor-section-wrap\">\n\t\t\t\t\t\t\t<section class=\"elementor-section elementor-top-section elementor-element elementor-element-34ac936 elementor-section-boxed elementor-section-height-default elementor-section-height-default\" data-id=\"34ac936\" data-element_type=\"section\">\n\t\t\t\t\t\t<div class=\"elementor-container elementor-column-gap-default\">\n\t\t\t\t\t\t\t<div class=\"elementor-row\">\n\t\t\t\t\t<div class=\"elementor-column elementor-col-100 elementor-top-column elementor-element elementor-element-45ec0be\" data-id=\"45ec0be\" data-element_type=\"column\">\n\t\t\t<div class=\"elementor-column-wrap elementor-element-populated\">\n\t\t\t\t\t\t\t<div class=\"elementor-widget-wrap\">\n\t\t\t\t\t\t<div class=\"elementor-element elementor-element-e78282d elementor-widget elementor-widget-heading\" data-id=\"e78282d\" data-element_type=\"widget\" data-widget_type=\"heading.default\">\n\t\t\t\t<div class=\"elementor-widget-container\">\n\t\t\t<h2 class=\"elementor-heading-title elementor-size-default\">Wir bleiben robust und widerstandsf\u00e4hig.<\/h2>\t\t<\/div>\n\t\t\t\t<\/div>\n\t\t\t\t\t\t<\/div>\n\t\t\t\t\t<\/div>\n\t\t<\/div>\n\t\t\t\t\t\t\t\t<\/div>\n\t\t\t\t\t<\/div>\n\t\t<\/section>\n\t\t\t\t<section class=\"elementor-section elementor-top-section elementor-element elementor-element-076d621 elementor-section-boxed elementor-section-height-default elementor-section-height-default\" data-id=\"076d621\" data-element_type=\"section\">\n\t\t\t\t\t\t<div class=\"elementor-container elementor-column-gap-default\">\n\t\t\t\t\t\t\t<div class=\"elementor-row\">\n\t\t\t\t\t<div class=\"elementor-column elementor-col-100 elementor-top-column elementor-element elementor-element-e8c435e\" data-id=\"e8c435e\" data-element_type=\"column\">\n\t\t\t<div class=\"elementor-column-wrap elementor-element-populated\">\n\t\t\t\t\t\t\t<div class=\"elementor-widget-wrap\">\n\t\t\t\t\t\t<div class=\"elementor-element elementor-element-91023fd elementor-widget elementor-widget-text-editor\" data-id=\"91023fd\" data-element_type=\"widget\" data-widget_type=\"text-editor.default\">\n\t\t\t\t<div class=\"elementor-widget-container\">\n\t\t\t\t\t\t\t\t<div class=\"elementor-text-editor elementor-clearfix\">\n\t\t\t\t<p>Sehr geehrte Kunden,<\/p><p>Unser Unternehmen ist bestrebt, bei all unseren T\u00e4tigkeiten die h\u00f6chsten Standards an Professionalit\u00e4t und Integrit\u00e4t einzuhalten. Wir sind bestrebt, Ihnen die saubersten, schmerzfreien Produkte zu liefern, die alle in einer Umgebung mit pharmazeutischer Qualit\u00e4t hergestellt werden.<\/p><p>In letzter Zeit sind wir auf irref\u00fchrende Behauptungen bestimmter Marken aufmerksam geworden, die suggerieren, dass wir dauerhaft vom Markt verschwunden sind und dass ihre Produkte unsere ersetzt haben. Wir m\u00f6chten Ihnen versichern, dass diese Behauptungen falsch sind. Wir werden weiterhin die Qualit\u00e4t liefern, die Sie erwarten und verdienen.<\/p><p>Bitte ignorieren Sie alle Ger\u00fcchte und stehen Sie uns weiterhin zur Seite, wenn wir gemeinsam vorankommen.<\/p><p>Wir danken Ihnen f\u00fcr Ihre Unterst\u00fctzung.<\/p>\t\t\t\t\t<\/div>\n\t\t\t\t\t\t<\/div>\n\t\t\t\t<\/div>\n\t\t\t\t\t\t<\/div>\n\t\t\t\t\t<\/div>\n\t\t<\/div>\n\t\t\t\t\t\t\t\t<\/div>\n\t\t\t\t\t<\/div>\n\t\t<\/section>\n\t\t\t\t\t\t<\/div>\n\t\t\t\t\t\t<\/div>\n\t\t\t\t\t<\/div>","protected":false},"excerpt":{"rendered":"<p>Wir bleiben robust und widerstandsf\u00e4hig. Sehr geehrte Kundinnen und Kunden, unser Unternehmen ist bestrebt, die h\u00f6chsten Standards an Professionalit\u00e4t und Integrit\u00e4t in all unseren T\u00e4tigkeiten einzuhalten. Wir sind bestrebt, Ihnen die saubersten, schmerzfreien Produkte anzubieten, die alle in einer Umgebung mit pharmazeutischer Qualit\u00e4t hergestellt werden. In letzter Zeit sind wir auf irref\u00fchrende Behauptungen bestimmter Marken aufmerksam geworden, die suggerieren, dass wir dauerhaft vom Markt verschwunden sind und dass ihre Produkte unsere ersetzt haben. Wir m\u00f6chten Ihnen versichern, dass diese Behauptungen falsch sind. Wir werden weiterhin die Qualit\u00e4t liefern, die Sie erwarten und verdienen. Bitte ignorieren Sie alle Ger\u00fcchte und unterst\u00fctzen Sie uns weiterhin in unserem...<\/p>","protected":false},"author":1,"featured_media":0,"parent":0,"menu_order":0,"comment_status":"closed","ping_status":"closed","template":"","meta":{"footnotes":""},"class_list":["post-1137","page","type-page","status-publish","hentry"],"blocksy_meta":{"styles_descriptor":{"styles":{"desktop":"","tablet":"","mobile":""},"google_fonts":[],"version":4}},"_links":{"self":[{"href":"https:\/\/androchem-laboratories.com\/de\/wp-json\/wp\/v2\/pages\/1137","targetHints":{"allow":["GET"]}}],"collection":[{"href":"https:\/\/androchem-laboratories.com\/de\/wp-json\/wp\/v2\/pages"}],"about":[{"href":"https:\/\/androchem-laboratories.com\/de\/wp-json\/wp\/v2\/types\/page"}],"author":[{"embeddable":true,"href":"https:\/\/androchem-laboratories.com\/de\/wp-json\/wp\/v2\/users\/1"}],"replies":[{"embeddable":true,"href":"https:\/\/androchem-laboratories.com\/de\/wp-json\/wp\/v2\/comments?post=1137"}],"version-history":[{"count":28,"href":"https:\/\/androchem-laboratories.com\/de\/wp-json\/wp\/v2\/pages\/1137\/revisions"}],"predecessor-version":[{"id":1265,"href":"https:\/\/androchem-laboratories.com\/de\/wp-json\/wp\/v2\/pages\/1137\/revisions\/1265"}],"wp:attachment":[{"href":"https:\/\/androchem-laboratories.com\/de\/wp-json\/wp\/v2\/media?parent=1137"}],"curies":[{"name":"wp","href":"https:\/\/api.w.org\/{rel}","templated":true}]}}